{"id":9474,"date":"2024-05-05T16:54:47","date_gmt":"2024-05-05T20:54:47","guid":{"rendered":"https:\/\/lumierenoire.art\/?page_id=9474"},"modified":"2024-05-14T13:59:38","modified_gmt":"2024-05-14T17:59:38","slug":"livre-interfrequences-phase-1","status":"publish","type":"page","link":"https:\/\/lumierenoire.art\/en\/livre-interfrequences-phase-1\/","title":{"rendered":"Livre Interfr\u00e9quences Phase 1"},"content":{"rendered":"\t\t<div data-elementor-type=\"wp-page\" data-elementor-id=\"9474\" class=\"elementor elementor-9474\">\n\t\t\t\t\t\t<section class=\"elementor-section elementor-top-section elementor-element elementor-element-1f694e9 elementor-section-boxed elementor-section-height-default elementor-section-height-default\" data-id=\"1f694e9\" data-element_type=\"section\">\n\t\t\t\t\t\t<div class=\"elementor-container elementor-column-gap-default\">\n\t\t\t\t\t<div class=\"elementor-column elementor-col-100 elementor-top-column elementor-element elementor-element-2d1b6cf\" data-id=\"2d1b6cf\" data-element_type=\"column\">\n\t\t\t<div class=\"elementor-widget-wrap elementor-element-populated\">\n\t\t\t\t\t\t<div class=\"elementor-element elementor-element-b19a5cc elementor-widget elementor-widget-text-editor\" data-id=\"b19a5cc\" data-element_type=\"widget\" data-widget_type=\"text-editor.default\">\n\t\t\t\t<div class=\"elementor-widget-container\">\n\t\t\t\t\t\t\t\t\t<h2 style=\"text-align: center;\"><b>Interfr\u00e9quences<\/b><\/h2><p style=\"text-align: center;\">Une installation performative et une recherche sur l\u2019image et le mouvement. Elle est constitu\u00e9e de diff\u00e9rentes phases\/fr\u00e9quences qui sont divis\u00e9es selon des tableaux de cr\u00e9ation\/production.<\/p><p style=\"text-align: center;\">Cette \u0153uvre a pour but de questionner notre rapport aux technologies dans la vie de tous les jours, ainsi que l\u2019image de soi pr\u00e9d\u00e9termin\u00e9e par la soci\u00e9t\u00e9.<\/p><pre>Interpr\u00e9tes : Lila Geneix, Silvia Sanchez, Vicky G\u00e9lineau et Alexandra Caron. <br \/>Photographie : Lumi\u00e8re Noire <br \/>\u00c9criture : Lumi\u00e8re Noire et l'\u00e9quipe collaboratrice<br \/>Collage : Alexandra Caron<br \/>Num\u00e9risation : Simon L'Archev\u00eaque<br \/>Mise en page web : William L'Archev\u00eaque<\/pre>\t\t\t\t\t\t\t\t<\/div>\n\t\t\t\t<\/div>\n\t\t\t\t\t<\/div>\n\t\t<\/div>\n\t\t\t\t\t<\/div>\n\t\t<\/section>\n\t\t\t\t<section class=\"elementor-section elementor-top-section elementor-element elementor-element-14f966f elementor-section-full_width elementor-section-stretched elementor-section-height-default elementor-section-height-default\" data-id=\"14f966f\" data-element_type=\"section\" data-settings=\"{&quot;stretch_section&quot;:&quot;section-stretched&quot;}\">\n\t\t\t\t\t\t<div class=\"elementor-container elementor-column-gap-default\">\n\t\t\t\t\t<div class=\"elementor-column elementor-col-100 elementor-top-column elementor-element elementor-element-d1a001a\" data-id=\"d1a001a\" data-element_type=\"column\">\n\t\t\t<div class=\"elementor-widget-wrap elementor-element-populated\">\n\t\t\t\t\t\t<div class=\"elementor-element elementor-element-7efa329 elementor-widget elementor-widget-text-editor\" data-id=\"7efa329\" data-element_type=\"widget\" data-widget_type=\"text-editor.default\">\n\t\t\t\t<div class=\"elementor-widget-container\">\n\t\t\t\t\t\t\t\t\t<div class=\"_df_book df-lite\" id=\"df_9475\"  _slug=\"9475\" data-title=\"inter-frequence-livre\" wpoptions=\"true\" thumb=\"https:\/\/lumierenoire.art\/wp-content\/uploads\/2020\/03\/1_interfrequences_phase_2.jpg\" thumbtype=\"\" ><\/div><script class=\"df-shortcode-script\" nowprocket type=\"application\/javascript\">window.option_df_9475 = {\"webgl\":\"false\",\"outline\":[],\"autoEnableOutline\":\"false\",\"autoEnableThumbnail\":\"false\",\"overwritePDFOutline\":\"false\",\"direction\":\"1\",\"pageSize\":\"0\",\"source\":\"https:\\\/\\\/lumierenoire.art\\\/wp-content\\\/uploads\\\/2024\\\/05\\\/montage-tanya-v3-pages-simple-bleed_compressed.pdf\",\"wpOptions\":\"true\"}; if(window.DFLIP && window.DFLIP.parseBooks){window.DFLIP.parseBooks();}<\/script>\t\t\t\t\t\t\t\t<\/div>\n\t\t\t\t<\/div>\n\t\t\t\t\t<\/div>\n\t\t<\/div>\n\t\t\t\t\t<\/div>\n\t\t<\/section>\n\t\t\t\t<\/div>\n\t\t","protected":false},"excerpt":{"rendered":"<p>Interfr\u00e9quences Une installation performative et une recherche sur l\u2019image et le mouvement. Elle est constitu\u00e9e de diff\u00e9rentes phases\/fr\u00e9quences qui sont divis\u00e9es selon des tableaux de cr\u00e9ation\/production. Cette \u0153uvre a pour but de questionner notre rapport aux technologies dans la vie de tous les jours, ainsi que l\u2019image de soi pr\u00e9d\u00e9termin\u00e9e&#8230;<\/p>\n","protected":false},"author":3,"featured_media":1814,"parent":0,"menu_order":0,"comment_status":"closed","ping_status":"closed","template":"","meta":{"_acf_changed":false,"footnotes":""},"class_list":["post-9474","page","type-page","status-publish","has-post-thumbnail","hentry"],"acf":[],"yoast_head":"<!-- This site is optimized with the Yoast SEO plugin v25.4 - https:\/\/yoast.com\/wordpress\/plugins\/seo\/ -->\n<title>Livre Interfr\u00e9quences Phase 1 &#8211; Lumi\u00e8re Noire<\/title>\n<meta name=\"description\" content=\"Voici le livre regroupant les images du projet Interfr\u00e9quences de Lumi\u00e8re Noire. Une production illustr\u00e9 d&#039;un univers sous forme de zines et de collages.\" \/>\n<meta name=\"robots\" content=\"index, follow, max-snippet:-1, max-image-preview:large, max-video-preview:-1\" \/>\n<link rel=\"canonical\" href=\"https:\/\/lumierenoire.art\/en\/livre-interfrequences-phase-1\/\" \/>\n<meta property=\"og:locale\" content=\"en_US\" \/>\n<meta property=\"og:type\" content=\"article\" \/>\n<meta property=\"og:title\" content=\"Livre Interfr\u00e9quences Phase 1 &#8211; Lumi\u00e8re Noire\" \/>\n<meta property=\"og:description\" content=\"Voici le livre regroupant les images du projet Interfr\u00e9quences de Lumi\u00e8re Noire. Une production illustr\u00e9 d&#039;un univers sous forme de zines et de collages.\" \/>\n<meta property=\"og:url\" content=\"https:\/\/lumierenoire.art\/en\/livre-interfrequences-phase-1\/\" \/>\n<meta property=\"og:site_name\" content=\"Lumi\u00e8re Noire\" \/>\n<meta property=\"article:publisher\" content=\"https:\/\/www.facebook.com\/lumierenoire.art\" \/>\n<meta property=\"article:modified_time\" content=\"2024-05-14T17:59:38+00:00\" \/>\n<meta property=\"og:image\" content=\"https:\/\/lumierenoire.art\/wp-content\/uploads\/2020\/02\/23_frequences1-5.jpg\" \/>\n\t<meta property=\"og:image:width\" content=\"1620\" \/>\n\t<meta property=\"og:image:height\" content=\"1080\" \/>\n\t<meta property=\"og:image:type\" content=\"image\/jpeg\" \/>\n<meta name=\"twitter:card\" content=\"summary_large_image\" \/>\n<meta name=\"twitter:label1\" content=\"Est. reading time\" \/>\n\t<meta name=\"twitter:data1\" content=\"1 minute\" \/>\n<script type=\"application\/ld+json\" class=\"yoast-schema-graph\">{\"@context\":\"https:\/\/schema.org\",\"@graph\":[{\"@type\":\"WebPage\",\"@id\":\"https:\/\/lumierenoire.art\/en\/livre-interfrequences-phase-1\/\",\"url\":\"https:\/\/lumierenoire.art\/en\/livre-interfrequences-phase-1\/\",\"name\":\"Livre Interfr\u00e9quences Phase 1 &#8211; Lumi\u00e8re Noire\",\"isPartOf\":{\"@id\":\"https:\/\/lumierenoire.art\/en\/#website\"},\"primaryImageOfPage\":{\"@id\":\"https:\/\/lumierenoire.art\/en\/livre-interfrequences-phase-1\/#primaryimage\"},\"image\":{\"@id\":\"https:\/\/lumierenoire.art\/en\/livre-interfrequences-phase-1\/#primaryimage\"},\"thumbnailUrl\":\"https:\/\/lumierenoire.art\/wp-content\/uploads\/2020\/02\/23_frequences1-5.jpg\",\"datePublished\":\"2024-05-05T20:54:47+00:00\",\"dateModified\":\"2024-05-14T17:59:38+00:00\",\"description\":\"Voici le livre regroupant les images du projet Interfr\u00e9quences de Lumi\u00e8re Noire. Une production illustr\u00e9 d'un univers sous forme de zines et de collages.\",\"breadcrumb\":{\"@id\":\"https:\/\/lumierenoire.art\/en\/livre-interfrequences-phase-1\/#breadcrumb\"},\"inLanguage\":\"en-US\",\"potentialAction\":[{\"@type\":\"ReadAction\",\"target\":[\"https:\/\/lumierenoire.art\/en\/livre-interfrequences-phase-1\/\"]}]},{\"@type\":\"ImageObject\",\"inLanguage\":\"en-US\",\"@id\":\"https:\/\/lumierenoire.art\/en\/livre-interfrequences-phase-1\/#primaryimage\",\"url\":\"https:\/\/lumierenoire.art\/wp-content\/uploads\/2020\/02\/23_frequences1-5.jpg\",\"contentUrl\":\"https:\/\/lumierenoire.art\/wp-content\/uploads\/2020\/02\/23_frequences1-5.jpg\",\"width\":1620,\"height\":1080},{\"@type\":\"BreadcrumbList\",\"@id\":\"https:\/\/lumierenoire.art\/en\/livre-interfrequences-phase-1\/#breadcrumb\",\"itemListElement\":[{\"@type\":\"ListItem\",\"position\":1,\"name\":\"Accueil\",\"item\":\"https:\/\/lumierenoire.art\/en\/\"},{\"@type\":\"ListItem\",\"position\":2,\"name\":\"Livre Interfr\u00e9quences Phase 1\"}]},{\"@type\":\"WebSite\",\"@id\":\"https:\/\/lumierenoire.art\/en\/#website\",\"url\":\"https:\/\/lumierenoire.art\/en\/\",\"name\":\"Lumi\u00e8re Noire\",\"description\":\"\",\"publisher\":{\"@id\":\"https:\/\/lumierenoire.art\/en\/#\/schema\/person\/56d3556e99074dc55833ced2c59631ad\"},\"potentialAction\":[{\"@type\":\"SearchAction\",\"target\":{\"@type\":\"EntryPoint\",\"urlTemplate\":\"https:\/\/lumierenoire.art\/en\/?s={search_term_string}\"},\"query-input\":{\"@type\":\"PropertyValueSpecification\",\"valueRequired\":true,\"valueName\":\"search_term_string\"}}],\"inLanguage\":\"en-US\"},{\"@type\":[\"Person\",\"Organization\"],\"@id\":\"https:\/\/lumierenoire.art\/en\/#\/schema\/person\/56d3556e99074dc55833ced2c59631ad\",\"name\":\"Tanya Dolbec\",\"image\":{\"@type\":\"ImageObject\",\"inLanguage\":\"en-US\",\"@id\":\"https:\/\/lumierenoire.art\/en\/#\/schema\/person\/image\/\",\"url\":\"https:\/\/lumierenoire.art\/wp-content\/uploads\/2020\/01\/logo_light.png\",\"contentUrl\":\"https:\/\/lumierenoire.art\/wp-content\/uploads\/2020\/01\/logo_light.png\",\"width\":227,\"height\":60,\"caption\":\"Tanya Dolbec\"},\"logo\":{\"@id\":\"https:\/\/lumierenoire.art\/en\/#\/schema\/person\/image\/\"},\"sameAs\":[\"https:\/\/lumierenoire.art\",\"https:\/\/www.facebook.com\/lumierenoire.art\",\"https:\/\/www.instagram.com\/tanyadolbec\/\"]}]}<\/script>\n<!-- \/ Yoast SEO plugin. -->","yoast_head_json":{"title":"Livre Interfr\u00e9quences Phase 1 &#8211; Lumi\u00e8re Noire","description":"Voici le livre regroupant les images du projet Interfr\u00e9quences de Lumi\u00e8re Noire. Une production illustr\u00e9 d'un univers sous forme de zines et de collages.","robots":{"index":"index","follow":"follow","max-snippet":"max-snippet:-1","max-image-preview":"max-image-preview:large","max-video-preview":"max-video-preview:-1"},"canonical":"https:\/\/lumierenoire.art\/en\/livre-interfrequences-phase-1\/","og_locale":"en_US","og_type":"article","og_title":"Livre Interfr\u00e9quences Phase 1 &#8211; Lumi\u00e8re Noire","og_description":"Voici le livre regroupant les images du projet Interfr\u00e9quences de Lumi\u00e8re Noire. Une production illustr\u00e9 d'un univers sous forme de zines et de collages.","og_url":"https:\/\/lumierenoire.art\/en\/livre-interfrequences-phase-1\/","og_site_name":"Lumi\u00e8re Noire","article_publisher":"https:\/\/www.facebook.com\/lumierenoire.art","article_modified_time":"2024-05-14T17:59:38+00:00","og_image":[{"width":1620,"height":1080,"url":"https:\/\/lumierenoire.art\/wp-content\/uploads\/2020\/02\/23_frequences1-5.jpg","type":"image\/jpeg"}],"twitter_card":"summary_large_image","twitter_misc":{"Est. reading time":"1 minute"},"schema":{"@context":"https:\/\/schema.org","@graph":[{"@type":"WebPage","@id":"https:\/\/lumierenoire.art\/en\/livre-interfrequences-phase-1\/","url":"https:\/\/lumierenoire.art\/en\/livre-interfrequences-phase-1\/","name":"Livre Interfr\u00e9quences Phase 1 &#8211; Lumi\u00e8re Noire","isPartOf":{"@id":"https:\/\/lumierenoire.art\/en\/#website"},"primaryImageOfPage":{"@id":"https:\/\/lumierenoire.art\/en\/livre-interfrequences-phase-1\/#primaryimage"},"image":{"@id":"https:\/\/lumierenoire.art\/en\/livre-interfrequences-phase-1\/#primaryimage"},"thumbnailUrl":"https:\/\/lumierenoire.art\/wp-content\/uploads\/2020\/02\/23_frequences1-5.jpg","datePublished":"2024-05-05T20:54:47+00:00","dateModified":"2024-05-14T17:59:38+00:00","description":"Voici le livre regroupant les images du projet Interfr\u00e9quences de Lumi\u00e8re Noire. Une production illustr\u00e9 d'un univers sous forme de zines et de collages.","breadcrumb":{"@id":"https:\/\/lumierenoire.art\/en\/livre-interfrequences-phase-1\/#breadcrumb"},"inLanguage":"en-US","potentialAction":[{"@type":"ReadAction","target":["https:\/\/lumierenoire.art\/en\/livre-interfrequences-phase-1\/"]}]},{"@type":"ImageObject","inLanguage":"en-US","@id":"https:\/\/lumierenoire.art\/en\/livre-interfrequences-phase-1\/#primaryimage","url":"https:\/\/lumierenoire.art\/wp-content\/uploads\/2020\/02\/23_frequences1-5.jpg","contentUrl":"https:\/\/lumierenoire.art\/wp-content\/uploads\/2020\/02\/23_frequences1-5.jpg","width":1620,"height":1080},{"@type":"BreadcrumbList","@id":"https:\/\/lumierenoire.art\/en\/livre-interfrequences-phase-1\/#breadcrumb","itemListElement":[{"@type":"ListItem","position":1,"name":"Accueil","item":"https:\/\/lumierenoire.art\/en\/"},{"@type":"ListItem","position":2,"name":"Livre Interfr\u00e9quences Phase 1"}]},{"@type":"WebSite","@id":"https:\/\/lumierenoire.art\/en\/#website","url":"https:\/\/lumierenoire.art\/en\/","name":"Lumi\u00e8re Noire","description":"","publisher":{"@id":"https:\/\/lumierenoire.art\/en\/#\/schema\/person\/56d3556e99074dc55833ced2c59631ad"},"potentialAction":[{"@type":"SearchAction","target":{"@type":"EntryPoint","urlTemplate":"https:\/\/lumierenoire.art\/en\/?s={search_term_string}"},"query-input":{"@type":"PropertyValueSpecification","valueRequired":true,"valueName":"search_term_string"}}],"inLanguage":"en-US"},{"@type":["Person","Organization"],"@id":"https:\/\/lumierenoire.art\/en\/#\/schema\/person\/56d3556e99074dc55833ced2c59631ad","name":"Tanya Dolbec","image":{"@type":"ImageObject","inLanguage":"en-US","@id":"https:\/\/lumierenoire.art\/en\/#\/schema\/person\/image\/","url":"https:\/\/lumierenoire.art\/wp-content\/uploads\/2020\/01\/logo_light.png","contentUrl":"https:\/\/lumierenoire.art\/wp-content\/uploads\/2020\/01\/logo_light.png","width":227,"height":60,"caption":"Tanya Dolbec"},"logo":{"@id":"https:\/\/lumierenoire.art\/en\/#\/schema\/person\/image\/"},"sameAs":["https:\/\/lumierenoire.art","https:\/\/www.facebook.com\/lumierenoire.art","https:\/\/www.instagram.com\/tanyadolbec\/"]}]}},"_links":{"self":[{"href":"https:\/\/lumierenoire.art\/en\/wp-json\/wp\/v2\/pages\/9474","targetHints":{"allow":["GET"]}}],"collection":[{"href":"https:\/\/lumierenoire.art\/en\/wp-json\/wp\/v2\/pages"}],"about":[{"href":"https:\/\/lumierenoire.art\/en\/wp-json\/wp\/v2\/types\/page"}],"author":[{"embeddable":true,"href":"https:\/\/lumierenoire.art\/en\/wp-json\/wp\/v2\/users\/3"}],"replies":[{"embeddable":true,"href":"https:\/\/lumierenoire.art\/en\/wp-json\/wp\/v2\/comments?post=9474"}],"version-history":[{"count":0,"href":"https:\/\/lumierenoire.art\/en\/wp-json\/wp\/v2\/pages\/9474\/revisions"}],"wp:featuredmedia":[{"embeddable":true,"href":"https:\/\/lumierenoire.art\/en\/wp-json\/wp\/v2\/media\/1814"}],"wp:attachment":[{"href":"https:\/\/lumierenoire.art\/en\/wp-json\/wp\/v2\/media?parent=9474"}],"curies":[{"name":"wp","href":"https:\/\/api.w.org\/{rel}","templated":true}]}}