{"id":7539,"date":"2022-09-16T15:10:09","date_gmt":"2022-09-16T19:10:09","guid":{"rendered":"https:\/\/lumierenoire.art\/?page_id=7539"},"modified":"2022-09-19T10:40:44","modified_gmt":"2022-09-19T14:40:44","slug":"custom-flower-bouquets","status":"publish","type":"page","link":"https:\/\/lumierenoire.art\/en\/shop\/custom-flower-bouquets\/","title":{"rendered":"Custom Flower Bouquets"},"content":{"rendered":"\t\t<div data-elementor-type=\"wp-page\" data-elementor-id=\"7539\" class=\"elementor elementor-7539 elementor-7513\">\n\t\t\t\t\t\t<section class=\"elementor-section elementor-top-section elementor-element elementor-element-6b124d03 elementor-section-boxed elementor-section-height-default elementor-section-height-default\" data-id=\"6b124d03\" data-element_type=\"section\">\n\t\t\t\t\t\t<div class=\"elementor-container elementor-column-gap-default\">\n\t\t\t\t\t<div class=\"elementor-column elementor-col-100 elementor-top-column elementor-element elementor-element-4cc75427\" data-id=\"4cc75427\" data-element_type=\"column\">\n\t\t\t<div class=\"elementor-widget-wrap elementor-element-populated\">\n\t\t\t\t\t\t<div class=\"elementor-element elementor-element-e8ced23 elementor-widget elementor-widget-heading\" data-id=\"e8ced23\" data-element_type=\"widget\" data-widget_type=\"heading.default\">\n\t\t\t\t<div class=\"elementor-widget-container\">\n\t\t\t\t\t<h2 class=\"elementor-heading-title elementor-size-default\">\u00ab Love is the flower that must be allowed to grow. \u00bb<\/h2>\t\t\t\t<\/div>\n\t\t\t\t<\/div>\n\t\t\t\t<div class=\"elementor-element elementor-element-4a999398 elementor-widget elementor-widget-text-editor\" data-id=\"4a999398\" data-element_type=\"widget\" data-widget_type=\"text-editor.default\">\n\t\t\t\t<div class=\"elementor-widget-container\">\n\t\t\t\t\t\t\t\t\t<p>We provide you with all the elements of choice: color, budget and type of flowers to create your personalized bouquet. Based on your preferences, we create a unique bouquet to give as a gift. We deliver your custom bouquet directly to you or the person of your choice, just as you imagined it.<\/p><p>Delivery is offered within a 15km radius of Verdun, Montreal.<\/p>\t\t\t\t\t\t\t\t<\/div>\n\t\t\t\t<\/div>\n\t\t\t\t<div class=\"elementor-element elementor-element-c5073cd elementor-align-center elementor-widget elementor-widget-button\" data-id=\"c5073cd\" data-element_type=\"widget\" data-widget_type=\"button.default\">\n\t\t\t\t<div class=\"elementor-widget-container\">\n\t\t\t\t\t\t\t\t\t<div class=\"elementor-button-wrapper\">\n\t\t\t\t\t<a class=\"elementor-button elementor-button-link elementor-size-xs\" href=\"https:\/\/lumierenoire.art\/en\/shop\/custom-flower-bouquets\/order-a-personalized-flower-bouquet\/\">\n\t\t\t\t\t\t<span class=\"elementor-button-content-wrapper\">\n\t\t\t\t\t\t\t\t\t<span class=\"elementor-button-text\">Order online now<\/span>\n\t\t\t\t\t<\/span>\n\t\t\t\t\t<\/a>\n\t\t\t\t<\/div>\n\t\t\t\t\t\t\t\t<\/div>\n\t\t\t\t<\/div>\n\t\t\t\t\t<\/div>\n\t\t<\/div>\n\t\t\t\t\t<\/div>\n\t\t<\/section>\n\t\t\t\t<section class=\"elementor-section elementor-top-section elementor-element elementor-element-15ffd70f elementor-section-boxed elementor-section-height-default elementor-section-height-default\" data-id=\"15ffd70f\" data-element_type=\"section\">\n\t\t\t\t\t\t<div class=\"elementor-container elementor-column-gap-default\">\n\t\t\t\t\t<div class=\"elementor-column elementor-col-100 elementor-top-column elementor-element elementor-element-79d33a83\" data-id=\"79d33a83\" data-element_type=\"column\">\n\t\t\t<div class=\"elementor-widget-wrap elementor-element-populated\">\n\t\t\t\t\t\t<div class=\"elementor-element elementor-element-32c1373 elementor-widget elementor-widget-image-gallery\" data-id=\"32c1373\" data-element_type=\"widget\" data-widget_type=\"image-gallery.default\">\n\t\t\t\t<div class=\"elementor-widget-container\">\n\t\t\t\t\t\t\t<div class=\"elementor-image-gallery\">\n\t\t\t<div id='gallery-1' class='gallery galleryid-7539 gallery-columns-4 gallery-size-woocommerce_thumbnail'><figure class='gallery-item'>\n\t\t\t<div class='gallery-icon landscape'>\n\t\t\t\t<a data-elementor-open-lightbox=\"yes\" data-elementor-lightbox-slideshow=\"32c1373\" data-elementor-lightbox-title=\"BOUQUET-SURTABLE-6_resized\" data-e-action-hash=\"#elementor-action%3Aaction%3Dlightbox%26settings%3DeyJpZCI6NzUxOSwidXJsIjoiaHR0cHM6XC9cL2x1bWllcmVub2lyZS5hcnRcL3dwLWNvbnRlbnRcL3VwbG9hZHNcLzIwMjJcLzA5XC9CT1VRVUVULVNVUlRBQkxFLTZfcmVzaXplZC5qcGciLCJzbGlkZXNob3ciOiIzMmMxMzczIn0%3D\" href='https:\/\/lumierenoire.art\/wp-content\/uploads\/2022\/09\/BOUQUET-SURTABLE-6_resized.jpg'><img fetchpriority=\"high\" decoding=\"async\" width=\"400\" height=\"400\" src=\"https:\/\/lumierenoire.art\/wp-content\/uploads\/2022\/09\/BOUQUET-SURTABLE-6_resized-400x400.jpg\" class=\"attachment-woocommerce_thumbnail size-woocommerce_thumbnail\" alt=\"Commande bouquet de fleur personnalis\u00e9 \u00e0 Montr\u00e9al\" srcset=\"https:\/\/lumierenoire.art\/wp-content\/uploads\/2022\/09\/BOUQUET-SURTABLE-6_resized-400x400.jpg 400w, https:\/\/lumierenoire.art\/wp-content\/uploads\/2022\/09\/BOUQUET-SURTABLE-6_resized-250x250.jpg 250w, https:\/\/lumierenoire.art\/wp-content\/uploads\/2022\/09\/BOUQUET-SURTABLE-6_resized-100x100.jpg 100w\" sizes=\"(max-width: 400px) 100vw, 400px\" \/><\/a>\n\t\t\t<\/div><\/figure><figure class='gallery-item'>\n\t\t\t<div class='gallery-icon landscape'>\n\t\t\t\t<a data-elementor-open-lightbox=\"yes\" data-elementor-lightbox-slideshow=\"32c1373\" data-elementor-lightbox-title=\"BOUQUET-SURTABLE-8_resized\" data-e-action-hash=\"#elementor-action%3Aaction%3Dlightbox%26settings%3DeyJpZCI6NzUyMSwidXJsIjoiaHR0cHM6XC9cL2x1bWllcmVub2lyZS5hcnRcL3dwLWNvbnRlbnRcL3VwbG9hZHNcLzIwMjJcLzA5XC9CT1VRVUVULVNVUlRBQkxFLThfcmVzaXplZC5qcGciLCJzbGlkZXNob3ciOiIzMmMxMzczIn0%3D\" href='https:\/\/lumierenoire.art\/wp-content\/uploads\/2022\/09\/BOUQUET-SURTABLE-8_resized.jpg'><img decoding=\"async\" width=\"400\" height=\"400\" src=\"https:\/\/lumierenoire.art\/wp-content\/uploads\/2022\/09\/BOUQUET-SURTABLE-8_resized-400x400.jpg\" class=\"attachment-woocommerce_thumbnail size-woocommerce_thumbnail\" alt=\"Commande bouquet de fleur personnalis\u00e9 \u00e0 Montr\u00e9al\" srcset=\"https:\/\/lumierenoire.art\/wp-content\/uploads\/2022\/09\/BOUQUET-SURTABLE-8_resized-400x400.jpg 400w, https:\/\/lumierenoire.art\/wp-content\/uploads\/2022\/09\/BOUQUET-SURTABLE-8_resized-250x250.jpg 250w, https:\/\/lumierenoire.art\/wp-content\/uploads\/2022\/09\/BOUQUET-SURTABLE-8_resized-100x100.jpg 100w\" sizes=\"(max-width: 400px) 100vw, 400px\" \/><\/a>\n\t\t\t<\/div><\/figure><figure class='gallery-item'>\n\t\t\t<div class='gallery-icon landscape'>\n\t\t\t\t<a data-elementor-open-lightbox=\"yes\" data-elementor-lightbox-slideshow=\"32c1373\" data-elementor-lightbox-title=\"BOUQUET-SURTABLE-9_resized\" data-e-action-hash=\"#elementor-action%3Aaction%3Dlightbox%26settings%3DeyJpZCI6NzUyMywidXJsIjoiaHR0cHM6XC9cL2x1bWllcmVub2lyZS5hcnRcL3dwLWNvbnRlbnRcL3VwbG9hZHNcLzIwMjJcLzA5XC9CT1VRVUVULVNVUlRBQkxFLTlfcmVzaXplZC5qcGciLCJzbGlkZXNob3ciOiIzMmMxMzczIn0%3D\" href='https:\/\/lumierenoire.art\/wp-content\/uploads\/2022\/09\/BOUQUET-SURTABLE-9_resized.jpg'><img decoding=\"async\" width=\"400\" height=\"400\" src=\"https:\/\/lumierenoire.art\/wp-content\/uploads\/2022\/09\/BOUQUET-SURTABLE-9_resized-400x400.jpg\" class=\"attachment-woocommerce_thumbnail size-woocommerce_thumbnail\" alt=\"Commande bouquet de fleur personnalis\u00e9 \u00e0 Montr\u00e9al\" srcset=\"https:\/\/lumierenoire.art\/wp-content\/uploads\/2022\/09\/BOUQUET-SURTABLE-9_resized-400x400.jpg 400w, https:\/\/lumierenoire.art\/wp-content\/uploads\/2022\/09\/BOUQUET-SURTABLE-9_resized-250x250.jpg 250w, https:\/\/lumierenoire.art\/wp-content\/uploads\/2022\/09\/BOUQUET-SURTABLE-9_resized-100x100.jpg 100w\" sizes=\"(max-width: 400px) 100vw, 400px\" \/><\/a>\n\t\t\t<\/div><\/figure><figure class='gallery-item'>\n\t\t\t<div class='gallery-icon portrait'>\n\t\t\t\t<a data-elementor-open-lightbox=\"yes\" data-elementor-lightbox-slideshow=\"32c1373\" data-elementor-lightbox-title=\"BOUQUET-SURTABLE-11_resized\" data-e-action-hash=\"#elementor-action%3Aaction%3Dlightbox%26settings%3DeyJpZCI6NzUyNSwidXJsIjoiaHR0cHM6XC9cL2x1bWllcmVub2lyZS5hcnRcL3dwLWNvbnRlbnRcL3VwbG9hZHNcLzIwMjJcLzA5XC9CT1VRVUVULVNVUlRBQkxFLTExX3Jlc2l6ZWQuanBnIiwic2xpZGVzaG93IjoiMzJjMTM3MyJ9\" href='https:\/\/lumierenoire.art\/wp-content\/uploads\/2022\/09\/BOUQUET-SURTABLE-11_resized.jpg'><img loading=\"lazy\" decoding=\"async\" width=\"400\" height=\"400\" src=\"https:\/\/lumierenoire.art\/wp-content\/uploads\/2022\/09\/BOUQUET-SURTABLE-11_resized-400x400.jpg\" class=\"attachment-woocommerce_thumbnail size-woocommerce_thumbnail\" alt=\"Commande bouquet de fleur personnalis\u00e9 \u00e0 Montr\u00e9al\" srcset=\"https:\/\/lumierenoire.art\/wp-content\/uploads\/2022\/09\/BOUQUET-SURTABLE-11_resized-400x400.jpg 400w, https:\/\/lumierenoire.art\/wp-content\/uploads\/2022\/09\/BOUQUET-SURTABLE-11_resized-250x250.jpg 250w, https:\/\/lumierenoire.art\/wp-content\/uploads\/2022\/09\/BOUQUET-SURTABLE-11_resized-100x100.jpg 100w\" sizes=\"(max-width: 400px) 100vw, 400px\" \/><\/a>\n\t\t\t<\/div><\/figure><figure class='gallery-item'>\n\t\t\t<div class='gallery-icon landscape'>\n\t\t\t\t<a data-elementor-open-lightbox=\"yes\" data-elementor-lightbox-slideshow=\"32c1373\" data-elementor-lightbox-title=\"BOUQUET-SURTABLE-17_resized\" data-e-action-hash=\"#elementor-action%3Aaction%3Dlightbox%26settings%3DeyJpZCI6NzUyNywidXJsIjoiaHR0cHM6XC9cL2x1bWllcmVub2lyZS5hcnRcL3dwLWNvbnRlbnRcL3VwbG9hZHNcLzIwMjJcLzA5XC9CT1VRVUVULVNVUlRBQkxFLTE3X3Jlc2l6ZWQuanBnIiwic2xpZGVzaG93IjoiMzJjMTM3MyJ9\" href='https:\/\/lumierenoire.art\/wp-content\/uploads\/2022\/09\/BOUQUET-SURTABLE-17_resized.jpg'><img loading=\"lazy\" decoding=\"async\" width=\"400\" height=\"400\" src=\"https:\/\/lumierenoire.art\/wp-content\/uploads\/2022\/09\/BOUQUET-SURTABLE-17_resized-400x400.jpg\" class=\"attachment-woocommerce_thumbnail size-woocommerce_thumbnail\" alt=\"Commande bouquet de fleur personnalis\u00e9 \u00e0 Montr\u00e9al\" aria-describedby=\"gallery-1-7527\" srcset=\"https:\/\/lumierenoire.art\/wp-content\/uploads\/2022\/09\/BOUQUET-SURTABLE-17_resized-400x400.jpg 400w, https:\/\/lumierenoire.art\/wp-content\/uploads\/2022\/09\/BOUQUET-SURTABLE-17_resized-250x250.jpg 250w, https:\/\/lumierenoire.art\/wp-content\/uploads\/2022\/09\/BOUQUET-SURTABLE-17_resized-100x100.jpg 100w\" sizes=\"(max-width: 400px) 100vw, 400px\" \/><\/a>\n\t\t\t<\/div>\n\t\t\t\t<figcaption class='wp-caption-text gallery-caption' id='gallery-1-7527'>\n\t\t\t\tBouquets de fleurs fra\u00eeches\n\t\t\t\t<\/figcaption><\/figure><figure class='gallery-item'>\n\t\t\t<div class='gallery-icon landscape'>\n\t\t\t\t<a data-elementor-open-lightbox=\"yes\" data-elementor-lightbox-slideshow=\"32c1373\" data-elementor-lightbox-title=\"BOUQUET-SURTABLE-10_resized\" data-e-action-hash=\"#elementor-action%3Aaction%3Dlightbox%26settings%3DeyJpZCI6NzUwNywidXJsIjoiaHR0cHM6XC9cL2x1bWllcmVub2lyZS5hcnRcL3dwLWNvbnRlbnRcL3VwbG9hZHNcLzIwMjJcLzA5XC9CT1VRVUVULVNVUlRBQkxFLTEwX3Jlc2l6ZWQuanBnIiwic2xpZGVzaG93IjoiMzJjMTM3MyJ9\" href='https:\/\/lumierenoire.art\/wp-content\/uploads\/2022\/09\/BOUQUET-SURTABLE-10_resized.jpg'><img loading=\"lazy\" decoding=\"async\" width=\"400\" height=\"400\" src=\"https:\/\/lumierenoire.art\/wp-content\/uploads\/2022\/09\/BOUQUET-SURTABLE-10_resized-400x400.jpg\" class=\"attachment-woocommerce_thumbnail size-woocommerce_thumbnail\" alt=\"Commande bouquet de fleur personnalis\u00e9 \u00e0 Montr\u00e9al\" srcset=\"https:\/\/lumierenoire.art\/wp-content\/uploads\/2022\/09\/BOUQUET-SURTABLE-10_resized-400x400.jpg 400w, https:\/\/lumierenoire.art\/wp-content\/uploads\/2022\/09\/BOUQUET-SURTABLE-10_resized-250x250.jpg 250w, https:\/\/lumierenoire.art\/wp-content\/uploads\/2022\/09\/BOUQUET-SURTABLE-10_resized-100x100.jpg 100w\" sizes=\"(max-width: 400px) 100vw, 400px\" \/><\/a>\n\t\t\t<\/div><\/figure><figure class='gallery-item'>\n\t\t\t<div class='gallery-icon landscape'>\n\t\t\t\t<a data-elementor-open-lightbox=\"yes\" data-elementor-lightbox-slideshow=\"32c1373\" data-elementor-lightbox-title=\"BOUQUET-SURTABLE-14_resized\" data-e-action-hash=\"#elementor-action%3Aaction%3Dlightbox%26settings%3DeyJpZCI6NzUwMywidXJsIjoiaHR0cHM6XC9cL2x1bWllcmVub2lyZS5hcnRcL3dwLWNvbnRlbnRcL3VwbG9hZHNcLzIwMjJcLzA5XC9CT1VRVUVULVNVUlRBQkxFLTE0X3Jlc2l6ZWQuanBnIiwic2xpZGVzaG93IjoiMzJjMTM3MyJ9\" href='https:\/\/lumierenoire.art\/wp-content\/uploads\/2022\/09\/BOUQUET-SURTABLE-14_resized.jpg'><img loading=\"lazy\" decoding=\"async\" width=\"400\" height=\"400\" src=\"https:\/\/lumierenoire.art\/wp-content\/uploads\/2022\/09\/BOUQUET-SURTABLE-14_resized-400x400.jpg\" class=\"attachment-woocommerce_thumbnail size-woocommerce_thumbnail\" alt=\"Commande bouquet de fleur personnalis\u00e9 \u00e0 Montr\u00e9al\" srcset=\"https:\/\/lumierenoire.art\/wp-content\/uploads\/2022\/09\/BOUQUET-SURTABLE-14_resized-400x400.jpg 400w, https:\/\/lumierenoire.art\/wp-content\/uploads\/2022\/09\/BOUQUET-SURTABLE-14_resized-250x250.jpg 250w, https:\/\/lumierenoire.art\/wp-content\/uploads\/2022\/09\/BOUQUET-SURTABLE-14_resized-100x100.jpg 100w\" sizes=\"(max-width: 400px) 100vw, 400px\" \/><\/a>\n\t\t\t<\/div><\/figure><figure class='gallery-item'>\n\t\t\t<div class='gallery-icon portrait'>\n\t\t\t\t<a data-elementor-open-lightbox=\"yes\" data-elementor-lightbox-slideshow=\"32c1373\" data-elementor-lightbox-title=\"BOUQUET-SURTABLE-16_resized\" data-e-action-hash=\"#elementor-action%3Aaction%3Dlightbox%26settings%3DeyJpZCI6NzUyOSwidXJsIjoiaHR0cHM6XC9cL2x1bWllcmVub2lyZS5hcnRcL3dwLWNvbnRlbnRcL3VwbG9hZHNcLzIwMjJcLzA5XC9CT1VRVUVULVNVUlRBQkxFLTE2X3Jlc2l6ZWQuanBnIiwic2xpZGVzaG93IjoiMzJjMTM3MyJ9\" href='https:\/\/lumierenoire.art\/wp-content\/uploads\/2022\/09\/BOUQUET-SURTABLE-16_resized.jpg'><img loading=\"lazy\" decoding=\"async\" width=\"400\" height=\"400\" src=\"https:\/\/lumierenoire.art\/wp-content\/uploads\/2022\/09\/BOUQUET-SURTABLE-16_resized-400x400.jpg\" class=\"attachment-woocommerce_thumbnail size-woocommerce_thumbnail\" alt=\"Commande bouquet de fleur personnalis\u00e9 \u00e0 Montr\u00e9al\" srcset=\"https:\/\/lumierenoire.art\/wp-content\/uploads\/2022\/09\/BOUQUET-SURTABLE-16_resized-400x400.jpg 400w, https:\/\/lumierenoire.art\/wp-content\/uploads\/2022\/09\/BOUQUET-SURTABLE-16_resized-250x250.jpg 250w, https:\/\/lumierenoire.art\/wp-content\/uploads\/2022\/09\/BOUQUET-SURTABLE-16_resized-100x100.jpg 100w\" sizes=\"(max-width: 400px) 100vw, 400px\" \/><\/a>\n\t\t\t<\/div><\/figure>\n\t\t<\/div>\n\t\t<\/div>\n\t\t\t\t\t\t<\/div>\n\t\t\t\t<\/div>\n\t\t\t\t\t<\/div>\n\t\t<\/div>\n\t\t\t\t\t<\/div>\n\t\t<\/section>\n\t\t\t\t<\/div>\n\t\t","protected":false},"excerpt":{"rendered":"<p>\u00ab Love is the flower that must be allowed to grow. \u00bb We provide you with all the elements of choice: color, budget and type of flowers to create your personalized bouquet. Based on your preferences, we create a unique bouquet to give as a gift. We deliver your custom&#8230;<\/p>\n","protected":false},"author":2,"featured_media":7507,"parent":5536,"menu_order":0,"comment_status":"closed","ping_status":"closed","template":"","meta":{"_acf_changed":false,"footnotes":""},"class_list":["post-7539","page","type-page","status-publish","has-post-thumbnail","hentry"],"acf":[],"yoast_head":"<!-- This site is optimized with the Yoast SEO plugin v25.4 - https:\/\/yoast.com\/wordpress\/plugins\/seo\/ -->\n<title>Custom Flower Bouquets &#8211; Lumi\u00e8re Noire<\/title>\n<meta name=\"robots\" content=\"index, follow, max-snippet:-1, max-image-preview:large, max-video-preview:-1\" \/>\n<link rel=\"canonical\" href=\"https:\/\/lumierenoire.art\/en\/shop\/custom-flower-bouquets\/\" \/>\n<meta property=\"og:locale\" content=\"en_US\" \/>\n<meta property=\"og:type\" content=\"article\" \/>\n<meta property=\"og:title\" content=\"Custom Flower Bouquets &#8211; Lumi\u00e8re Noire\" \/>\n<meta property=\"og:description\" content=\"\u00ab Love is the flower that must be allowed to grow. \u00bb We provide you with all the elements of choice: color, budget and type of flowers to create your personalized bouquet. Based on your preferences, we create a unique bouquet to give as a gift. We deliver your custom...\" \/>\n<meta property=\"og:url\" content=\"https:\/\/lumierenoire.art\/en\/shop\/custom-flower-bouquets\/\" \/>\n<meta property=\"og:site_name\" content=\"Lumi\u00e8re Noire\" \/>\n<meta property=\"article:publisher\" content=\"https:\/\/www.facebook.com\/lumierenoire.art\" \/>\n<meta property=\"article:modified_time\" content=\"2022-09-19T14:40:44+00:00\" \/>\n<meta property=\"og:image\" content=\"https:\/\/lumierenoire.art\/wp-content\/uploads\/2022\/09\/BOUQUET-SURTABLE-10_resized.jpg\" \/>\n\t<meta property=\"og:image:width\" content=\"1920\" \/>\n\t<meta property=\"og:image:height\" content=\"1079\" \/>\n\t<meta property=\"og:image:type\" content=\"image\/jpeg\" \/>\n<meta name=\"twitter:card\" content=\"summary_large_image\" \/>\n<meta name=\"twitter:label1\" content=\"Est. reading time\" \/>\n\t<meta name=\"twitter:data1\" content=\"2 minutes\" \/>\n<script type=\"application\/ld+json\" class=\"yoast-schema-graph\">{\"@context\":\"https:\/\/schema.org\",\"@graph\":[{\"@type\":\"WebPage\",\"@id\":\"https:\/\/lumierenoire.art\/en\/shop\/custom-flower-bouquets\/\",\"url\":\"https:\/\/lumierenoire.art\/en\/shop\/custom-flower-bouquets\/\",\"name\":\"Custom Flower Bouquets &#8211; Lumi\u00e8re Noire\",\"isPartOf\":{\"@id\":\"https:\/\/lumierenoire.art\/en\/#website\"},\"primaryImageOfPage\":{\"@id\":\"https:\/\/lumierenoire.art\/en\/shop\/custom-flower-bouquets\/#primaryimage\"},\"image\":{\"@id\":\"https:\/\/lumierenoire.art\/en\/shop\/custom-flower-bouquets\/#primaryimage\"},\"thumbnailUrl\":\"https:\/\/lumierenoire.art\/wp-content\/uploads\/2022\/09\/BOUQUET-SURTABLE-10_resized.jpg\",\"datePublished\":\"2022-09-16T19:10:09+00:00\",\"dateModified\":\"2022-09-19T14:40:44+00:00\",\"breadcrumb\":{\"@id\":\"https:\/\/lumierenoire.art\/en\/shop\/custom-flower-bouquets\/#breadcrumb\"},\"inLanguage\":\"en-US\",\"potentialAction\":[{\"@type\":\"ReadAction\",\"target\":[\"https:\/\/lumierenoire.art\/en\/shop\/custom-flower-bouquets\/\"]}]},{\"@type\":\"ImageObject\",\"inLanguage\":\"en-US\",\"@id\":\"https:\/\/lumierenoire.art\/en\/shop\/custom-flower-bouquets\/#primaryimage\",\"url\":\"https:\/\/lumierenoire.art\/wp-content\/uploads\/2022\/09\/BOUQUET-SURTABLE-10_resized.jpg\",\"contentUrl\":\"https:\/\/lumierenoire.art\/wp-content\/uploads\/2022\/09\/BOUQUET-SURTABLE-10_resized.jpg\",\"width\":1920,\"height\":1079,\"caption\":\"Commande bouquet de fleur personnalis\u00e9 \u00e0 Montr\u00e9al\"},{\"@type\":\"BreadcrumbList\",\"@id\":\"https:\/\/lumierenoire.art\/en\/shop\/custom-flower-bouquets\/#breadcrumb\",\"itemListElement\":[{\"@type\":\"ListItem\",\"position\":1,\"name\":\"Accueil\",\"item\":\"https:\/\/lumierenoire.art\/en\/\"},{\"@type\":\"ListItem\",\"position\":2,\"name\":\"Shop\",\"item\":\"https:\/\/lumierenoire.art\/en\/shop\/\"},{\"@type\":\"ListItem\",\"position\":3,\"name\":\"Custom Flower Bouquets\"}]},{\"@type\":\"WebSite\",\"@id\":\"https:\/\/lumierenoire.art\/en\/#website\",\"url\":\"https:\/\/lumierenoire.art\/en\/\",\"name\":\"Lumi\u00e8re Noire\",\"description\":\"\",\"publisher\":{\"@id\":\"https:\/\/lumierenoire.art\/en\/#\/schema\/person\/56d3556e99074dc55833ced2c59631ad\"},\"potentialAction\":[{\"@type\":\"SearchAction\",\"target\":{\"@type\":\"EntryPoint\",\"urlTemplate\":\"https:\/\/lumierenoire.art\/en\/?s={search_term_string}\"},\"query-input\":{\"@type\":\"PropertyValueSpecification\",\"valueRequired\":true,\"valueName\":\"search_term_string\"}}],\"inLanguage\":\"en-US\"},{\"@type\":[\"Person\",\"Organization\"],\"@id\":\"https:\/\/lumierenoire.art\/en\/#\/schema\/person\/56d3556e99074dc55833ced2c59631ad\",\"name\":\"Tanya Dolbec\",\"image\":{\"@type\":\"ImageObject\",\"inLanguage\":\"en-US\",\"@id\":\"https:\/\/lumierenoire.art\/en\/#\/schema\/person\/image\/\",\"url\":\"https:\/\/lumierenoire.art\/wp-content\/uploads\/2020\/01\/logo_light.png\",\"contentUrl\":\"https:\/\/lumierenoire.art\/wp-content\/uploads\/2020\/01\/logo_light.png\",\"width\":227,\"height\":60,\"caption\":\"Tanya Dolbec\"},\"logo\":{\"@id\":\"https:\/\/lumierenoire.art\/en\/#\/schema\/person\/image\/\"},\"sameAs\":[\"https:\/\/lumierenoire.art\",\"https:\/\/www.facebook.com\/lumierenoire.art\",\"https:\/\/www.instagram.com\/tanyadolbec\/\"]}]}<\/script>\n<!-- \/ Yoast SEO plugin. -->","yoast_head_json":{"title":"Custom Flower Bouquets &#8211; Lumi\u00e8re Noire","robots":{"index":"index","follow":"follow","max-snippet":"max-snippet:-1","max-image-preview":"max-image-preview:large","max-video-preview":"max-video-preview:-1"},"canonical":"https:\/\/lumierenoire.art\/en\/shop\/custom-flower-bouquets\/","og_locale":"en_US","og_type":"article","og_title":"Custom Flower Bouquets &#8211; Lumi\u00e8re Noire","og_description":"\u00ab Love is the flower that must be allowed to grow. \u00bb We provide you with all the elements of choice: color, budget and type of flowers to create your personalized bouquet. Based on your preferences, we create a unique bouquet to give as a gift. We deliver your custom...","og_url":"https:\/\/lumierenoire.art\/en\/shop\/custom-flower-bouquets\/","og_site_name":"Lumi\u00e8re Noire","article_publisher":"https:\/\/www.facebook.com\/lumierenoire.art","article_modified_time":"2022-09-19T14:40:44+00:00","og_image":[{"width":1920,"height":1079,"url":"https:\/\/lumierenoire.art\/wp-content\/uploads\/2022\/09\/BOUQUET-SURTABLE-10_resized.jpg","type":"image\/jpeg"}],"twitter_card":"summary_large_image","twitter_misc":{"Est. reading time":"2 minutes"},"schema":{"@context":"https:\/\/schema.org","@graph":[{"@type":"WebPage","@id":"https:\/\/lumierenoire.art\/en\/shop\/custom-flower-bouquets\/","url":"https:\/\/lumierenoire.art\/en\/shop\/custom-flower-bouquets\/","name":"Custom Flower Bouquets &#8211; Lumi\u00e8re Noire","isPartOf":{"@id":"https:\/\/lumierenoire.art\/en\/#website"},"primaryImageOfPage":{"@id":"https:\/\/lumierenoire.art\/en\/shop\/custom-flower-bouquets\/#primaryimage"},"image":{"@id":"https:\/\/lumierenoire.art\/en\/shop\/custom-flower-bouquets\/#primaryimage"},"thumbnailUrl":"https:\/\/lumierenoire.art\/wp-content\/uploads\/2022\/09\/BOUQUET-SURTABLE-10_resized.jpg","datePublished":"2022-09-16T19:10:09+00:00","dateModified":"2022-09-19T14:40:44+00:00","breadcrumb":{"@id":"https:\/\/lumierenoire.art\/en\/shop\/custom-flower-bouquets\/#breadcrumb"},"inLanguage":"en-US","potentialAction":[{"@type":"ReadAction","target":["https:\/\/lumierenoire.art\/en\/shop\/custom-flower-bouquets\/"]}]},{"@type":"ImageObject","inLanguage":"en-US","@id":"https:\/\/lumierenoire.art\/en\/shop\/custom-flower-bouquets\/#primaryimage","url":"https:\/\/lumierenoire.art\/wp-content\/uploads\/2022\/09\/BOUQUET-SURTABLE-10_resized.jpg","contentUrl":"https:\/\/lumierenoire.art\/wp-content\/uploads\/2022\/09\/BOUQUET-SURTABLE-10_resized.jpg","width":1920,"height":1079,"caption":"Commande bouquet de fleur personnalis\u00e9 \u00e0 Montr\u00e9al"},{"@type":"BreadcrumbList","@id":"https:\/\/lumierenoire.art\/en\/shop\/custom-flower-bouquets\/#breadcrumb","itemListElement":[{"@type":"ListItem","position":1,"name":"Accueil","item":"https:\/\/lumierenoire.art\/en\/"},{"@type":"ListItem","position":2,"name":"Shop","item":"https:\/\/lumierenoire.art\/en\/shop\/"},{"@type":"ListItem","position":3,"name":"Custom Flower Bouquets"}]},{"@type":"WebSite","@id":"https:\/\/lumierenoire.art\/en\/#website","url":"https:\/\/lumierenoire.art\/en\/","name":"Lumi\u00e8re Noire","description":"","publisher":{"@id":"https:\/\/lumierenoire.art\/en\/#\/schema\/person\/56d3556e99074dc55833ced2c59631ad"},"potentialAction":[{"@type":"SearchAction","target":{"@type":"EntryPoint","urlTemplate":"https:\/\/lumierenoire.art\/en\/?s={search_term_string}"},"query-input":{"@type":"PropertyValueSpecification","valueRequired":true,"valueName":"search_term_string"}}],"inLanguage":"en-US"},{"@type":["Person","Organization"],"@id":"https:\/\/lumierenoire.art\/en\/#\/schema\/person\/56d3556e99074dc55833ced2c59631ad","name":"Tanya Dolbec","image":{"@type":"ImageObject","inLanguage":"en-US","@id":"https:\/\/lumierenoire.art\/en\/#\/schema\/person\/image\/","url":"https:\/\/lumierenoire.art\/wp-content\/uploads\/2020\/01\/logo_light.png","contentUrl":"https:\/\/lumierenoire.art\/wp-content\/uploads\/2020\/01\/logo_light.png","width":227,"height":60,"caption":"Tanya Dolbec"},"logo":{"@id":"https:\/\/lumierenoire.art\/en\/#\/schema\/person\/image\/"},"sameAs":["https:\/\/lumierenoire.art","https:\/\/www.facebook.com\/lumierenoire.art","https:\/\/www.instagram.com\/tanyadolbec\/"]}]}},"_links":{"self":[{"href":"https:\/\/lumierenoire.art\/en\/wp-json\/wp\/v2\/pages\/7539","targetHints":{"allow":["GET"]}}],"collection":[{"href":"https:\/\/lumierenoire.art\/en\/wp-json\/wp\/v2\/pages"}],"about":[{"href":"https:\/\/lumierenoire.art\/en\/wp-json\/wp\/v2\/types\/page"}],"author":[{"embeddable":true,"href":"https:\/\/lumierenoire.art\/en\/wp-json\/wp\/v2\/users\/2"}],"replies":[{"embeddable":true,"href":"https:\/\/lumierenoire.art\/en\/wp-json\/wp\/v2\/comments?post=7539"}],"version-history":[{"count":0,"href":"https:\/\/lumierenoire.art\/en\/wp-json\/wp\/v2\/pages\/7539\/revisions"}],"up":[{"embeddable":true,"href":"https:\/\/lumierenoire.art\/en\/wp-json\/wp\/v2\/pages\/5536"}],"wp:featuredmedia":[{"embeddable":true,"href":"https:\/\/lumierenoire.art\/en\/wp-json\/wp\/v2\/media\/7507"}],"wp:attachment":[{"href":"https:\/\/lumierenoire.art\/en\/wp-json\/wp\/v2\/media?parent=7539"}],"curies":[{"name":"wp","href":"https:\/\/api.w.org\/{rel}","templated":true}]}}