{"id":7398,"date":"2020-11-28T16:35:07","date_gmt":"2020-11-28T21:35:07","guid":{"rendered":"https:\/\/lumierenoire.art\/?page_id=7398"},"modified":"2022-09-16T09:30:20","modified_gmt":"2022-09-16T13:30:20","slug":"photography-portfolio","status":"publish","type":"page","link":"https:\/\/lumierenoire.art\/en\/photography-portfolio\/","title":{"rendered":"Photography"},"content":{"rendered":"\t\t<div data-elementor-type=\"wp-post\" data-elementor-id=\"7398\" class=\"elementor elementor-7398 elementor-429\">\n\t\t\t\t\t\t<section class=\"elementor-section elementor-top-section elementor-element elementor-element-d514460 elementor-section-full_width elementor-section-height-default elementor-section-height-default\" data-id=\"d514460\" data-element_type=\"section\">\n\t\t\t\t\t\t<div class=\"elementor-container elementor-column-gap-default\">\n\t\t\t\t\t<div class=\"elementor-column elementor-col-100 elementor-top-column elementor-element elementor-element-202c17b\" data-id=\"202c17b\" data-element_type=\"column\">\n\t\t\t<div class=\"elementor-widget-wrap elementor-element-populated\">\n\t\t\t\t\t\t<div class=\"elementor-element elementor-element-4b0a43f elementor-widget elementor-widget-shortcode\" data-id=\"4b0a43f\" data-element_type=\"widget\" data-widget_type=\"shortcode.default\">\n\t\t\t\t<div class=\"elementor-widget-container\">\n\t\t\t\t\t\t\t<div class=\"elementor-shortcode\"><div class=\"short-portfolio-grid-holder\"><div class=\"port-grid port-grid-4cols\"><div class=\"row portfolio-layout-masonry\"><div class=\"col-sm-6 col-lg-3 item-portfolio photos \"><div class=\"port-item-htext\"><a href=\"https:\/\/lumierenoire.art\/en\/portfolio\/renoviction\/\"><div class=\"background-color\" style=\"background:#dd1c1c\"><\/div><div class=\"port-img\"><img fetchpriority=\"high\" decoding=\"async\" width=\"850\" height=\"800\" src=\"https:\/\/lumierenoire.art\/wp-content\/uploads\/2024\/07\/renoviction-5-850x800.jpg\" class=\"img-fluid wp-post-image\" alt=\"R\u00e9noviction\" \/><\/div><div class=\"port-caption\"><h2>R\u00e9noviction<\/h2><ul class=\"portfolio-categ\"><li>Photos<\/li><\/ul><\/div><div class=\"album-arrow-grid\"><\/div><\/a><\/div><\/div><div class=\"col-sm-6 col-lg-3 item-portfolio home  photos \"><div class=\"port-item-htext\"><a href=\"https:\/\/lumierenoire.art\/en\/portfolio\/victoria-juillet\/\"><div class=\"background-color\" style=\"background:#48a310\"><\/div><div class=\"port-img\"><img decoding=\"async\" width=\"850\" height=\"800\" src=\"https:\/\/lumierenoire.art\/wp-content\/uploads\/2024\/07\/WILD-FLOWER-SOUL-2_resized-850x800.jpg\" class=\"img-fluid wp-post-image\" alt=\"La sorci\u00e8re de l&#8217;eau\" \/><\/div><div class=\"port-caption\"><h2>La sorci\u00e8re de l&#8217;eau<\/h2><ul class=\"portfolio-categ\"><li>Photos<\/li><\/ul><\/div><div class=\"album-arrow-grid\"><\/div><\/a><\/div><\/div><div class=\"col-sm-6 col-lg-3 item-portfolio home  photos \"><div class=\"port-item-htext\"><a href=\"https:\/\/lumierenoire.art\/en\/portfolio\/evenementiel\/\"><div class=\"background-color\" style=\"background:#000000\"><\/div><div class=\"port-img\"><img decoding=\"async\" width=\"850\" height=\"800\" src=\"https:\/\/lumierenoire.art\/wp-content\/uploads\/2020\/02\/36_2c2l2s_evenement-850x800.jpg\" class=\"img-fluid wp-post-image\" alt=\"\u00c9v\u00e9nementiel\" \/><\/div><div class=\"port-caption\"><h2>\u00c9v\u00e9nementiel<\/h2><ul class=\"portfolio-categ\"><li>Photos<\/li><\/ul><\/div><div class=\"album-arrow-grid\"><\/div><\/a><\/div><\/div><div class=\"col-sm-6 col-lg-3 item-portfolio home  photos \"><div class=\"port-item-htext\"><a href=\"https:\/\/lumierenoire.art\/en\/portfolio\/mariages\/\"><div class=\"background-color\" style=\"background:#efdcae\"><\/div><div class=\"port-img\"><img loading=\"lazy\" decoding=\"async\" width=\"850\" height=\"800\" src=\"https:\/\/lumierenoire.art\/wp-content\/uploads\/2024\/07\/STANISLA-04293_resized-1-850x800.jpg\" class=\"img-fluid wp-post-image\" alt=\"Mariages\" \/><\/div><div class=\"port-caption\"><h2>Mariages<\/h2><ul class=\"portfolio-categ\"><li>Photos<\/li><\/ul><\/div><div class=\"album-arrow-grid\"><\/div><\/a><\/div><\/div><div class=\"col-sm-6 col-lg-3 item-portfolio photos \"><div class=\"port-item-htext\"><a href=\"https:\/\/lumierenoire.art\/en\/portfolio\/production-photographique-2021\/\"><div class=\"background-color\" style=\"background:#070a07\"><\/div><div class=\"port-img\"><img loading=\"lazy\" decoding=\"async\" width=\"850\" height=\"800\" src=\"https:\/\/lumierenoire.art\/wp-content\/uploads\/2021\/08\/PROD-2021-20-850x800.jpg\" class=\"img-fluid wp-post-image\" alt=\"Production photographique 2021\" \/><\/div><div class=\"port-caption\"><h2>Production photographique 2021<\/h2><ul class=\"portfolio-categ\"><li>Photos<\/li><\/ul><\/div><div class=\"album-arrow-grid\"><\/div><\/a><\/div><\/div><div class=\"col-sm-6 col-lg-3 item-portfolio home  photos \"><div class=\"port-item-htext\"><a href=\"https:\/\/lumierenoire.art\/en\/portfolio\/photographies-de-produits\/\"><div class=\"background-color\" style=\"background:#e8c100\"><\/div><div class=\"port-img\"><img loading=\"lazy\" decoding=\"async\" width=\"850\" height=\"800\" src=\"https:\/\/lumierenoire.art\/wp-content\/uploads\/2024\/07\/ARIK-DE-VIENNE-PRODUIT-70-850x800.jpg\" class=\"img-fluid wp-post-image\" alt=\"Photographies de produits\" \/><\/div><div class=\"port-caption\"><h2>Photographies de produits<\/h2><ul class=\"portfolio-categ\"><li>Photos<\/li><\/ul><\/div><div class=\"album-arrow-grid\"><\/div><\/a><\/div><\/div><div class=\"col-sm-6 col-lg-3 item-portfolio photos \"><div class=\"port-item-htext\"><a href=\"https:\/\/lumierenoire.art\/en\/portfolio\/lafilledanslchamp\/\"><div class=\"background-color\" style=\"background:#30a7dd\"><\/div><div class=\"port-img\"><img loading=\"lazy\" decoding=\"async\" width=\"850\" height=\"800\" src=\"https:\/\/lumierenoire.art\/wp-content\/uploads\/2021\/08\/LAFILLEDANSLCHAMPS-1-of-30_resized-850x800.jpg\" class=\"img-fluid wp-post-image\" alt=\"La fille dans l&#8217;champ\" \/><\/div><div class=\"port-caption\"><h2>La fille dans l&#8217;champ<\/h2><ul class=\"portfolio-categ\"><li>Photos<\/li><\/ul><\/div><div class=\"album-arrow-grid\"><\/div><\/a><\/div><\/div><div class=\"col-sm-6 col-lg-3 item-portfolio home  photos \"><div class=\"port-item-htext\"><a href=\"https:\/\/lumierenoire.art\/en\/portfolio\/argentique\/\"><div class=\"background-color\" style=\"background:#153112\"><\/div><div class=\"port-img\"><img loading=\"lazy\" decoding=\"async\" width=\"850\" height=\"800\" src=\"https:\/\/lumierenoire.art\/wp-content\/uploads\/2024\/07\/ARGENTIQUE-FILMS-264-850x800.jpg\" class=\"img-fluid wp-post-image\" alt=\"Argentique\" \/><\/div><div class=\"port-caption\"><h2>Argentique<\/h2><ul class=\"portfolio-categ\"><li>Photos<\/li><\/ul><\/div><div class=\"album-arrow-grid\"><\/div><\/a><\/div><\/div><div class=\"col-sm-6 col-lg-3 item-portfolio home  photos \"><div class=\"port-item-htext\"><a href=\"https:\/\/lumierenoire.art\/en\/portfolio\/portraits-dartistes\/\"><div class=\"background-color\" style=\"background:#d1e4f5\"><\/div><div class=\"port-img\"><img loading=\"lazy\" decoding=\"async\" width=\"850\" height=\"800\" src=\"https:\/\/lumierenoire.art\/wp-content\/uploads\/2021\/08\/CARON-ALEXANDRA_11_06_21-9-of-14_resized-850x800.jpg\" class=\"img-fluid wp-post-image\" alt=\"Portraits d&#8217;Artistes\" \/><\/div><div class=\"port-caption\"><h2>Portraits d&#8217;Artistes<\/h2><ul class=\"portfolio-categ\"><li>Photos<\/li><\/ul><\/div><div class=\"album-arrow-grid\"><\/div><\/a><\/div><\/div><div class=\"col-sm-6 col-lg-3 item-portfolio photos \"><div class=\"port-item-htext\"><a href=\"https:\/\/lumierenoire.art\/en\/portfolio\/portraits-famille\/\"><div class=\"background-color\" style=\"background:#d8a0ce\"><\/div><div class=\"port-img\"><img loading=\"lazy\" decoding=\"async\" width=\"850\" height=\"800\" src=\"https:\/\/lumierenoire.art\/wp-content\/uploads\/2021\/08\/FAMILLY-12-850x800.jpg\" class=\"img-fluid wp-post-image\" alt=\"Portraits de famille\" \/><\/div><div class=\"port-caption\"><h2>Portraits de famille<\/h2><ul class=\"portfolio-categ\"><li>Photos<\/li><\/ul><\/div><div class=\"album-arrow-grid\"><\/div><\/a><\/div><\/div><div class=\"col-sm-6 col-lg-3 item-portfolio home  photos \"><div class=\"port-item-htext\"><a href=\"https:\/\/lumierenoire.art\/en\/portfolio\/noir-et-blanc\/\"><div class=\"background-color\" style=\"background:#e6e6e6\"><\/div><div class=\"port-img\"><img loading=\"lazy\" decoding=\"async\" width=\"850\" height=\"800\" src=\"https:\/\/lumierenoire.art\/wp-content\/uploads\/2020\/02\/entete-bw-850x800.jpg\" class=\"img-fluid wp-post-image\" alt=\"Noir &#038; Blanc\" \/><\/div><div class=\"port-caption\"><h2>Noir &#038; Blanc<\/h2><ul class=\"portfolio-categ\"><li>Photos<\/li><\/ul><\/div><div class=\"album-arrow-grid\"><\/div><\/a><\/div><\/div><div class=\"col-sm-6 col-lg-3 item-portfolio photos \"><div class=\"port-item-htext\"><a href=\"https:\/\/lumierenoire.art\/en\/portfolio\/paysages\/\"><div class=\"background-color\" style=\"background:#d6913e\"><\/div><div class=\"port-img\"><img loading=\"lazy\" decoding=\"async\" width=\"850\" height=\"800\" src=\"https:\/\/lumierenoire.art\/wp-content\/uploads\/2020\/02\/p\u00eache2020-21-of-52_resized-850x800.jpg\" class=\"img-fluid wp-post-image\" alt=\"Paysages\" \/><\/div><div class=\"port-caption\"><h2>Paysages<\/h2><ul class=\"portfolio-categ\"><li>Photos<\/li><\/ul><\/div><div class=\"album-arrow-grid\"><\/div><\/a><\/div><\/div><div class=\"col-sm-6 col-lg-3 item-portfolio home  photos \"><div class=\"port-item-htext\"><a href=\"https:\/\/lumierenoire.art\/en\/portfolio\/portraits\/\"><div class=\"background-color\" style=\"background:#6c7f00\"><\/div><div class=\"port-img\"><img loading=\"lazy\" decoding=\"async\" width=\"850\" height=\"800\" src=\"https:\/\/lumierenoire.art\/wp-content\/uploads\/2020\/05\/PORTRAIT-WEBSITE-15-850x800.jpg\" class=\"img-fluid wp-post-image\" alt=\"Portraits\" \/><\/div><div class=\"port-caption\"><h2>Portraits<\/h2><ul class=\"portfolio-categ\"><li>Photos<\/li><\/ul><\/div><div class=\"album-arrow-grid\"><\/div><\/a><\/div><\/div><div class=\"col-sm-6 col-lg-3 item-portfolio photos \"><div class=\"port-item-htext\"><a href=\"https:\/\/lumierenoire.art\/en\/portfolio\/frequence-0-0\/\"><div class=\"background-color\" style=\"background:#b92e10\"><\/div><div class=\"port-img\"><img loading=\"lazy\" decoding=\"async\" width=\"850\" height=\"800\" src=\"https:\/\/lumierenoire.art\/wp-content\/uploads\/2020\/04\/tele_de_lila-850x800.jpg\" class=\"img-fluid wp-post-image\" alt=\"Fr\u00e9quence 0.0\" \/><\/div><div class=\"port-caption\"><h2>Fr\u00e9quence 0.0<\/h2><ul class=\"portfolio-categ\"><li>Photos<\/li><\/ul><\/div><div class=\"album-arrow-grid\"><\/div><\/a><\/div><\/div><div class=\"col-sm-6 col-lg-3 item-portfolio photos \"><div class=\"port-item-htext\"><a href=\"https:\/\/lumierenoire.art\/en\/portfolio\/crepuscule\/\"><div class=\"background-color\" style=\"background:#bdd9fd\"><\/div><div class=\"port-img\"><img loading=\"lazy\" decoding=\"async\" width=\"850\" height=\"800\" src=\"https:\/\/lumierenoire.art\/wp-content\/uploads\/2020\/04\/11_crepuscule-850x800.jpg\" class=\"img-fluid wp-post-image\" alt=\"Cr\u00e9puscule\" \/><\/div><div class=\"port-caption\"><h2>Cr\u00e9puscule<\/h2><ul class=\"portfolio-categ\"><li>Photos<\/li><\/ul><\/div><div class=\"album-arrow-grid\"><\/div><\/a><\/div><\/div><div class=\"col-sm-6 col-lg-3 item-portfolio photos \"><div class=\"port-item-htext\"><a href=\"https:\/\/lumierenoire.art\/en\/portfolio\/avant-laube\/\"><div class=\"background-color\" style=\"background:#5a95aa\"><\/div><div class=\"port-img\"><img loading=\"lazy\" decoding=\"async\" width=\"850\" height=\"800\" src=\"https:\/\/lumierenoire.art\/wp-content\/uploads\/2020\/04\/ALBUM-AVANTLAUBE-6888-850x800.jpg\" class=\"img-fluid wp-post-image\" alt=\"Avant l&#8217;Aube\" \/><\/div><div class=\"port-caption\"><h2>Avant l&#8217;Aube<\/h2><ul class=\"portfolio-categ\"><li>Photos<\/li><\/ul><\/div><div class=\"album-arrow-grid\"><\/div><\/a><\/div><\/div><div class=\"col-sm-6 col-lg-3 item-portfolio home  photos \"><div class=\"port-item-htext\"><a href=\"https:\/\/lumierenoire.art\/en\/portfolio\/interfrequences-phase-2\/\"><div class=\"background-color\" style=\"background:#5430f4\"><\/div><div class=\"port-img\"><img loading=\"lazy\" decoding=\"async\" width=\"850\" height=\"800\" src=\"https:\/\/lumierenoire.art\/wp-content\/uploads\/2020\/03\/EN-TETE_INTERFREQUENCES-850x800.jpg\" class=\"img-fluid wp-post-image\" alt=\"Interfr\u00e9quences Phase 2\" \/><\/div><div class=\"port-caption\"><h2>Interfr\u00e9quences Phase 2<\/h2><ul class=\"portfolio-categ\"><li>Photos<\/li><\/ul><\/div><div class=\"album-arrow-grid\"><\/div><\/a><\/div><\/div><div class=\"col-sm-6 col-lg-3 item-portfolio photos \"><div class=\"port-item-htext\"><a href=\"https:\/\/lumierenoire.art\/en\/portfolio\/entends-tu-cela-photos\/\"><div class=\"background-color\" style=\"background:#504e88\"><\/div><div class=\"port-img\"><img loading=\"lazy\" decoding=\"async\" width=\"850\" height=\"800\" src=\"https:\/\/lumierenoire.art\/wp-content\/uploads\/2020\/01\/header_do_you_hear_that-850x800.jpg\" class=\"img-fluid wp-post-image\" alt=\"Entends-tu cela ?\" \/><\/div><div class=\"port-caption\"><h2>Entends-tu cela ?<\/h2><ul class=\"portfolio-categ\"><li>Photos<\/li><\/ul><\/div><div class=\"album-arrow-grid\"><\/div><\/a><\/div><\/div><div class=\"col-sm-6 col-lg-3 item-portfolio photos \"><div class=\"port-item-htext\"><a href=\"https:\/\/lumierenoire.art\/en\/portfolio\/longue-exposition\/\"><div class=\"background-color\" style=\"background:#f2cd68\"><\/div><div class=\"port-img\"><img loading=\"lazy\" decoding=\"async\" width=\"850\" height=\"800\" src=\"https:\/\/lumierenoire.art\/wp-content\/uploads\/2020\/02\/album_longues_expositions-850x800.jpg\" class=\"img-fluid wp-post-image\" alt=\"Longue Exposition\" \/><\/div><div class=\"port-caption\"><h2>Longue Exposition<\/h2><ul class=\"portfolio-categ\"><li>Photos<\/li><\/ul><\/div><div class=\"album-arrow-grid\"><\/div><\/a><\/div><\/div><div class=\"col-sm-6 col-lg-3 item-portfolio home  photos \"><div class=\"port-item-htext\"><a href=\"https:\/\/lumierenoire.art\/en\/portfolio\/2-cafes-2-laits-2-sucres-exposition\/\"><div class=\"background-color\" style=\"background:#70c9c0\"><\/div><div class=\"port-img\"><img loading=\"lazy\" decoding=\"async\" width=\"850\" height=\"800\" src=\"https:\/\/lumierenoire.art\/wp-content\/uploads\/2020\/02\/10_2c2l2s_exposition-850x800.jpg\" class=\"img-fluid wp-post-image\" alt=\"2 caf\u00e9s 2 laits 2 sucres &#8211; Exposition\" \/><\/div><div class=\"port-caption\"><h2>2 caf\u00e9s 2 laits 2 sucres &#8211; Exposition<\/h2><ul class=\"portfolio-categ\"><li>Photos<\/li><\/ul><\/div><div class=\"album-arrow-grid\"><\/div><\/a><\/div><\/div><\/div><\/div><\/div><\/div>\n\t\t\t\t\t\t<\/div>\n\t\t\t\t<\/div>\n\t\t\t\t\t<\/div>\n\t\t<\/div>\n\t\t\t\t\t<\/div>\n\t\t<\/section>\n\t\t\t\t<\/div>\n\t\t","protected":false},"excerpt":{"rendered":"","protected":false},"author":2,"featured_media":7042,"parent":0,"menu_order":0,"comment_status":"closed","ping_status":"closed","template":"templates\/template-fullscreen.php","meta":{"_acf_changed":false,"footnotes":""},"class_list":["post-7398","page","type-page","status-publish","has-post-thumbnail","hentry"],"acf":[],"yoast_head":"<!-- This site is optimized with the Yoast SEO plugin v25.4 - https:\/\/yoast.com\/wordpress\/plugins\/seo\/ -->\n<title>Photography &#8211; Lumi\u00e8re Noire<\/title>\n<meta name=\"description\" content=\"Albums et projets de l&#039;artiste multidisciplinaire Lumi\u00e8re Noire. Du portrait aux paysages, voici le d\u00e9ploiement du travail de l&#039;artiste Tanya Dolbec.\" \/>\n<meta name=\"robots\" content=\"index, follow, max-snippet:-1, max-image-preview:large, max-video-preview:-1\" \/>\n<link rel=\"canonical\" href=\"https:\/\/lumierenoire.art\/en\/photography-portfolio\/\" \/>\n<meta property=\"og:locale\" content=\"en_US\" \/>\n<meta property=\"og:type\" content=\"article\" \/>\n<meta property=\"og:title\" content=\"Photography &#8211; Lumi\u00e8re Noire\" \/>\n<meta property=\"og:description\" content=\"Albums et projets de l&#039;artiste multidisciplinaire Lumi\u00e8re Noire. Du portrait aux paysages, voici le d\u00e9ploiement du travail de l&#039;artiste Tanya Dolbec.\" \/>\n<meta property=\"og:url\" content=\"https:\/\/lumierenoire.art\/en\/photography-portfolio\/\" \/>\n<meta property=\"og:site_name\" content=\"Lumi\u00e8re Noire\" \/>\n<meta property=\"article:publisher\" content=\"https:\/\/www.facebook.com\/lumierenoire.art\" \/>\n<meta property=\"article:modified_time\" content=\"2022-09-16T13:30:20+00:00\" \/>\n<meta property=\"og:image\" content=\"https:\/\/lumierenoire.art\/wp-content\/uploads\/2021\/08\/HOME-7-of-1_resized.jpg\" \/>\n\t<meta property=\"og:image:width\" content=\"2544\" \/>\n\t<meta property=\"og:image:height\" content=\"1430\" \/>\n\t<meta property=\"og:image:type\" content=\"image\/jpeg\" \/>\n<meta name=\"twitter:card\" content=\"summary_large_image\" \/>\n<meta name=\"twitter:label1\" content=\"Est. reading time\" \/>\n\t<meta name=\"twitter:data1\" content=\"1 minute\" \/>\n<script type=\"application\/ld+json\" class=\"yoast-schema-graph\">{\"@context\":\"https:\/\/schema.org\",\"@graph\":[{\"@type\":\"WebPage\",\"@id\":\"https:\/\/lumierenoire.art\/en\/photography-portfolio\/\",\"url\":\"https:\/\/lumierenoire.art\/en\/photography-portfolio\/\",\"name\":\"Photography &#8211; Lumi\u00e8re Noire\",\"isPartOf\":{\"@id\":\"https:\/\/lumierenoire.art\/en\/#website\"},\"primaryImageOfPage\":{\"@id\":\"https:\/\/lumierenoire.art\/en\/photography-portfolio\/#primaryimage\"},\"image\":{\"@id\":\"https:\/\/lumierenoire.art\/en\/photography-portfolio\/#primaryimage\"},\"thumbnailUrl\":\"https:\/\/lumierenoire.art\/wp-content\/uploads\/2021\/08\/HOME-7-of-1_resized.jpg\",\"datePublished\":\"2020-11-28T21:35:07+00:00\",\"dateModified\":\"2022-09-16T13:30:20+00:00\",\"description\":\"Albums et projets de l'artiste multidisciplinaire Lumi\u00e8re Noire. Du portrait aux paysages, voici le d\u00e9ploiement du travail de l'artiste Tanya Dolbec.\",\"breadcrumb\":{\"@id\":\"https:\/\/lumierenoire.art\/en\/photography-portfolio\/#breadcrumb\"},\"inLanguage\":\"en-US\",\"potentialAction\":[{\"@type\":\"ReadAction\",\"target\":[\"https:\/\/lumierenoire.art\/en\/photography-portfolio\/\"]}]},{\"@type\":\"ImageObject\",\"inLanguage\":\"en-US\",\"@id\":\"https:\/\/lumierenoire.art\/en\/photography-portfolio\/#primaryimage\",\"url\":\"https:\/\/lumierenoire.art\/wp-content\/uploads\/2021\/08\/HOME-7-of-1_resized.jpg\",\"contentUrl\":\"https:\/\/lumierenoire.art\/wp-content\/uploads\/2021\/08\/HOME-7-of-1_resized.jpg\",\"width\":2544,\"height\":1430},{\"@type\":\"BreadcrumbList\",\"@id\":\"https:\/\/lumierenoire.art\/en\/photography-portfolio\/#breadcrumb\",\"itemListElement\":[{\"@type\":\"ListItem\",\"position\":1,\"name\":\"Accueil\",\"item\":\"https:\/\/lumierenoire.art\/en\/\"},{\"@type\":\"ListItem\",\"position\":2,\"name\":\"Photography\"}]},{\"@type\":\"WebSite\",\"@id\":\"https:\/\/lumierenoire.art\/en\/#website\",\"url\":\"https:\/\/lumierenoire.art\/en\/\",\"name\":\"Lumi\u00e8re Noire\",\"description\":\"\",\"publisher\":{\"@id\":\"https:\/\/lumierenoire.art\/en\/#\/schema\/person\/56d3556e99074dc55833ced2c59631ad\"},\"potentialAction\":[{\"@type\":\"SearchAction\",\"target\":{\"@type\":\"EntryPoint\",\"urlTemplate\":\"https:\/\/lumierenoire.art\/en\/?s={search_term_string}\"},\"query-input\":{\"@type\":\"PropertyValueSpecification\",\"valueRequired\":true,\"valueName\":\"search_term_string\"}}],\"inLanguage\":\"en-US\"},{\"@type\":[\"Person\",\"Organization\"],\"@id\":\"https:\/\/lumierenoire.art\/en\/#\/schema\/person\/56d3556e99074dc55833ced2c59631ad\",\"name\":\"Tanya Dolbec\",\"image\":{\"@type\":\"ImageObject\",\"inLanguage\":\"en-US\",\"@id\":\"https:\/\/lumierenoire.art\/en\/#\/schema\/person\/image\/\",\"url\":\"https:\/\/lumierenoire.art\/wp-content\/uploads\/2020\/01\/logo_light.png\",\"contentUrl\":\"https:\/\/lumierenoire.art\/wp-content\/uploads\/2020\/01\/logo_light.png\",\"width\":227,\"height\":60,\"caption\":\"Tanya Dolbec\"},\"logo\":{\"@id\":\"https:\/\/lumierenoire.art\/en\/#\/schema\/person\/image\/\"},\"sameAs\":[\"https:\/\/lumierenoire.art\",\"https:\/\/www.facebook.com\/lumierenoire.art\",\"https:\/\/www.instagram.com\/tanyadolbec\/\"]}]}<\/script>\n<!-- \/ Yoast SEO plugin. -->","yoast_head_json":{"title":"Photography &#8211; Lumi\u00e8re Noire","description":"Albums et projets de l'artiste multidisciplinaire Lumi\u00e8re Noire. Du portrait aux paysages, voici le d\u00e9ploiement du travail de l'artiste Tanya Dolbec.","robots":{"index":"index","follow":"follow","max-snippet":"max-snippet:-1","max-image-preview":"max-image-preview:large","max-video-preview":"max-video-preview:-1"},"canonical":"https:\/\/lumierenoire.art\/en\/photography-portfolio\/","og_locale":"en_US","og_type":"article","og_title":"Photography &#8211; Lumi\u00e8re Noire","og_description":"Albums et projets de l'artiste multidisciplinaire Lumi\u00e8re Noire. Du portrait aux paysages, voici le d\u00e9ploiement du travail de l'artiste Tanya Dolbec.","og_url":"https:\/\/lumierenoire.art\/en\/photography-portfolio\/","og_site_name":"Lumi\u00e8re Noire","article_publisher":"https:\/\/www.facebook.com\/lumierenoire.art","article_modified_time":"2022-09-16T13:30:20+00:00","og_image":[{"width":2544,"height":1430,"url":"https:\/\/lumierenoire.art\/wp-content\/uploads\/2021\/08\/HOME-7-of-1_resized.jpg","type":"image\/jpeg"}],"twitter_card":"summary_large_image","twitter_misc":{"Est. reading time":"1 minute"},"schema":{"@context":"https:\/\/schema.org","@graph":[{"@type":"WebPage","@id":"https:\/\/lumierenoire.art\/en\/photography-portfolio\/","url":"https:\/\/lumierenoire.art\/en\/photography-portfolio\/","name":"Photography &#8211; Lumi\u00e8re Noire","isPartOf":{"@id":"https:\/\/lumierenoire.art\/en\/#website"},"primaryImageOfPage":{"@id":"https:\/\/lumierenoire.art\/en\/photography-portfolio\/#primaryimage"},"image":{"@id":"https:\/\/lumierenoire.art\/en\/photography-portfolio\/#primaryimage"},"thumbnailUrl":"https:\/\/lumierenoire.art\/wp-content\/uploads\/2021\/08\/HOME-7-of-1_resized.jpg","datePublished":"2020-11-28T21:35:07+00:00","dateModified":"2022-09-16T13:30:20+00:00","description":"Albums et projets de l'artiste multidisciplinaire Lumi\u00e8re Noire. Du portrait aux paysages, voici le d\u00e9ploiement du travail de l'artiste Tanya Dolbec.","breadcrumb":{"@id":"https:\/\/lumierenoire.art\/en\/photography-portfolio\/#breadcrumb"},"inLanguage":"en-US","potentialAction":[{"@type":"ReadAction","target":["https:\/\/lumierenoire.art\/en\/photography-portfolio\/"]}]},{"@type":"ImageObject","inLanguage":"en-US","@id":"https:\/\/lumierenoire.art\/en\/photography-portfolio\/#primaryimage","url":"https:\/\/lumierenoire.art\/wp-content\/uploads\/2021\/08\/HOME-7-of-1_resized.jpg","contentUrl":"https:\/\/lumierenoire.art\/wp-content\/uploads\/2021\/08\/HOME-7-of-1_resized.jpg","width":2544,"height":1430},{"@type":"BreadcrumbList","@id":"https:\/\/lumierenoire.art\/en\/photography-portfolio\/#breadcrumb","itemListElement":[{"@type":"ListItem","position":1,"name":"Accueil","item":"https:\/\/lumierenoire.art\/en\/"},{"@type":"ListItem","position":2,"name":"Photography"}]},{"@type":"WebSite","@id":"https:\/\/lumierenoire.art\/en\/#website","url":"https:\/\/lumierenoire.art\/en\/","name":"Lumi\u00e8re Noire","description":"","publisher":{"@id":"https:\/\/lumierenoire.art\/en\/#\/schema\/person\/56d3556e99074dc55833ced2c59631ad"},"potentialAction":[{"@type":"SearchAction","target":{"@type":"EntryPoint","urlTemplate":"https:\/\/lumierenoire.art\/en\/?s={search_term_string}"},"query-input":{"@type":"PropertyValueSpecification","valueRequired":true,"valueName":"search_term_string"}}],"inLanguage":"en-US"},{"@type":["Person","Organization"],"@id":"https:\/\/lumierenoire.art\/en\/#\/schema\/person\/56d3556e99074dc55833ced2c59631ad","name":"Tanya Dolbec","image":{"@type":"ImageObject","inLanguage":"en-US","@id":"https:\/\/lumierenoire.art\/en\/#\/schema\/person\/image\/","url":"https:\/\/lumierenoire.art\/wp-content\/uploads\/2020\/01\/logo_light.png","contentUrl":"https:\/\/lumierenoire.art\/wp-content\/uploads\/2020\/01\/logo_light.png","width":227,"height":60,"caption":"Tanya Dolbec"},"logo":{"@id":"https:\/\/lumierenoire.art\/en\/#\/schema\/person\/image\/"},"sameAs":["https:\/\/lumierenoire.art","https:\/\/www.facebook.com\/lumierenoire.art","https:\/\/www.instagram.com\/tanyadolbec\/"]}]}},"_links":{"self":[{"href":"https:\/\/lumierenoire.art\/en\/wp-json\/wp\/v2\/pages\/7398","targetHints":{"allow":["GET"]}}],"collection":[{"href":"https:\/\/lumierenoire.art\/en\/wp-json\/wp\/v2\/pages"}],"about":[{"href":"https:\/\/lumierenoire.art\/en\/wp-json\/wp\/v2\/types\/page"}],"author":[{"embeddable":true,"href":"https:\/\/lumierenoire.art\/en\/wp-json\/wp\/v2\/users\/2"}],"replies":[{"embeddable":true,"href":"https:\/\/lumierenoire.art\/en\/wp-json\/wp\/v2\/comments?post=7398"}],"version-history":[{"count":0,"href":"https:\/\/lumierenoire.art\/en\/wp-json\/wp\/v2\/pages\/7398\/revisions"}],"wp:featuredmedia":[{"embeddable":true,"href":"https:\/\/lumierenoire.art\/en\/wp-json\/wp\/v2\/media\/7042"}],"wp:attachment":[{"href":"https:\/\/lumierenoire.art\/en\/wp-json\/wp\/v2\/media?parent=7398"}],"curies":[{"name":"wp","href":"https:\/\/api.w.org\/{rel}","templated":true}]}}