{"id":3619,"date":"2022-09-16T09:05:44","date_gmt":"2022-09-16T13:05:44","guid":{"rendered":"https:\/\/lumierenoire.art\/?page_id=3619"},"modified":"2023-08-31T17:57:04","modified_gmt":"2023-08-31T21:57:04","slug":"about","status":"publish","type":"page","link":"https:\/\/lumierenoire.art\/en\/about\/","title":{"rendered":"About"},"content":{"rendered":"\t\t<div data-elementor-type=\"wp-post\" data-elementor-id=\"3619\" class=\"elementor elementor-3619 elementor-7041\">\n\t\t\t\t\t\t<section class=\"elementor-section elementor-top-section elementor-element elementor-element-b8e4395 elementor-section-boxed elementor-section-height-default elementor-section-height-default\" data-id=\"b8e4395\" data-element_type=\"section\">\n\t\t\t\t\t\t<div class=\"elementor-container elementor-column-gap-default\">\n\t\t\t\t\t<div class=\"elementor-column elementor-col-100 elementor-top-column elementor-element elementor-element-f7c1349\" data-id=\"f7c1349\" data-element_type=\"column\">\n\t\t\t<div class=\"elementor-widget-wrap elementor-element-populated\">\n\t\t\t\t\t\t<div class=\"elementor-element elementor-element-e3aef57 elementor-widget elementor-widget-heading\" data-id=\"e3aef57\" data-element_type=\"widget\" data-widget_type=\"heading.default\">\n\t\t\t\t<div class=\"elementor-widget-container\">\n\t\t\t\t\t<h2 class=\"elementor-heading-title elementor-size-default\">\u00ab Clarity is not born from what we imagine being clear, but from what we become aware of the dark. \u00bb <small><i>-C. Jung<\/i><\/small><\/h2>\t\t\t\t<\/div>\n\t\t\t\t<\/div>\n\t\t\t\t<div class=\"elementor-element elementor-element-459918f5 elementor-widget elementor-widget-text-editor\" data-id=\"459918f5\" data-element_type=\"widget\" data-widget_type=\"text-editor.default\">\n\t\t\t\t<div class=\"elementor-widget-container\">\n\t\t\t\t\t\t\t\t\t<p><strong>Lumi\u00e8re Noire (artist name of Tanya Dolbec), originally from Quebec, begins her journey into the world of art through dance and painting. She completes various training programs that culminate in earning a bachelor&#8217;s degree in choreography from the Universit\u00e9 du Qu\u00e9bec \u00e0 Montr\u00e9al. It is at this point that she defines her choreographic aesthetics and artistic philosophy, influenced by two philosophers: Sigmund Freud and Carl Gustav Jung. Her aesthetic is then articulated under the name Lumi\u00e8re Noire up to the present day. Always passionate about visual arts, she directs her focus to photography and video during her dance studies.<\/strong><\/p><p><strong>Collaborating with several dance artists and musicians, she then develops her desire for production in performative installations. Her research into movement leads her to an entirely different realm where the camera becomes the body of creation. Having enriched her skills in art analysis, semiotics, telepresence, and cinema, she directs her career towards video and photography from 2016 to 2021, perfecting her aesthetic through various artistic projects and event organization.<\/strong><\/p><p><strong>Her artistic journey evolves over time, fueled by a thirst for knowledge. She delves into the study of various fields, from cinema to video editing, extending to studies in spirituality. In 2023, Lumi\u00e8re Noire adds a new chapter to her story by publishing an innovative book and oracle in the field of photography, offering an original and inspiring perspective on her art.<\/strong><\/p><p><strong>However, Lumi\u00e8re Noire is defined by much more than her diverse creations. She embodies a creative intention that has guided each step since her beginnings: movement. This concept has always been at the core of her journey, transcending the boundaries between different forms of artistic expression. As a craftsman, florist, choreographer, painter, photographer, videographer, and performer, Lumi\u00e8re Noire shares her art with a simple yet powerful objective: to touch individuals, awaken their sensitivity to nature and their inner spirit. Lumi\u00e8re Noire, an artist who uses her captivating work and personal reflection to invite everyone to explore the complexities of the human soul.<\/strong><\/p>\t\t\t\t\t\t\t\t<\/div>\n\t\t\t\t<\/div>\n\t\t\t\t<div class=\"elementor-element elementor-element-9a155ce elementor-align-center elementor-widget elementor-widget-button\" data-id=\"9a155ce\" data-element_type=\"widget\" data-widget_type=\"button.default\">\n\t\t\t\t<div class=\"elementor-widget-container\">\n\t\t\t\t\t\t\t\t\t<div class=\"elementor-button-wrapper\">\n\t\t\t\t\t<a class=\"elementor-button elementor-button-link elementor-size-xs\" href=\"https:\/\/lumierenoire.art\/wp-content\/uploads\/2022\/11\/CV-ART.pdf\">\n\t\t\t\t\t\t<span class=\"elementor-button-content-wrapper\">\n\t\t\t\t\t\t\t\t\t<span class=\"elementor-button-text\">Download the curriculum vitae<\/span>\n\t\t\t\t\t<\/span>\n\t\t\t\t\t<\/a>\n\t\t\t\t<\/div>\n\t\t\t\t\t\t\t\t<\/div>\n\t\t\t\t<\/div>\n\t\t\t\t\t<\/div>\n\t\t<\/div>\n\t\t\t\t\t<\/div>\n\t\t<\/section>\n\t\t\t\t<section class=\"elementor-section elementor-top-section elementor-element elementor-element-b8d635a elementor-section-full_width elementor-section-stretched elementor-section-height-default elementor-section-height-default\" data-id=\"b8d635a\" data-element_type=\"section\" data-settings=\"{&quot;stretch_section&quot;:&quot;section-stretched&quot;,&quot;background_background&quot;:&quot;classic&quot;}\">\n\t\t\t\t\t\t\t<div class=\"elementor-background-overlay\"><\/div>\n\t\t\t\t\t\t\t<div class=\"elementor-container elementor-column-gap-default\">\n\t\t\t\t\t<div class=\"elementor-column elementor-col-100 elementor-top-column elementor-element elementor-element-66a7781a\" data-id=\"66a7781a\" data-element_type=\"column\">\n\t\t\t<div class=\"elementor-widget-wrap elementor-element-populated\">\n\t\t\t\t\t\t<section class=\"elementor-section elementor-inner-section elementor-element elementor-element-34a6332f elementor-section-boxed elementor-section-height-default elementor-section-height-default\" data-id=\"34a6332f\" data-element_type=\"section\">\n\t\t\t\t\t\t<div class=\"elementor-container elementor-column-gap-default\">\n\t\t\t\t\t<div class=\"elementor-column elementor-col-100 elementor-inner-column elementor-element elementor-element-c616e0b\" data-id=\"c616e0b\" data-element_type=\"column\">\n\t\t\t<div class=\"elementor-widget-wrap elementor-element-populated\">\n\t\t\t\t\t\t<div class=\"elementor-element elementor-element-7203a3dc elementor-align-center elementor-widget elementor-widget-button\" data-id=\"7203a3dc\" data-element_type=\"widget\" data-widget_type=\"button.default\">\n\t\t\t\t<div class=\"elementor-widget-container\">\n\t\t\t\t\t\t\t\t\t<div class=\"elementor-button-wrapper\">\n\t\t\t\t\t<a class=\"elementor-button elementor-button-link elementor-size-xs\" href=\"https:\/\/lumierenoire.art\/en\/photography-video-editing-services\/\">\n\t\t\t\t\t\t<span class=\"elementor-button-content-wrapper\">\n\t\t\t\t\t\t\t\t\t<span class=\"elementor-button-text\">Learn more about Lumi\u00e8re Noire's services<\/span>\n\t\t\t\t\t<\/span>\n\t\t\t\t\t<\/a>\n\t\t\t\t<\/div>\n\t\t\t\t\t\t\t\t<\/div>\n\t\t\t\t<\/div>\n\t\t\t\t\t<\/div>\n\t\t<\/div>\n\t\t\t\t\t<\/div>\n\t\t<\/section>\n\t\t\t\t<section class=\"elementor-section elementor-inner-section elementor-element elementor-element-e81175c elementor-section-boxed elementor-section-height-default elementor-section-height-default\" data-id=\"e81175c\" data-element_type=\"section\">\n\t\t\t\t\t\t<div class=\"elementor-container elementor-column-gap-default\">\n\t\t\t\t\t<div class=\"elementor-column elementor-col-100 elementor-inner-column elementor-element elementor-element-f915660\" data-id=\"f915660\" data-element_type=\"column\">\n\t\t\t<div class=\"elementor-widget-wrap elementor-element-populated\">\n\t\t\t\t\t\t<div class=\"elementor-element elementor-element-3c0e385 elementor-align-center elementor-widget elementor-widget-button\" data-id=\"3c0e385\" data-element_type=\"widget\" data-widget_type=\"button.default\">\n\t\t\t\t<div class=\"elementor-widget-container\">\n\t\t\t\t\t\t\t\t\t<div class=\"elementor-button-wrapper\">\n\t\t\t\t\t<a class=\"elementor-button elementor-button-link elementor-size-xs\" href=\"https:\/\/lumierenoire.art\/en\/contact-2\">\n\t\t\t\t\t\t<span class=\"elementor-button-content-wrapper\">\n\t\t\t\t\t\t\t\t\t<span class=\"elementor-button-text\">Contact Lumi\u00e8re Noire<\/span>\n\t\t\t\t\t<\/span>\n\t\t\t\t\t<\/a>\n\t\t\t\t<\/div>\n\t\t\t\t\t\t\t\t<\/div>\n\t\t\t\t<\/div>\n\t\t\t\t\t<\/div>\n\t\t<\/div>\n\t\t\t\t\t<\/div>\n\t\t<\/section>\n\t\t\t\t\t<\/div>\n\t\t<\/div>\n\t\t\t\t\t<\/div>\n\t\t<\/section>\n\t\t\t\t<\/div>\n\t\t","protected":false},"excerpt":{"rendered":"<p>\u00ab Clarity is not born from what we imagine being clear, but from what we become aware of the dark. \u00bb -C. Jung Lumi\u00e8re Noire (artist name of Tanya Dolbec), originally from Quebec, begins her journey into the world of art through dance and painting. She completes various training programs&#8230;<\/p>\n","protected":false},"author":2,"featured_media":11514,"parent":0,"menu_order":0,"comment_status":"closed","ping_status":"closed","template":"templates\/template-fullscreen.php","meta":{"_acf_changed":false,"footnotes":""},"class_list":["post-3619","page","type-page","status-publish","has-post-thumbnail","hentry"],"acf":[],"yoast_head":"<!-- This site is optimized with the Yoast SEO plugin v25.4 - https:\/\/yoast.com\/wordpress\/plugins\/seo\/ -->\n<title>\u00c0 propos de Tanya Dolbec &#8211; Lumi\u00e8re Noire<\/title>\n<meta name=\"description\" content=\"Biographie d&#039;une artiste multidisciplinaire qu\u00e9becoise pratiquant la danse contemporaine, le montage vid\u00e9o et la photographie.\" \/>\n<meta name=\"robots\" content=\"index, follow, max-snippet:-1, max-image-preview:large, max-video-preview:-1\" \/>\n<link rel=\"canonical\" href=\"https:\/\/lumierenoire.art\/en\/about\/\" \/>\n<meta property=\"og:locale\" content=\"en_US\" \/>\n<meta property=\"og:type\" content=\"article\" \/>\n<meta property=\"og:title\" content=\"\u00c0 propos de Tanya Dolbec &#8211; Lumi\u00e8re Noire\" \/>\n<meta property=\"og:description\" content=\"Biographie d&#039;une artiste multidisciplinaire qu\u00e9becoise pratiquant la danse contemporaine, le montage vid\u00e9o et la photographie.\" \/>\n<meta property=\"og:url\" content=\"https:\/\/lumierenoire.art\/en\/about\/\" \/>\n<meta property=\"og:site_name\" content=\"Lumi\u00e8re Noire\" \/>\n<meta property=\"article:publisher\" content=\"https:\/\/www.facebook.com\/lumierenoire.art\" \/>\n<meta property=\"article:modified_time\" content=\"2023-08-31T21:57:04+00:00\" \/>\n<meta property=\"og:image\" content=\"https:\/\/lumierenoire.art\/wp-content\/uploads\/2023\/08\/LOGO-LUMIERENOIRE.jpg\" \/>\n\t<meta property=\"og:image:width\" content=\"1772\" \/>\n\t<meta property=\"og:image:height\" content=\"1048\" \/>\n\t<meta property=\"og:image:type\" content=\"image\/jpeg\" \/>\n<meta name=\"twitter:card\" content=\"summary_large_image\" \/>\n<meta name=\"twitter:label1\" content=\"Est. reading time\" \/>\n\t<meta name=\"twitter:data1\" content=\"2 minutes\" \/>\n<script type=\"application\/ld+json\" class=\"yoast-schema-graph\">{\"@context\":\"https:\/\/schema.org\",\"@graph\":[{\"@type\":\"WebPage\",\"@id\":\"https:\/\/lumierenoire.art\/en\/about\/\",\"url\":\"https:\/\/lumierenoire.art\/en\/about\/\",\"name\":\"\u00c0 propos de Tanya Dolbec &#8211; Lumi\u00e8re Noire\",\"isPartOf\":{\"@id\":\"https:\/\/lumierenoire.art\/en\/#website\"},\"primaryImageOfPage\":{\"@id\":\"https:\/\/lumierenoire.art\/en\/about\/#primaryimage\"},\"image\":{\"@id\":\"https:\/\/lumierenoire.art\/en\/about\/#primaryimage\"},\"thumbnailUrl\":\"https:\/\/lumierenoire.art\/wp-content\/uploads\/2024\/08\/ECO-PRINT-OUTFIT-01-14.jpg\",\"datePublished\":\"2022-09-16T13:05:44+00:00\",\"dateModified\":\"2023-08-31T21:57:04+00:00\",\"description\":\"Biographie d'une artiste multidisciplinaire qu\u00e9becoise pratiquant la danse contemporaine, le montage vid\u00e9o et la photographie.\",\"breadcrumb\":{\"@id\":\"https:\/\/lumierenoire.art\/en\/about\/#breadcrumb\"},\"inLanguage\":\"en-US\",\"potentialAction\":[{\"@type\":\"ReadAction\",\"target\":[\"https:\/\/lumierenoire.art\/en\/about\/\"]}]},{\"@type\":\"ImageObject\",\"inLanguage\":\"en-US\",\"@id\":\"https:\/\/lumierenoire.art\/en\/about\/#primaryimage\",\"url\":\"https:\/\/lumierenoire.art\/wp-content\/uploads\/2024\/08\/ECO-PRINT-OUTFIT-01-14.jpg\",\"contentUrl\":\"https:\/\/lumierenoire.art\/wp-content\/uploads\/2024\/08\/ECO-PRINT-OUTFIT-01-14.jpg\",\"width\":1920,\"height\":1080},{\"@type\":\"BreadcrumbList\",\"@id\":\"https:\/\/lumierenoire.art\/en\/about\/#breadcrumb\",\"itemListElement\":[{\"@type\":\"ListItem\",\"position\":1,\"name\":\"Accueil\",\"item\":\"https:\/\/lumierenoire.art\/en\/\"},{\"@type\":\"ListItem\",\"position\":2,\"name\":\"About\"}]},{\"@type\":\"WebSite\",\"@id\":\"https:\/\/lumierenoire.art\/en\/#website\",\"url\":\"https:\/\/lumierenoire.art\/en\/\",\"name\":\"Lumi\u00e8re Noire\",\"description\":\"\",\"publisher\":{\"@id\":\"https:\/\/lumierenoire.art\/en\/#\/schema\/person\/56d3556e99074dc55833ced2c59631ad\"},\"potentialAction\":[{\"@type\":\"SearchAction\",\"target\":{\"@type\":\"EntryPoint\",\"urlTemplate\":\"https:\/\/lumierenoire.art\/en\/?s={search_term_string}\"},\"query-input\":{\"@type\":\"PropertyValueSpecification\",\"valueRequired\":true,\"valueName\":\"search_term_string\"}}],\"inLanguage\":\"en-US\"},{\"@type\":[\"Person\",\"Organization\"],\"@id\":\"https:\/\/lumierenoire.art\/en\/#\/schema\/person\/56d3556e99074dc55833ced2c59631ad\",\"name\":\"Tanya Dolbec\",\"image\":{\"@type\":\"ImageObject\",\"inLanguage\":\"en-US\",\"@id\":\"https:\/\/lumierenoire.art\/en\/#\/schema\/person\/image\/\",\"url\":\"https:\/\/lumierenoire.art\/wp-content\/uploads\/2020\/01\/logo_light.png\",\"contentUrl\":\"https:\/\/lumierenoire.art\/wp-content\/uploads\/2020\/01\/logo_light.png\",\"width\":227,\"height\":60,\"caption\":\"Tanya Dolbec\"},\"logo\":{\"@id\":\"https:\/\/lumierenoire.art\/en\/#\/schema\/person\/image\/\"},\"sameAs\":[\"https:\/\/lumierenoire.art\",\"https:\/\/www.facebook.com\/lumierenoire.art\",\"https:\/\/www.instagram.com\/tanyadolbec\/\"]}]}<\/script>\n<!-- \/ Yoast SEO plugin. -->","yoast_head_json":{"title":"\u00c0 propos de Tanya Dolbec &#8211; Lumi\u00e8re Noire","description":"Biographie d'une artiste multidisciplinaire qu\u00e9becoise pratiquant la danse contemporaine, le montage vid\u00e9o et la photographie.","robots":{"index":"index","follow":"follow","max-snippet":"max-snippet:-1","max-image-preview":"max-image-preview:large","max-video-preview":"max-video-preview:-1"},"canonical":"https:\/\/lumierenoire.art\/en\/about\/","og_locale":"en_US","og_type":"article","og_title":"\u00c0 propos de Tanya Dolbec &#8211; Lumi\u00e8re Noire","og_description":"Biographie d'une artiste multidisciplinaire qu\u00e9becoise pratiquant la danse contemporaine, le montage vid\u00e9o et la photographie.","og_url":"https:\/\/lumierenoire.art\/en\/about\/","og_site_name":"Lumi\u00e8re Noire","article_publisher":"https:\/\/www.facebook.com\/lumierenoire.art","article_modified_time":"2023-08-31T21:57:04+00:00","og_image":[{"width":1772,"height":1048,"url":"https:\/\/lumierenoire.art\/wp-content\/uploads\/2023\/08\/LOGO-LUMIERENOIRE.jpg","type":"image\/jpeg"}],"twitter_card":"summary_large_image","twitter_misc":{"Est. reading time":"2 minutes"},"schema":{"@context":"https:\/\/schema.org","@graph":[{"@type":"WebPage","@id":"https:\/\/lumierenoire.art\/en\/about\/","url":"https:\/\/lumierenoire.art\/en\/about\/","name":"\u00c0 propos de Tanya Dolbec &#8211; Lumi\u00e8re Noire","isPartOf":{"@id":"https:\/\/lumierenoire.art\/en\/#website"},"primaryImageOfPage":{"@id":"https:\/\/lumierenoire.art\/en\/about\/#primaryimage"},"image":{"@id":"https:\/\/lumierenoire.art\/en\/about\/#primaryimage"},"thumbnailUrl":"https:\/\/lumierenoire.art\/wp-content\/uploads\/2024\/08\/ECO-PRINT-OUTFIT-01-14.jpg","datePublished":"2022-09-16T13:05:44+00:00","dateModified":"2023-08-31T21:57:04+00:00","description":"Biographie d'une artiste multidisciplinaire qu\u00e9becoise pratiquant la danse contemporaine, le montage vid\u00e9o et la photographie.","breadcrumb":{"@id":"https:\/\/lumierenoire.art\/en\/about\/#breadcrumb"},"inLanguage":"en-US","potentialAction":[{"@type":"ReadAction","target":["https:\/\/lumierenoire.art\/en\/about\/"]}]},{"@type":"ImageObject","inLanguage":"en-US","@id":"https:\/\/lumierenoire.art\/en\/about\/#primaryimage","url":"https:\/\/lumierenoire.art\/wp-content\/uploads\/2024\/08\/ECO-PRINT-OUTFIT-01-14.jpg","contentUrl":"https:\/\/lumierenoire.art\/wp-content\/uploads\/2024\/08\/ECO-PRINT-OUTFIT-01-14.jpg","width":1920,"height":1080},{"@type":"BreadcrumbList","@id":"https:\/\/lumierenoire.art\/en\/about\/#breadcrumb","itemListElement":[{"@type":"ListItem","position":1,"name":"Accueil","item":"https:\/\/lumierenoire.art\/en\/"},{"@type":"ListItem","position":2,"name":"About"}]},{"@type":"WebSite","@id":"https:\/\/lumierenoire.art\/en\/#website","url":"https:\/\/lumierenoire.art\/en\/","name":"Lumi\u00e8re Noire","description":"","publisher":{"@id":"https:\/\/lumierenoire.art\/en\/#\/schema\/person\/56d3556e99074dc55833ced2c59631ad"},"potentialAction":[{"@type":"SearchAction","target":{"@type":"EntryPoint","urlTemplate":"https:\/\/lumierenoire.art\/en\/?s={search_term_string}"},"query-input":{"@type":"PropertyValueSpecification","valueRequired":true,"valueName":"search_term_string"}}],"inLanguage":"en-US"},{"@type":["Person","Organization"],"@id":"https:\/\/lumierenoire.art\/en\/#\/schema\/person\/56d3556e99074dc55833ced2c59631ad","name":"Tanya Dolbec","image":{"@type":"ImageObject","inLanguage":"en-US","@id":"https:\/\/lumierenoire.art\/en\/#\/schema\/person\/image\/","url":"https:\/\/lumierenoire.art\/wp-content\/uploads\/2020\/01\/logo_light.png","contentUrl":"https:\/\/lumierenoire.art\/wp-content\/uploads\/2020\/01\/logo_light.png","width":227,"height":60,"caption":"Tanya Dolbec"},"logo":{"@id":"https:\/\/lumierenoire.art\/en\/#\/schema\/person\/image\/"},"sameAs":["https:\/\/lumierenoire.art","https:\/\/www.facebook.com\/lumierenoire.art","https:\/\/www.instagram.com\/tanyadolbec\/"]}]}},"_links":{"self":[{"href":"https:\/\/lumierenoire.art\/en\/wp-json\/wp\/v2\/pages\/3619","targetHints":{"allow":["GET"]}}],"collection":[{"href":"https:\/\/lumierenoire.art\/en\/wp-json\/wp\/v2\/pages"}],"about":[{"href":"https:\/\/lumierenoire.art\/en\/wp-json\/wp\/v2\/types\/page"}],"author":[{"embeddable":true,"href":"https:\/\/lumierenoire.art\/en\/wp-json\/wp\/v2\/users\/2"}],"replies":[{"embeddable":true,"href":"https:\/\/lumierenoire.art\/en\/wp-json\/wp\/v2\/comments?post=3619"}],"version-history":[{"count":0,"href":"https:\/\/lumierenoire.art\/en\/wp-json\/wp\/v2\/pages\/3619\/revisions"}],"wp:featuredmedia":[{"embeddable":true,"href":"https:\/\/lumierenoire.art\/en\/wp-json\/wp\/v2\/media\/11514"}],"wp:attachment":[{"href":"https:\/\/lumierenoire.art\/en\/wp-json\/wp\/v2\/media?parent=3619"}],"curies":[{"name":"wp","href":"https:\/\/api.w.org\/{rel}","templated":true}]}}