{"id":3567,"date":"2020-11-28T09:51:41","date_gmt":"2020-11-28T14:51:41","guid":{"rendered":"https:\/\/lumierenoire.art\/?page_id=3567"},"modified":"2024-04-05T10:57:30","modified_gmt":"2024-04-05T14:57:30","slug":"photography","status":"publish","type":"page","link":"https:\/\/lumierenoire.art\/en\/services\/photography\/","title":{"rendered":"Photography"},"content":{"rendered":"\t\t<div data-elementor-type=\"wp-post\" data-elementor-id=\"3567\" class=\"elementor elementor-3567 elementor-3391\">\n\t\t\t\t\t\t<section class=\"elementor-section elementor-top-section elementor-element elementor-element-8ea3e3d elementor-section-boxed elementor-section-height-default elementor-section-height-default\" data-id=\"8ea3e3d\" data-element_type=\"section\">\n\t\t\t\t\t\t<div class=\"elementor-container elementor-column-gap-default\">\n\t\t\t\t\t<div class=\"elementor-column elementor-col-100 elementor-top-column elementor-element elementor-element-998c9e1\" data-id=\"998c9e1\" data-element_type=\"column\">\n\t\t\t<div class=\"elementor-widget-wrap elementor-element-populated\">\n\t\t\t\t\t\t<div class=\"elementor-element elementor-element-658b60e elementor-widget elementor-widget-text-editor\" data-id=\"658b60e\" data-element_type=\"widget\" data-widget_type=\"text-editor.default\">\n\t\t\t\t<div class=\"elementor-widget-container\">\n\t\t\t\t\t\t\t\t\t<h2 style=\"font-weight: var( --e-global-typography-primary-font-weight ); line-height: 1.2em; color: #0d1719; font-family: var( --e-global-typography-primary-font-family ); text-align: center;\"><strong style=\"color: var( --e-global-color-text ); font-family: 'Cutive Mono', sans-serif; font-size: 18px;\">CAPTURE THE ESSENTIALS WITH TANYA DOLBEC FOR AN OPTIMAL VISIBILITY ON SOCIAL NETWORKS, PROMOTION OF YOUR PRODUCTS, PRESENTATION OF AN EVENT, BETTER VISUAL FOR YOUR WEBSITE AND MORE!<br \/><\/strong><\/h2>\t\t\t\t\t\t\t\t<\/div>\n\t\t\t\t<\/div>\n\t\t\t\t\t<\/div>\n\t\t<\/div>\n\t\t\t\t\t<\/div>\n\t\t<\/section>\n\t\t\t\t<section class=\"elementor-section elementor-top-section elementor-element elementor-element-5896565e elementor-section-content-middle elementor-section-full_width elementor-section-height-default elementor-section-height-default\" data-id=\"5896565e\" data-element_type=\"section\">\n\t\t\t\t\t\t<div class=\"elementor-container elementor-column-gap-no\">\n\t\t\t\t\t<div class=\"elementor-column elementor-col-100 elementor-top-column elementor-element elementor-element-1ff85cc\" data-id=\"1ff85cc\" data-element_type=\"column\">\n\t\t\t<div class=\"elementor-widget-wrap elementor-element-populated\">\n\t\t\t\t\t\t<div class=\"elementor-element elementor-element-2766b9b9 elementor-widget elementor-widget-text-editor\" data-id=\"2766b9b9\" data-element_type=\"widget\" data-widget_type=\"text-editor.default\">\n\t\t\t\t<div class=\"elementor-widget-container\">\n\t\t\t\t\t\t\t\t\t<p style=\"text-align: center;\"><strong>Quality photography is the star recipe for success and credible, professional visibility. Retouching services are also available to improve the quality of your photos, remove certain defects or allow an image to come to life. Tanya Dolbec will ensure a dynamic and positive collaboration focused above all on your needs and requests. Possessing great skills in body language, she will make you feel at ease during photo sessions while listening to your production requirements.<br \/><\/strong><\/p>\t\t\t\t\t\t\t\t<\/div>\n\t\t\t\t<\/div>\n\t\t\t\t<div class=\"elementor-element elementor-element-def197b elementor-align-center elementor-widget elementor-widget-button\" data-id=\"def197b\" data-element_type=\"widget\" data-widget_type=\"button.default\">\n\t\t\t\t<div class=\"elementor-widget-container\">\n\t\t\t\t\t\t\t\t\t<div class=\"elementor-button-wrapper\">\n\t\t\t\t\t<a class=\"elementor-button elementor-button-link elementor-size-xs\" href=\"https:\/\/lumierenoire.art\/wp-content\/uploads\/2024\/04\/CV-ART-ANGLAIS-2024.pdf\" target=\"_blank\">\n\t\t\t\t\t\t<span class=\"elementor-button-content-wrapper\">\n\t\t\t\t\t\t\t\t\t<span class=\"elementor-button-text\">Download the curriculum vitae<\/span>\n\t\t\t\t\t<\/span>\n\t\t\t\t\t<\/a>\n\t\t\t\t<\/div>\n\t\t\t\t\t\t\t\t<\/div>\n\t\t\t\t<\/div>\n\t\t\t\t<div class=\"elementor-element elementor-element-3f0d3bf elementor-align-center elementor-widget elementor-widget-button\" data-id=\"3f0d3bf\" data-element_type=\"widget\" data-widget_type=\"button.default\">\n\t\t\t\t<div class=\"elementor-widget-container\">\n\t\t\t\t\t\t\t\t\t<div class=\"elementor-button-wrapper\">\n\t\t\t\t\t<a class=\"elementor-button elementor-button-link elementor-size-xs\" href=\"https:\/\/lumierenoire.art\/en\/contact-2\">\n\t\t\t\t\t\t<span class=\"elementor-button-content-wrapper\">\n\t\t\t\t\t\t\t\t\t<span class=\"elementor-button-text\">Get a cost estimate<\/span>\n\t\t\t\t\t<\/span>\n\t\t\t\t\t<\/a>\n\t\t\t\t<\/div>\n\t\t\t\t\t\t\t\t<\/div>\n\t\t\t\t<\/div>\n\t\t\t\t\t<\/div>\n\t\t<\/div>\n\t\t\t\t\t<\/div>\n\t\t<\/section>\n\t\t\t\t<section class=\"elementor-section elementor-top-section elementor-element elementor-element-82c49ab elementor-section-boxed elementor-section-height-default elementor-section-height-default\" data-id=\"82c49ab\" data-element_type=\"section\">\n\t\t\t\t\t\t<div class=\"elementor-container elementor-column-gap-default\">\n\t\t\t\t\t<div class=\"elementor-column elementor-col-100 elementor-top-column elementor-element elementor-element-edba881\" data-id=\"edba881\" data-element_type=\"column\">\n\t\t\t<div class=\"elementor-widget-wrap elementor-element-populated\">\n\t\t\t\t\t\t<div class=\"elementor-element elementor-element-05f1aed elementor-widget elementor-widget-text-editor\" data-id=\"05f1aed\" data-element_type=\"widget\" data-widget_type=\"text-editor.default\">\n\t\t\t\t<div class=\"elementor-widget-container\">\n\t\t\t\t\t\t\t\t\t<h2 style=\"font-weight: var( --e-global-typography-primary-font-weight ); line-height: 1.2em; color: #0d1719; font-family: var( --e-global-typography-primary-font-family ); text-align: center;\"><strong style=\"color: var( --e-global-color-text ); font-family: 'Cutive Mono', sans-serif; font-size: 18px;\">PORTEFOLIO<\/strong><\/h2>\t\t\t\t\t\t\t\t<\/div>\n\t\t\t\t<\/div>\n\t\t\t\t\t<\/div>\n\t\t<\/div>\n\t\t\t\t\t<\/div>\n\t\t<\/section>\n\t\t\t\t<section class=\"elementor-section elementor-top-section elementor-element elementor-element-32b391e elementor-section-boxed elementor-section-height-default elementor-section-height-default\" data-id=\"32b391e\" data-element_type=\"section\">\n\t\t\t\t\t\t<div class=\"elementor-container elementor-column-gap-default\">\n\t\t\t\t\t<div class=\"elementor-column elementor-col-100 elementor-top-column elementor-element elementor-element-9eb171f\" data-id=\"9eb171f\" data-element_type=\"column\">\n\t\t\t<div class=\"elementor-widget-wrap elementor-element-populated\">\n\t\t\t\t\t\t<div class=\"elementor-element elementor-element-8f3d032 elementor-widget elementor-widget-shortcode\" data-id=\"8f3d032\" data-element_type=\"widget\" data-widget_type=\"shortcode.default\">\n\t\t\t\t<div class=\"elementor-widget-container\">\n\t\t\t\t\t\t\t<div class=\"elementor-shortcode\"><div class=\"short-portfolio-grid-holder\"><div class=\"port-grid port-grid-3cols\"><div class=\"row portfolio-layout-masonry\"><div class=\"col-sm-6 col-lg-4 item-portfolio home  photos \"><div class=\"port-item-htext\"><a href=\"https:\/\/lumierenoire.art\/en\/portfolio\/portraits\/\"><div class=\"background-color\" style=\"background:#6c7f00\"><\/div><div class=\"port-img\"><img fetchpriority=\"high\" decoding=\"async\" width=\"850\" height=\"800\" src=\"https:\/\/lumierenoire.art\/wp-content\/uploads\/2020\/05\/PORTRAIT-WEBSITE-15-850x800.jpg\" class=\"img-fluid wp-post-image\" alt=\"Portraits\" \/><\/div><div class=\"port-caption\"><h2>Portraits<\/h2><ul class=\"portfolio-categ\"><li>Photos<\/li><\/ul><\/div><div class=\"album-arrow-grid\"><\/div><\/a><\/div><\/div><div class=\"col-sm-6 col-lg-4 item-portfolio photos \"><div class=\"port-item-htext\"><a href=\"https:\/\/lumierenoire.art\/en\/portfolio\/portraits-famille\/\"><div class=\"background-color\" style=\"background:#d8a0ce\"><\/div><div class=\"port-img\"><img decoding=\"async\" width=\"850\" height=\"800\" src=\"https:\/\/lumierenoire.art\/wp-content\/uploads\/2021\/08\/FAMILLY-12-850x800.jpg\" class=\"img-fluid wp-post-image\" alt=\"Portraits de famille\" \/><\/div><div class=\"port-caption\"><h2>Portraits de famille<\/h2><ul class=\"portfolio-categ\"><li>Photos<\/li><\/ul><\/div><div class=\"album-arrow-grid\"><\/div><\/a><\/div><\/div><div class=\"col-sm-6 col-lg-4 item-portfolio home  photos \"><div class=\"port-item-htext\"><a href=\"https:\/\/lumierenoire.art\/en\/portfolio\/photographies-de-produits\/\"><div class=\"background-color\" style=\"background:#e8c100\"><\/div><div class=\"port-img\"><img decoding=\"async\" width=\"850\" height=\"800\" src=\"https:\/\/lumierenoire.art\/wp-content\/uploads\/2024\/07\/ARIK-DE-VIENNE-PRODUIT-70-850x800.jpg\" class=\"img-fluid wp-post-image\" alt=\"Photographies de produits\" \/><\/div><div class=\"port-caption\"><h2>Photographies de produits<\/h2><ul class=\"portfolio-categ\"><li>Photos<\/li><\/ul><\/div><div class=\"album-arrow-grid\"><\/div><\/a><\/div><\/div><div class=\"col-sm-6 col-lg-4 item-portfolio photos \"><div class=\"port-item-htext\"><a href=\"https:\/\/lumierenoire.art\/en\/portfolio\/paysages\/\"><div class=\"background-color\" style=\"background:#d6913e\"><\/div><div class=\"port-img\"><img loading=\"lazy\" decoding=\"async\" width=\"850\" height=\"800\" src=\"https:\/\/lumierenoire.art\/wp-content\/uploads\/2020\/02\/p\u00eache2020-21-of-52_resized-850x800.jpg\" class=\"img-fluid wp-post-image\" alt=\"Paysages\" \/><\/div><div class=\"port-caption\"><h2>Paysages<\/h2><ul class=\"portfolio-categ\"><li>Photos<\/li><\/ul><\/div><div class=\"album-arrow-grid\"><\/div><\/a><\/div><\/div><div class=\"col-sm-6 col-lg-4 item-portfolio photos \"><div class=\"port-item-htext\"><a href=\"https:\/\/lumierenoire.art\/en\/portfolio\/2-cafes-2-laits-2-sucres-evenement\/\"><div class=\"background-color\" style=\"background:#efefef\"><\/div><div class=\"port-img\"><img loading=\"lazy\" decoding=\"async\" width=\"850\" height=\"800\" src=\"https:\/\/lumierenoire.art\/wp-content\/uploads\/2020\/02\/58_2c2l2s_evenement-850x800.jpg\" class=\"img-fluid wp-post-image\" alt=\"2 caf\u00e9s 2 laits 2 sucres &#8211; \u00c9v\u00e9nement\" \/><\/div><div class=\"port-caption\"><h2>2 caf\u00e9s 2 laits 2 sucres &#8211; \u00c9v\u00e9nement<\/h2><ul class=\"portfolio-categ\"><li>Photos<\/li><\/ul><\/div><div class=\"album-arrow-grid\"><\/div><\/a><\/div><\/div><div class=\"col-sm-6 col-lg-4 item-portfolio home  photos \"><div class=\"port-item-htext\"><a href=\"https:\/\/lumierenoire.art\/en\/portfolio\/portraits-dartistes\/\"><div class=\"background-color\" style=\"background:#d1e4f5\"><\/div><div class=\"port-img\"><img loading=\"lazy\" decoding=\"async\" width=\"850\" height=\"800\" src=\"https:\/\/lumierenoire.art\/wp-content\/uploads\/2021\/08\/CARON-ALEXANDRA_11_06_21-9-of-14_resized-850x800.jpg\" class=\"img-fluid wp-post-image\" alt=\"Portraits d&#8217;Artistes\" \/><\/div><div class=\"port-caption\"><h2>Portraits d&#8217;Artistes<\/h2><ul class=\"portfolio-categ\"><li>Photos<\/li><\/ul><\/div><div class=\"album-arrow-grid\"><\/div><\/a><\/div><\/div><\/div><\/div><\/div><\/div>\n\t\t\t\t\t\t<\/div>\n\t\t\t\t<\/div>\n\t\t\t\t<div class=\"elementor-element elementor-element-dcd5fbf elementor-align-center elementor-widget elementor-widget-button\" data-id=\"dcd5fbf\" data-element_type=\"widget\" data-widget_type=\"button.default\">\n\t\t\t\t<div class=\"elementor-widget-container\">\n\t\t\t\t\t\t\t\t\t<div class=\"elementor-button-wrapper\">\n\t\t\t\t\t<a class=\"elementor-button elementor-button-link elementor-size-xs\" href=\"https:\/\/lumierenoire.art\/photographie\">\n\t\t\t\t\t\t<span class=\"elementor-button-content-wrapper\">\n\t\t\t\t\t\t\t\t\t<span class=\"elementor-button-text\">See the complete portfolio<\/span>\n\t\t\t\t\t<\/span>\n\t\t\t\t\t<\/a>\n\t\t\t\t<\/div>\n\t\t\t\t\t\t\t\t<\/div>\n\t\t\t\t<\/div>\n\t\t\t\t<div class=\"elementor-element elementor-element-eec1041 elementor-widget elementor-widget-spacer\" data-id=\"eec1041\" data-element_type=\"widget\" data-widget_type=\"spacer.default\">\n\t\t\t\t<div class=\"elementor-widget-container\">\n\t\t\t\t\t\t\t<div class=\"elementor-spacer\">\n\t\t\t<div class=\"elementor-spacer-inner\"><\/div>\n\t\t<\/div>\n\t\t\t\t\t\t<\/div>\n\t\t\t\t<\/div>\n\t\t\t\t\t<\/div>\n\t\t<\/div>\n\t\t\t\t\t<\/div>\n\t\t<\/section>\n\t\t\t\t<section class=\"elementor-section elementor-top-section elementor-element elementor-element-72063741 elementor-section-full_width elementor-section-stretched elementor-section-height-default elementor-section-height-default\" data-id=\"72063741\" data-element_type=\"section\" data-settings=\"{&quot;stretch_section&quot;:&quot;section-stretched&quot;,&quot;background_background&quot;:&quot;classic&quot;}\">\n\t\t\t\t\t\t\t<div class=\"elementor-background-overlay\"><\/div>\n\t\t\t\t\t\t\t<div class=\"elementor-container elementor-column-gap-default\">\n\t\t\t\t\t<div class=\"elementor-column elementor-col-100 elementor-top-column elementor-element elementor-element-7ff67f86\" data-id=\"7ff67f86\" data-element_type=\"column\">\n\t\t\t<div class=\"elementor-widget-wrap elementor-element-populated\">\n\t\t\t\t\t\t<section class=\"elementor-section elementor-inner-section elementor-element elementor-element-fe10a4c elementor-section-boxed elementor-section-height-default elementor-section-height-default\" data-id=\"fe10a4c\" data-element_type=\"section\">\n\t\t\t\t\t\t<div class=\"elementor-container elementor-column-gap-default\">\n\t\t\t\t\t<div class=\"elementor-column elementor-col-100 elementor-inner-column elementor-element elementor-element-309d217e\" data-id=\"309d217e\" data-element_type=\"column\">\n\t\t\t<div class=\"elementor-widget-wrap elementor-element-populated\">\n\t\t\t\t\t\t<div class=\"elementor-element elementor-element-8efd8e2 elementor-align-center elementor-widget elementor-widget-button\" data-id=\"8efd8e2\" data-element_type=\"widget\" data-widget_type=\"button.default\">\n\t\t\t\t<div class=\"elementor-widget-container\">\n\t\t\t\t\t\t\t\t\t<div class=\"elementor-button-wrapper\">\n\t\t\t\t\t<a class=\"elementor-button elementor-button-link elementor-size-xs\" href=\"https:\/\/lumierenoire.art\/en\/contact-2\">\n\t\t\t\t\t\t<span class=\"elementor-button-content-wrapper\">\n\t\t\t\t\t\t\t\t\t<span class=\"elementor-button-text\">Contact Lumi\u00e8re Noire<\/span>\n\t\t\t\t\t<\/span>\n\t\t\t\t\t<\/a>\n\t\t\t\t<\/div>\n\t\t\t\t\t\t\t\t<\/div>\n\t\t\t\t<\/div>\n\t\t\t\t\t<\/div>\n\t\t<\/div>\n\t\t\t\t\t<\/div>\n\t\t<\/section>\n\t\t\t\t<section class=\"elementor-section elementor-inner-section elementor-element elementor-element-9e2559b elementor-section-boxed elementor-section-height-default elementor-section-height-default\" data-id=\"9e2559b\" data-element_type=\"section\">\n\t\t\t\t\t\t<div class=\"elementor-container elementor-column-gap-default\">\n\t\t\t\t\t<div class=\"elementor-column elementor-col-100 elementor-inner-column elementor-element elementor-element-252a624\" data-id=\"252a624\" data-element_type=\"column\">\n\t\t\t<div class=\"elementor-widget-wrap elementor-element-populated\">\n\t\t\t\t\t\t<div class=\"elementor-element elementor-element-db60a0c elementor-align-center elementor-widget elementor-widget-button\" data-id=\"db60a0c\" data-element_type=\"widget\" data-widget_type=\"button.default\">\n\t\t\t\t<div class=\"elementor-widget-container\">\n\t\t\t\t\t\t\t\t\t<div class=\"elementor-button-wrapper\">\n\t\t\t\t\t<a class=\"elementor-button elementor-button-link elementor-size-xs\" href=\"https:\/\/lumierenoire.art\/en\/photography-video-editing-services\/\">\n\t\t\t\t\t\t<span class=\"elementor-button-content-wrapper\">\n\t\t\t\t\t\t\t\t\t<span class=\"elementor-button-text\">Learn more about other services<\/span>\n\t\t\t\t\t<\/span>\n\t\t\t\t\t<\/a>\n\t\t\t\t<\/div>\n\t\t\t\t\t\t\t\t<\/div>\n\t\t\t\t<\/div>\n\t\t\t\t\t<\/div>\n\t\t<\/div>\n\t\t\t\t\t<\/div>\n\t\t<\/section>\n\t\t\t\t\t<\/div>\n\t\t<\/div>\n\t\t\t\t\t<\/div>\n\t\t<\/section>\n\t\t\t\t<\/div>\n\t\t","protected":false},"excerpt":{"rendered":"<p>CAPTURE THE ESSENTIALS WITH TANYA DOLBEC FOR AN OPTIMAL VISIBILITY ON SOCIAL NETWORKS, PROMOTION OF YOUR PRODUCTS, PRESENTATION OF AN EVENT, BETTER VISUAL FOR YOUR WEBSITE AND MORE! Quality photography is the star recipe for success and credible, professional visibility. Retouching services are also available to improve the quality of&#8230;<\/p>\n","protected":false},"author":2,"featured_media":11320,"parent":3553,"menu_order":0,"comment_status":"closed","ping_status":"closed","template":"","meta":{"_acf_changed":false,"footnotes":""},"class_list":["post-3567","page","type-page","status-publish","has-post-thumbnail","hentry"],"acf":[],"yoast_head":"<!-- This site is optimized with the Yoast SEO plugin v25.4 - https:\/\/yoast.com\/wordpress\/plugins\/seo\/ -->\n<title>Montr\u00e9al Photographer &#8211; Lumi\u00e8re Noire<\/title>\n<meta name=\"description\" content=\"Capture the essentials with Tanya Dolbec for social networking, product promotion, event presentation, website visuals and more!\" \/>\n<meta name=\"robots\" content=\"index, follow, max-snippet:-1, max-image-preview:large, max-video-preview:-1\" \/>\n<link rel=\"canonical\" href=\"https:\/\/lumierenoire.art\/en\/services\/photography\/\" \/>\n<meta property=\"og:locale\" content=\"en_US\" \/>\n<meta property=\"og:type\" content=\"article\" \/>\n<meta property=\"og:title\" content=\"Montr\u00e9al Photographer &#8211; Lumi\u00e8re Noire\" \/>\n<meta property=\"og:description\" content=\"Capture the essentials with Tanya Dolbec for social networking, product promotion, event presentation, website visuals and more!\" \/>\n<meta property=\"og:url\" content=\"https:\/\/lumierenoire.art\/en\/services\/photography\/\" \/>\n<meta property=\"og:site_name\" content=\"Lumi\u00e8re Noire\" \/>\n<meta property=\"article:publisher\" content=\"https:\/\/www.facebook.com\/lumierenoire.art\" \/>\n<meta property=\"article:modified_time\" content=\"2024-04-05T14:57:30+00:00\" \/>\n<meta property=\"og:image\" content=\"https:\/\/lumierenoire.art\/wp-content\/uploads\/2022\/09\/LAUREELI-scaled.jpg\" \/>\n\t<meta property=\"og:image:width\" content=\"2560\" \/>\n\t<meta property=\"og:image:height\" content=\"1439\" \/>\n\t<meta property=\"og:image:type\" content=\"image\/jpeg\" \/>\n<meta name=\"twitter:card\" content=\"summary_large_image\" \/>\n<meta name=\"twitter:label1\" content=\"Est. reading time\" \/>\n\t<meta name=\"twitter:data1\" content=\"1 minute\" \/>\n<script type=\"application\/ld+json\" class=\"yoast-schema-graph\">{\"@context\":\"https:\/\/schema.org\",\"@graph\":[{\"@type\":\"WebPage\",\"@id\":\"https:\/\/lumierenoire.art\/en\/services\/photography\/\",\"url\":\"https:\/\/lumierenoire.art\/en\/services\/photography\/\",\"name\":\"Montr\u00e9al Photographer &#8211; Lumi\u00e8re Noire\",\"isPartOf\":{\"@id\":\"https:\/\/lumierenoire.art\/en\/#website\"},\"primaryImageOfPage\":{\"@id\":\"https:\/\/lumierenoire.art\/en\/services\/photography\/#primaryimage\"},\"image\":{\"@id\":\"https:\/\/lumierenoire.art\/en\/services\/photography\/#primaryimage\"},\"thumbnailUrl\":\"https:\/\/lumierenoire.art\/wp-content\/uploads\/2020\/05\/PORTRAIT-WEBSITE-13.jpg\",\"datePublished\":\"2020-11-28T14:51:41+00:00\",\"dateModified\":\"2024-04-05T14:57:30+00:00\",\"description\":\"Capture the essentials with Tanya Dolbec for social networking, product promotion, event presentation, website visuals and more!\",\"breadcrumb\":{\"@id\":\"https:\/\/lumierenoire.art\/en\/services\/photography\/#breadcrumb\"},\"inLanguage\":\"en-US\",\"potentialAction\":[{\"@type\":\"ReadAction\",\"target\":[\"https:\/\/lumierenoire.art\/en\/services\/photography\/\"]}]},{\"@type\":\"ImageObject\",\"inLanguage\":\"en-US\",\"@id\":\"https:\/\/lumierenoire.art\/en\/services\/photography\/#primaryimage\",\"url\":\"https:\/\/lumierenoire.art\/wp-content\/uploads\/2020\/05\/PORTRAIT-WEBSITE-13.jpg\",\"contentUrl\":\"https:\/\/lumierenoire.art\/wp-content\/uploads\/2020\/05\/PORTRAIT-WEBSITE-13.jpg\",\"width\":1920,\"height\":1080},{\"@type\":\"BreadcrumbList\",\"@id\":\"https:\/\/lumierenoire.art\/en\/services\/photography\/#breadcrumb\",\"itemListElement\":[{\"@type\":\"ListItem\",\"position\":1,\"name\":\"Accueil\",\"item\":\"https:\/\/lumierenoire.art\/en\/\"},{\"@type\":\"ListItem\",\"position\":2,\"name\":\"Services\",\"item\":\"https:\/\/lumierenoire.art\/en\/services\/\"},{\"@type\":\"ListItem\",\"position\":3,\"name\":\"Photography\"}]},{\"@type\":\"WebSite\",\"@id\":\"https:\/\/lumierenoire.art\/en\/#website\",\"url\":\"https:\/\/lumierenoire.art\/en\/\",\"name\":\"Lumi\u00e8re Noire\",\"description\":\"\",\"publisher\":{\"@id\":\"https:\/\/lumierenoire.art\/en\/#\/schema\/person\/56d3556e99074dc55833ced2c59631ad\"},\"potentialAction\":[{\"@type\":\"SearchAction\",\"target\":{\"@type\":\"EntryPoint\",\"urlTemplate\":\"https:\/\/lumierenoire.art\/en\/?s={search_term_string}\"},\"query-input\":{\"@type\":\"PropertyValueSpecification\",\"valueRequired\":true,\"valueName\":\"search_term_string\"}}],\"inLanguage\":\"en-US\"},{\"@type\":[\"Person\",\"Organization\"],\"@id\":\"https:\/\/lumierenoire.art\/en\/#\/schema\/person\/56d3556e99074dc55833ced2c59631ad\",\"name\":\"Tanya Dolbec\",\"image\":{\"@type\":\"ImageObject\",\"inLanguage\":\"en-US\",\"@id\":\"https:\/\/lumierenoire.art\/en\/#\/schema\/person\/image\/\",\"url\":\"https:\/\/lumierenoire.art\/wp-content\/uploads\/2020\/01\/logo_light.png\",\"contentUrl\":\"https:\/\/lumierenoire.art\/wp-content\/uploads\/2020\/01\/logo_light.png\",\"width\":227,\"height\":60,\"caption\":\"Tanya Dolbec\"},\"logo\":{\"@id\":\"https:\/\/lumierenoire.art\/en\/#\/schema\/person\/image\/\"},\"sameAs\":[\"https:\/\/lumierenoire.art\",\"https:\/\/www.facebook.com\/lumierenoire.art\",\"https:\/\/www.instagram.com\/tanyadolbec\/\"]}]}<\/script>\n<!-- \/ Yoast SEO plugin. -->","yoast_head_json":{"title":"Montr\u00e9al Photographer &#8211; Lumi\u00e8re Noire","description":"Capture the essentials with Tanya Dolbec for social networking, product promotion, event presentation, website visuals and more!","robots":{"index":"index","follow":"follow","max-snippet":"max-snippet:-1","max-image-preview":"max-image-preview:large","max-video-preview":"max-video-preview:-1"},"canonical":"https:\/\/lumierenoire.art\/en\/services\/photography\/","og_locale":"en_US","og_type":"article","og_title":"Montr\u00e9al Photographer &#8211; Lumi\u00e8re Noire","og_description":"Capture the essentials with Tanya Dolbec for social networking, product promotion, event presentation, website visuals and more!","og_url":"https:\/\/lumierenoire.art\/en\/services\/photography\/","og_site_name":"Lumi\u00e8re Noire","article_publisher":"https:\/\/www.facebook.com\/lumierenoire.art","article_modified_time":"2024-04-05T14:57:30+00:00","og_image":[{"width":2560,"height":1439,"url":"https:\/\/lumierenoire.art\/wp-content\/uploads\/2022\/09\/LAUREELI-scaled.jpg","type":"image\/jpeg"}],"twitter_card":"summary_large_image","twitter_misc":{"Est. reading time":"1 minute"},"schema":{"@context":"https:\/\/schema.org","@graph":[{"@type":"WebPage","@id":"https:\/\/lumierenoire.art\/en\/services\/photography\/","url":"https:\/\/lumierenoire.art\/en\/services\/photography\/","name":"Montr\u00e9al Photographer &#8211; Lumi\u00e8re Noire","isPartOf":{"@id":"https:\/\/lumierenoire.art\/en\/#website"},"primaryImageOfPage":{"@id":"https:\/\/lumierenoire.art\/en\/services\/photography\/#primaryimage"},"image":{"@id":"https:\/\/lumierenoire.art\/en\/services\/photography\/#primaryimage"},"thumbnailUrl":"https:\/\/lumierenoire.art\/wp-content\/uploads\/2020\/05\/PORTRAIT-WEBSITE-13.jpg","datePublished":"2020-11-28T14:51:41+00:00","dateModified":"2024-04-05T14:57:30+00:00","description":"Capture the essentials with Tanya Dolbec for social networking, product promotion, event presentation, website visuals and more!","breadcrumb":{"@id":"https:\/\/lumierenoire.art\/en\/services\/photography\/#breadcrumb"},"inLanguage":"en-US","potentialAction":[{"@type":"ReadAction","target":["https:\/\/lumierenoire.art\/en\/services\/photography\/"]}]},{"@type":"ImageObject","inLanguage":"en-US","@id":"https:\/\/lumierenoire.art\/en\/services\/photography\/#primaryimage","url":"https:\/\/lumierenoire.art\/wp-content\/uploads\/2020\/05\/PORTRAIT-WEBSITE-13.jpg","contentUrl":"https:\/\/lumierenoire.art\/wp-content\/uploads\/2020\/05\/PORTRAIT-WEBSITE-13.jpg","width":1920,"height":1080},{"@type":"BreadcrumbList","@id":"https:\/\/lumierenoire.art\/en\/services\/photography\/#breadcrumb","itemListElement":[{"@type":"ListItem","position":1,"name":"Accueil","item":"https:\/\/lumierenoire.art\/en\/"},{"@type":"ListItem","position":2,"name":"Services","item":"https:\/\/lumierenoire.art\/en\/services\/"},{"@type":"ListItem","position":3,"name":"Photography"}]},{"@type":"WebSite","@id":"https:\/\/lumierenoire.art\/en\/#website","url":"https:\/\/lumierenoire.art\/en\/","name":"Lumi\u00e8re Noire","description":"","publisher":{"@id":"https:\/\/lumierenoire.art\/en\/#\/schema\/person\/56d3556e99074dc55833ced2c59631ad"},"potentialAction":[{"@type":"SearchAction","target":{"@type":"EntryPoint","urlTemplate":"https:\/\/lumierenoire.art\/en\/?s={search_term_string}"},"query-input":{"@type":"PropertyValueSpecification","valueRequired":true,"valueName":"search_term_string"}}],"inLanguage":"en-US"},{"@type":["Person","Organization"],"@id":"https:\/\/lumierenoire.art\/en\/#\/schema\/person\/56d3556e99074dc55833ced2c59631ad","name":"Tanya Dolbec","image":{"@type":"ImageObject","inLanguage":"en-US","@id":"https:\/\/lumierenoire.art\/en\/#\/schema\/person\/image\/","url":"https:\/\/lumierenoire.art\/wp-content\/uploads\/2020\/01\/logo_light.png","contentUrl":"https:\/\/lumierenoire.art\/wp-content\/uploads\/2020\/01\/logo_light.png","width":227,"height":60,"caption":"Tanya Dolbec"},"logo":{"@id":"https:\/\/lumierenoire.art\/en\/#\/schema\/person\/image\/"},"sameAs":["https:\/\/lumierenoire.art","https:\/\/www.facebook.com\/lumierenoire.art","https:\/\/www.instagram.com\/tanyadolbec\/"]}]}},"_links":{"self":[{"href":"https:\/\/lumierenoire.art\/en\/wp-json\/wp\/v2\/pages\/3567","targetHints":{"allow":["GET"]}}],"collection":[{"href":"https:\/\/lumierenoire.art\/en\/wp-json\/wp\/v2\/pages"}],"about":[{"href":"https:\/\/lumierenoire.art\/en\/wp-json\/wp\/v2\/types\/page"}],"author":[{"embeddable":true,"href":"https:\/\/lumierenoire.art\/en\/wp-json\/wp\/v2\/users\/2"}],"replies":[{"embeddable":true,"href":"https:\/\/lumierenoire.art\/en\/wp-json\/wp\/v2\/comments?post=3567"}],"version-history":[{"count":0,"href":"https:\/\/lumierenoire.art\/en\/wp-json\/wp\/v2\/pages\/3567\/revisions"}],"up":[{"embeddable":true,"href":"https:\/\/lumierenoire.art\/en\/wp-json\/wp\/v2\/pages\/3553"}],"wp:featuredmedia":[{"embeddable":true,"href":"https:\/\/lumierenoire.art\/en\/wp-json\/wp\/v2\/media\/11320"}],"wp:attachment":[{"href":"https:\/\/lumierenoire.art\/en\/wp-json\/wp\/v2\/media?parent=3567"}],"curies":[{"name":"wp","href":"https:\/\/api.w.org\/{rel}","templated":true}]}}