{"id":3565,"date":"2020-11-28T16:35:12","date_gmt":"2020-11-28T21:35:12","guid":{"rendered":"https:\/\/lumierenoire.art\/?page_id=3565"},"modified":"2022-09-19T13:47:30","modified_gmt":"2022-09-19T17:47:30","slug":"choreography-and-installations","status":"publish","type":"page","link":"https:\/\/lumierenoire.art\/en\/services\/choreography-and-installations\/","title":{"rendered":"Contemporary dance and collaborations"},"content":{"rendered":"\t\t<div data-elementor-type=\"wp-post\" data-elementor-id=\"3565\" class=\"elementor elementor-3565\">\n\t\t\t\t\t\t<section class=\"elementor-section elementor-top-section elementor-element elementor-element-2d3b276a elementor-section-boxed elementor-section-height-default elementor-section-height-default\" data-id=\"2d3b276a\" data-element_type=\"section\">\n\t\t\t\t\t\t<div class=\"elementor-container elementor-column-gap-default\">\n\t\t\t\t\t<div class=\"elementor-column elementor-col-100 elementor-top-column elementor-element elementor-element-46af3eb6\" data-id=\"46af3eb6\" data-element_type=\"column\">\n\t\t\t<div class=\"elementor-widget-wrap elementor-element-populated\">\n\t\t\t\t\t\t<div class=\"elementor-element elementor-element-da321bc elementor-widget elementor-widget-text-editor\" data-id=\"da321bc\" data-element_type=\"widget\" data-widget_type=\"text-editor.default\">\n\t\t\t\t<div class=\"elementor-widget-container\">\n\t\t\t\t\t\t\t\t\t<p style=\"text-align: center;\">WHEN WORRYING STRANGENESS MEETS MOVEMENT<\/p>\t\t\t\t\t\t\t\t<\/div>\n\t\t\t\t<\/div>\n\t\t\t\t\t<\/div>\n\t\t<\/div>\n\t\t\t\t\t<\/div>\n\t\t<\/section>\n\t\t\t\t<section class=\"elementor-section elementor-top-section elementor-element elementor-element-8c21377 elementor-section-content-middle elementor-section-boxed elementor-section-height-default elementor-section-height-default\" data-id=\"8c21377\" data-element_type=\"section\">\n\t\t\t\t\t\t<div class=\"elementor-container elementor-column-gap-no\">\n\t\t\t\t\t<div class=\"elementor-column elementor-col-100 elementor-top-column elementor-element elementor-element-ec555e3\" data-id=\"ec555e3\" data-element_type=\"column\">\n\t\t\t<div class=\"elementor-widget-wrap elementor-element-populated\">\n\t\t\t\t\t\t<div class=\"elementor-element elementor-element-000c12c elementor-widget elementor-widget-text-editor\" data-id=\"000c12c\" data-element_type=\"widget\" data-widget_type=\"text-editor.default\">\n\t\t\t\t<div class=\"elementor-widget-container\">\n\t\t\t\t\t\t\t\t\t<p>Lumi\u00e8re Noire is committed to the creation of multidisciplinary arts through research on body control and feminine identity. Her choreographies and installations consist of creating unusual environments that exclaim and live by themselves.<\/p><p>Her aesthetics are inspired by Freud&#8217;s theory of the worrying strangeness and horror cinema. That is to say, a relationship between the animate and the inanimate, a confusion between reality and the imaginary, the notion of the double, references to death and the feeling of &#8220;d\u00e9j\u00e0 vu&#8221;.<\/p><p>Tanya Dolbec questions the part of control we have over our identity and over others in an imaginary and duplicated context of reality that represents the flaws of the relational, economic, political and ethical system in which we live. Lumi\u00e8re Noire reflects, through her works, our repressed and disturbed reality.<\/p>\t\t\t\t\t\t\t\t<\/div>\n\t\t\t\t<\/div>\n\t\t\t\t<div class=\"elementor-element elementor-element-21bbb5a elementor-align-center elementor-widget elementor-widget-button\" data-id=\"21bbb5a\" data-element_type=\"widget\" data-widget_type=\"button.default\">\n\t\t\t\t<div class=\"elementor-widget-container\">\n\t\t\t\t\t\t\t\t\t<div class=\"elementor-button-wrapper\">\n\t\t\t\t\t<a class=\"elementor-button elementor-button-link elementor-size-xs\" href=\"https:\/\/lumierenoire.art\/en\/about\/\">\n\t\t\t\t\t\t<span class=\"elementor-button-content-wrapper\">\n\t\t\t\t\t\t\t\t\t<span class=\"elementor-button-text\">More about the artist<\/span>\n\t\t\t\t\t<\/span>\n\t\t\t\t\t<\/a>\n\t\t\t\t<\/div>\n\t\t\t\t\t\t\t\t<\/div>\n\t\t\t\t<\/div>\n\t\t\t\t\t<\/div>\n\t\t<\/div>\n\t\t\t\t\t<\/div>\n\t\t<\/section>\n\t\t\t\t<section class=\"elementor-section elementor-top-section elementor-element elementor-element-de56021 elementor-section-boxed elementor-section-height-default elementor-section-height-default\" data-id=\"de56021\" data-element_type=\"section\">\n\t\t\t\t\t\t<div class=\"elementor-container elementor-column-gap-default\">\n\t\t\t\t\t<div class=\"elementor-column elementor-col-100 elementor-top-column elementor-element elementor-element-40f3e23\" data-id=\"40f3e23\" data-element_type=\"column\">\n\t\t\t<div class=\"elementor-widget-wrap elementor-element-populated\">\n\t\t\t\t\t\t<div class=\"elementor-element elementor-element-479915b elementor-widget elementor-widget-text-editor\" data-id=\"479915b\" data-element_type=\"widget\" data-widget_type=\"text-editor.default\">\n\t\t\t\t<div class=\"elementor-widget-container\">\n\t\t\t\t\t\t\t\t\t<h2 style=\"font-weight: var( --e-global-typography-primary-font-weight ); line-height: 1.2em; color: #0d1719; font-family: var( --e-global-typography-primary-font-family ); text-align: center;\"><strong style=\"color: var( --e-global-color-text ); font-family: 'Cutive Mono', sans-serif; font-size: 18px;\">LUMI\u00c8RE NOIRE PERFORMATIVE INSTALLATIONS<br \/><\/strong><\/h2>\t\t\t\t\t\t\t\t<\/div>\n\t\t\t\t<\/div>\n\t\t\t\t<div class=\"elementor-element elementor-element-5c4c607 elementor-align-center elementor-widget elementor-widget-button\" data-id=\"5c4c607\" data-element_type=\"widget\" data-widget_type=\"button.default\">\n\t\t\t\t<div class=\"elementor-widget-container\">\n\t\t\t\t\t\t\t\t\t<div class=\"elementor-button-wrapper\">\n\t\t\t\t\t<a class=\"elementor-button elementor-button-link elementor-size-xs\" href=\"https:\/\/lumierenoire.art\/projets\">\n\t\t\t\t\t\t<span class=\"elementor-button-content-wrapper\">\n\t\t\t\t\t\t\t\t\t<span class=\"elementor-button-text\">See the complete portfolio<\/span>\n\t\t\t\t\t<\/span>\n\t\t\t\t\t<\/a>\n\t\t\t\t<\/div>\n\t\t\t\t\t\t\t\t<\/div>\n\t\t\t\t<\/div>\n\t\t\t\t\t<\/div>\n\t\t<\/div>\n\t\t\t\t\t<\/div>\n\t\t<\/section>\n\t\t\t\t<section class=\"elementor-section elementor-top-section elementor-element elementor-element-325eca6 elementor-section-boxed elementor-section-height-default elementor-section-height-default\" data-id=\"325eca6\" data-element_type=\"section\">\n\t\t\t\t\t\t<div class=\"elementor-container elementor-column-gap-default\">\n\t\t\t\t\t<div class=\"elementor-column elementor-col-100 elementor-top-column elementor-element elementor-element-8d49bf0\" data-id=\"8d49bf0\" data-element_type=\"column\">\n\t\t\t<div class=\"elementor-widget-wrap elementor-element-populated\">\n\t\t\t\t\t\t<div class=\"elementor-element elementor-element-1909eb4 elementor-widget elementor-widget-shortcode\" data-id=\"1909eb4\" data-element_type=\"widget\" data-widget_type=\"shortcode.default\">\n\t\t\t\t<div class=\"elementor-widget-container\">\n\t\t\t\t\t\t\t<div class=\"elementor-shortcode\"><div class=\"short-portfolio-grid-holder\"><div class=\"port-grid port-grid-2cols\"><div class=\"row portfolio-layout-masonry\"><div class=\"col-sm-6 item-portfolio home  photos \"><div class=\"port-item-htext\"><a href=\"https:\/\/lumierenoire.art\/en\/portfolio\/interfrequences-phase-2\/\"><div class=\"background-color\" style=\"background:#5430f4\"><\/div><div class=\"port-img\"><img fetchpriority=\"high\" decoding=\"async\" width=\"850\" height=\"800\" src=\"https:\/\/lumierenoire.art\/wp-content\/uploads\/2020\/03\/EN-TETE_INTERFREQUENCES-850x800.jpg\" class=\"img-fluid wp-post-image\" alt=\"Interfr\u00e9quences Phase 2\" \/><\/div><div class=\"port-caption\"><h2>Interfr\u00e9quences Phase 2<\/h2><ul class=\"portfolio-categ\"><li>Photos<\/li><\/ul><\/div><div class=\"album-arrow-grid\"><\/div><\/a><\/div><\/div><div class=\"col-sm-6 item-portfolio photos \"><div class=\"port-item-htext\"><a href=\"https:\/\/lumierenoire.art\/en\/portfolio\/2-cafes-2-laits-2-sucres-evenement\/\"><div class=\"background-color\" style=\"background:#efefef\"><\/div><div class=\"port-img\"><img decoding=\"async\" width=\"850\" height=\"800\" src=\"https:\/\/lumierenoire.art\/wp-content\/uploads\/2020\/02\/58_2c2l2s_evenement-850x800.jpg\" class=\"img-fluid wp-post-image\" alt=\"2 caf\u00e9s 2 laits 2 sucres &#8211; \u00c9v\u00e9nement\" \/><\/div><div class=\"port-caption\"><h2>2 caf\u00e9s 2 laits 2 sucres &#8211; \u00c9v\u00e9nement<\/h2><ul class=\"portfolio-categ\"><li>Photos<\/li><\/ul><\/div><div class=\"album-arrow-grid\"><\/div><\/a><\/div><\/div><\/div><\/div><\/div><\/div>\n\t\t\t\t\t\t<\/div>\n\t\t\t\t<\/div>\n\t\t\t\t\t<\/div>\n\t\t<\/div>\n\t\t\t\t\t<\/div>\n\t\t<\/section>\n\t\t\t\t<section class=\"elementor-section elementor-top-section elementor-element elementor-element-3deb63a3 elementor-section-full_width elementor-section-stretched elementor-section-height-default elementor-section-height-default\" data-id=\"3deb63a3\" data-element_type=\"section\" data-settings=\"{&quot;stretch_section&quot;:&quot;section-stretched&quot;,&quot;background_background&quot;:&quot;classic&quot;}\">\n\t\t\t\t\t\t\t<div class=\"elementor-background-overlay\"><\/div>\n\t\t\t\t\t\t\t<div class=\"elementor-container elementor-column-gap-default\">\n\t\t\t\t\t<div class=\"elementor-column elementor-col-100 elementor-top-column elementor-element elementor-element-12e49d1a\" data-id=\"12e49d1a\" data-element_type=\"column\">\n\t\t\t<div class=\"elementor-widget-wrap elementor-element-populated\">\n\t\t\t\t\t\t<section class=\"elementor-section elementor-inner-section elementor-element elementor-element-4155d279 elementor-section-boxed elementor-section-height-default elementor-section-height-default\" data-id=\"4155d279\" data-element_type=\"section\">\n\t\t\t\t\t\t<div class=\"elementor-container elementor-column-gap-default\">\n\t\t\t\t\t<div class=\"elementor-column elementor-col-50 elementor-inner-column elementor-element elementor-element-1d801241\" data-id=\"1d801241\" data-element_type=\"column\">\n\t\t\t<div class=\"elementor-widget-wrap elementor-element-populated\">\n\t\t\t\t\t\t<div class=\"elementor-element elementor-element-31b109b1 elementor-widget elementor-widget-heading\" data-id=\"31b109b1\" data-element_type=\"widget\" data-widget_type=\"heading.default\">\n\t\t\t\t<div class=\"elementor-widget-container\">\n\t\t\t\t\t<h2 class=\"elementor-heading-title elementor-size-default\">Do you want to collaborate?<\/h2>\t\t\t\t<\/div>\n\t\t\t\t<\/div>\n\t\t\t\t\t<\/div>\n\t\t<\/div>\n\t\t\t\t<div class=\"elementor-column elementor-col-50 elementor-inner-column elementor-element elementor-element-d3aabe7\" data-id=\"d3aabe7\" data-element_type=\"column\">\n\t\t\t<div class=\"elementor-widget-wrap elementor-element-populated\">\n\t\t\t\t\t\t<div class=\"elementor-element elementor-element-45ef2b73 elementor-align-right elementor-widget elementor-widget-button\" data-id=\"45ef2b73\" data-element_type=\"widget\" data-widget_type=\"button.default\">\n\t\t\t\t<div class=\"elementor-widget-container\">\n\t\t\t\t\t\t\t\t\t<div class=\"elementor-button-wrapper\">\n\t\t\t\t\t<a class=\"elementor-button elementor-button-link elementor-size-xs\" href=\"https:\/\/lumierenoire.art\/en\/contact-2\">\n\t\t\t\t\t\t<span class=\"elementor-button-content-wrapper\">\n\t\t\t\t\t\t\t\t\t<span class=\"elementor-button-text\">Contact Lumi\u00e8re Noire<\/span>\n\t\t\t\t\t<\/span>\n\t\t\t\t\t<\/a>\n\t\t\t\t<\/div>\n\t\t\t\t\t\t\t\t<\/div>\n\t\t\t\t<\/div>\n\t\t\t\t\t<\/div>\n\t\t<\/div>\n\t\t\t\t\t<\/div>\n\t\t<\/section>\n\t\t\t\t\t<\/div>\n\t\t<\/div>\n\t\t\t\t\t<\/div>\n\t\t<\/section>\n\t\t\t\t<\/div>\n\t\t","protected":false},"excerpt":{"rendered":"<p>WHEN WORRYING STRANGENESS MEETS MOVEMENT Lumi\u00e8re Noire is committed to the creation of multidisciplinary arts through research on body control and feminine identity. Her choreographies and installations consist of creating unusual environments that exclaim and live by themselves. Her aesthetics are inspired by Freud&#8217;s theory of the worrying strangeness and&#8230;<\/p>\n","protected":false},"author":2,"featured_media":7010,"parent":3553,"menu_order":0,"comment_status":"closed","ping_status":"closed","template":"templates\/template-fullscreen.php","meta":{"_acf_changed":false,"footnotes":""},"class_list":["post-3565","page","type-page","status-publish","has-post-thumbnail","hentry"],"acf":[],"yoast_head":"<!-- This site is optimized with the Yoast SEO plugin v25.4 - https:\/\/yoast.com\/wordpress\/plugins\/seo\/ -->\n<title>Choreography and performative installations &#8211; Lumi\u00e8re Noire<\/title>\n<meta name=\"description\" content=\"Lumi\u00e8re Noire is committed to the creation of multidisciplinary arts through research on body control and feminine identity.\" \/>\n<meta name=\"robots\" content=\"index, follow, max-snippet:-1, max-image-preview:large, max-video-preview:-1\" \/>\n<link rel=\"canonical\" href=\"https:\/\/lumierenoire.art\/en\/services\/choreography-and-installations\/\" \/>\n<meta property=\"og:locale\" content=\"en_US\" \/>\n<meta property=\"og:type\" content=\"article\" \/>\n<meta property=\"og:title\" content=\"Choreography and performative installations &#8211; Lumi\u00e8re Noire\" \/>\n<meta property=\"og:description\" content=\"Lumi\u00e8re Noire is committed to the creation of multidisciplinary arts through research on body control and feminine identity.\" \/>\n<meta property=\"og:url\" content=\"https:\/\/lumierenoire.art\/en\/services\/choreography-and-installations\/\" \/>\n<meta property=\"og:site_name\" content=\"Lumi\u00e8re Noire\" \/>\n<meta property=\"article:publisher\" content=\"https:\/\/www.facebook.com\/lumierenoire.art\" \/>\n<meta property=\"article:modified_time\" content=\"2022-09-19T17:47:30+00:00\" \/>\n<meta property=\"og:image\" content=\"https:\/\/lumierenoire.art\/wp-content\/uploads\/2021\/08\/PROD-2021-41.jpg\" \/>\n\t<meta property=\"og:image:width\" content=\"1484\" \/>\n\t<meta property=\"og:image:height\" content=\"834\" \/>\n\t<meta property=\"og:image:type\" content=\"image\/jpeg\" \/>\n<meta name=\"twitter:card\" content=\"summary_large_image\" \/>\n<meta name=\"twitter:label1\" content=\"Est. reading time\" \/>\n\t<meta name=\"twitter:data1\" content=\"1 minute\" \/>\n<script type=\"application\/ld+json\" class=\"yoast-schema-graph\">{\"@context\":\"https:\/\/schema.org\",\"@graph\":[{\"@type\":\"WebPage\",\"@id\":\"https:\/\/lumierenoire.art\/en\/services\/choreography-and-installations\/\",\"url\":\"https:\/\/lumierenoire.art\/en\/services\/choreography-and-installations\/\",\"name\":\"Choreography and performative installations &#8211; Lumi\u00e8re Noire\",\"isPartOf\":{\"@id\":\"https:\/\/lumierenoire.art\/en\/#website\"},\"primaryImageOfPage\":{\"@id\":\"https:\/\/lumierenoire.art\/en\/services\/choreography-and-installations\/#primaryimage\"},\"image\":{\"@id\":\"https:\/\/lumierenoire.art\/en\/services\/choreography-and-installations\/#primaryimage\"},\"thumbnailUrl\":\"https:\/\/lumierenoire.art\/wp-content\/uploads\/2021\/08\/PROD-2021-41.jpg\",\"datePublished\":\"2020-11-28T21:35:12+00:00\",\"dateModified\":\"2022-09-19T17:47:30+00:00\",\"description\":\"Lumi\u00e8re Noire is committed to the creation of multidisciplinary arts through research on body control and feminine identity.\",\"breadcrumb\":{\"@id\":\"https:\/\/lumierenoire.art\/en\/services\/choreography-and-installations\/#breadcrumb\"},\"inLanguage\":\"en-US\",\"potentialAction\":[{\"@type\":\"ReadAction\",\"target\":[\"https:\/\/lumierenoire.art\/en\/services\/choreography-and-installations\/\"]}]},{\"@type\":\"ImageObject\",\"inLanguage\":\"en-US\",\"@id\":\"https:\/\/lumierenoire.art\/en\/services\/choreography-and-installations\/#primaryimage\",\"url\":\"https:\/\/lumierenoire.art\/wp-content\/uploads\/2021\/08\/PROD-2021-41.jpg\",\"contentUrl\":\"https:\/\/lumierenoire.art\/wp-content\/uploads\/2021\/08\/PROD-2021-41.jpg\",\"width\":1484,\"height\":834},{\"@type\":\"BreadcrumbList\",\"@id\":\"https:\/\/lumierenoire.art\/en\/services\/choreography-and-installations\/#breadcrumb\",\"itemListElement\":[{\"@type\":\"ListItem\",\"position\":1,\"name\":\"Accueil\",\"item\":\"https:\/\/lumierenoire.art\/en\/\"},{\"@type\":\"ListItem\",\"position\":2,\"name\":\"Services\",\"item\":\"https:\/\/lumierenoire.art\/en\/services\/\"},{\"@type\":\"ListItem\",\"position\":3,\"name\":\"Contemporary dance and collaborations\"}]},{\"@type\":\"WebSite\",\"@id\":\"https:\/\/lumierenoire.art\/en\/#website\",\"url\":\"https:\/\/lumierenoire.art\/en\/\",\"name\":\"Lumi\u00e8re Noire\",\"description\":\"\",\"publisher\":{\"@id\":\"https:\/\/lumierenoire.art\/en\/#\/schema\/person\/56d3556e99074dc55833ced2c59631ad\"},\"potentialAction\":[{\"@type\":\"SearchAction\",\"target\":{\"@type\":\"EntryPoint\",\"urlTemplate\":\"https:\/\/lumierenoire.art\/en\/?s={search_term_string}\"},\"query-input\":{\"@type\":\"PropertyValueSpecification\",\"valueRequired\":true,\"valueName\":\"search_term_string\"}}],\"inLanguage\":\"en-US\"},{\"@type\":[\"Person\",\"Organization\"],\"@id\":\"https:\/\/lumierenoire.art\/en\/#\/schema\/person\/56d3556e99074dc55833ced2c59631ad\",\"name\":\"Tanya Dolbec\",\"image\":{\"@type\":\"ImageObject\",\"inLanguage\":\"en-US\",\"@id\":\"https:\/\/lumierenoire.art\/en\/#\/schema\/person\/image\/\",\"url\":\"https:\/\/lumierenoire.art\/wp-content\/uploads\/2020\/01\/logo_light.png\",\"contentUrl\":\"https:\/\/lumierenoire.art\/wp-content\/uploads\/2020\/01\/logo_light.png\",\"width\":227,\"height\":60,\"caption\":\"Tanya Dolbec\"},\"logo\":{\"@id\":\"https:\/\/lumierenoire.art\/en\/#\/schema\/person\/image\/\"},\"sameAs\":[\"https:\/\/lumierenoire.art\",\"https:\/\/www.facebook.com\/lumierenoire.art\",\"https:\/\/www.instagram.com\/tanyadolbec\/\"]}]}<\/script>\n<!-- \/ Yoast SEO plugin. -->","yoast_head_json":{"title":"Choreography and performative installations &#8211; Lumi\u00e8re Noire","description":"Lumi\u00e8re Noire is committed to the creation of multidisciplinary arts through research on body control and feminine identity.","robots":{"index":"index","follow":"follow","max-snippet":"max-snippet:-1","max-image-preview":"max-image-preview:large","max-video-preview":"max-video-preview:-1"},"canonical":"https:\/\/lumierenoire.art\/en\/services\/choreography-and-installations\/","og_locale":"en_US","og_type":"article","og_title":"Choreography and performative installations &#8211; Lumi\u00e8re Noire","og_description":"Lumi\u00e8re Noire is committed to the creation of multidisciplinary arts through research on body control and feminine identity.","og_url":"https:\/\/lumierenoire.art\/en\/services\/choreography-and-installations\/","og_site_name":"Lumi\u00e8re Noire","article_publisher":"https:\/\/www.facebook.com\/lumierenoire.art","article_modified_time":"2022-09-19T17:47:30+00:00","og_image":[{"width":1484,"height":834,"url":"https:\/\/lumierenoire.art\/wp-content\/uploads\/2021\/08\/PROD-2021-41.jpg","type":"image\/jpeg"}],"twitter_card":"summary_large_image","twitter_misc":{"Est. reading time":"1 minute"},"schema":{"@context":"https:\/\/schema.org","@graph":[{"@type":"WebPage","@id":"https:\/\/lumierenoire.art\/en\/services\/choreography-and-installations\/","url":"https:\/\/lumierenoire.art\/en\/services\/choreography-and-installations\/","name":"Choreography and performative installations &#8211; Lumi\u00e8re Noire","isPartOf":{"@id":"https:\/\/lumierenoire.art\/en\/#website"},"primaryImageOfPage":{"@id":"https:\/\/lumierenoire.art\/en\/services\/choreography-and-installations\/#primaryimage"},"image":{"@id":"https:\/\/lumierenoire.art\/en\/services\/choreography-and-installations\/#primaryimage"},"thumbnailUrl":"https:\/\/lumierenoire.art\/wp-content\/uploads\/2021\/08\/PROD-2021-41.jpg","datePublished":"2020-11-28T21:35:12+00:00","dateModified":"2022-09-19T17:47:30+00:00","description":"Lumi\u00e8re Noire is committed to the creation of multidisciplinary arts through research on body control and feminine identity.","breadcrumb":{"@id":"https:\/\/lumierenoire.art\/en\/services\/choreography-and-installations\/#breadcrumb"},"inLanguage":"en-US","potentialAction":[{"@type":"ReadAction","target":["https:\/\/lumierenoire.art\/en\/services\/choreography-and-installations\/"]}]},{"@type":"ImageObject","inLanguage":"en-US","@id":"https:\/\/lumierenoire.art\/en\/services\/choreography-and-installations\/#primaryimage","url":"https:\/\/lumierenoire.art\/wp-content\/uploads\/2021\/08\/PROD-2021-41.jpg","contentUrl":"https:\/\/lumierenoire.art\/wp-content\/uploads\/2021\/08\/PROD-2021-41.jpg","width":1484,"height":834},{"@type":"BreadcrumbList","@id":"https:\/\/lumierenoire.art\/en\/services\/choreography-and-installations\/#breadcrumb","itemListElement":[{"@type":"ListItem","position":1,"name":"Accueil","item":"https:\/\/lumierenoire.art\/en\/"},{"@type":"ListItem","position":2,"name":"Services","item":"https:\/\/lumierenoire.art\/en\/services\/"},{"@type":"ListItem","position":3,"name":"Contemporary dance and collaborations"}]},{"@type":"WebSite","@id":"https:\/\/lumierenoire.art\/en\/#website","url":"https:\/\/lumierenoire.art\/en\/","name":"Lumi\u00e8re Noire","description":"","publisher":{"@id":"https:\/\/lumierenoire.art\/en\/#\/schema\/person\/56d3556e99074dc55833ced2c59631ad"},"potentialAction":[{"@type":"SearchAction","target":{"@type":"EntryPoint","urlTemplate":"https:\/\/lumierenoire.art\/en\/?s={search_term_string}"},"query-input":{"@type":"PropertyValueSpecification","valueRequired":true,"valueName":"search_term_string"}}],"inLanguage":"en-US"},{"@type":["Person","Organization"],"@id":"https:\/\/lumierenoire.art\/en\/#\/schema\/person\/56d3556e99074dc55833ced2c59631ad","name":"Tanya Dolbec","image":{"@type":"ImageObject","inLanguage":"en-US","@id":"https:\/\/lumierenoire.art\/en\/#\/schema\/person\/image\/","url":"https:\/\/lumierenoire.art\/wp-content\/uploads\/2020\/01\/logo_light.png","contentUrl":"https:\/\/lumierenoire.art\/wp-content\/uploads\/2020\/01\/logo_light.png","width":227,"height":60,"caption":"Tanya Dolbec"},"logo":{"@id":"https:\/\/lumierenoire.art\/en\/#\/schema\/person\/image\/"},"sameAs":["https:\/\/lumierenoire.art","https:\/\/www.facebook.com\/lumierenoire.art","https:\/\/www.instagram.com\/tanyadolbec\/"]}]}},"_links":{"self":[{"href":"https:\/\/lumierenoire.art\/en\/wp-json\/wp\/v2\/pages\/3565","targetHints":{"allow":["GET"]}}],"collection":[{"href":"https:\/\/lumierenoire.art\/en\/wp-json\/wp\/v2\/pages"}],"about":[{"href":"https:\/\/lumierenoire.art\/en\/wp-json\/wp\/v2\/types\/page"}],"author":[{"embeddable":true,"href":"https:\/\/lumierenoire.art\/en\/wp-json\/wp\/v2\/users\/2"}],"replies":[{"embeddable":true,"href":"https:\/\/lumierenoire.art\/en\/wp-json\/wp\/v2\/comments?post=3565"}],"version-history":[{"count":0,"href":"https:\/\/lumierenoire.art\/en\/wp-json\/wp\/v2\/pages\/3565\/revisions"}],"up":[{"embeddable":true,"href":"https:\/\/lumierenoire.art\/en\/wp-json\/wp\/v2\/pages\/3553"}],"wp:featuredmedia":[{"embeddable":true,"href":"https:\/\/lumierenoire.art\/en\/wp-json\/wp\/v2\/media\/7010"}],"wp:attachment":[{"href":"https:\/\/lumierenoire.art\/en\/wp-json\/wp\/v2\/media?parent=3565"}],"curies":[{"name":"wp","href":"https:\/\/api.w.org\/{rel}","templated":true}]}}