{"id":3527,"date":"2020-11-28T15:55:42","date_gmt":"2020-11-28T20:55:42","guid":{"rendered":"https:\/\/lumierenoire.art\/?page_id=3527"},"modified":"2025-03-14T08:38:20","modified_gmt":"2025-03-14T12:38:20","slug":"lumiere-noire-tanya-dolbec-photography","status":"publish","type":"page","link":"https:\/\/lumierenoire.art\/en\/","title":{"rendered":"Lumi\u00e8re Noire &#8211; Tanya Dolbec Photography"},"content":{"rendered":"\t\t<div data-elementor-type=\"wp-post\" data-elementor-id=\"3527\" class=\"elementor elementor-3527\">\n\t\t\t\t\t\t<section class=\"elementor-section elementor-top-section elementor-element elementor-element-12fb15e elementor-section-full_width elementor-section-height-default elementor-section-height-default\" data-id=\"12fb15e\" data-element_type=\"section\">\n\t\t\t\t\t\t<div class=\"elementor-container elementor-column-gap-default\">\n\t\t\t\t\t<div class=\"elementor-column elementor-col-100 elementor-top-column elementor-element elementor-element-73d69ca\" data-id=\"73d69ca\" data-element_type=\"column\">\n\t\t\t<div class=\"elementor-widget-wrap elementor-element-populated\">\n\t\t\t\t\t\t<div class=\"elementor-element elementor-element-21a3285 elementor-widget elementor-widget-text-editor\" data-id=\"21a3285\" data-element_type=\"widget\" data-widget_type=\"text-editor.default\">\n\t\t\t\t<div class=\"elementor-widget-container\">\n\t\t\t\t\t\t\t\t\t<h1 style=\"font-weight: 200; line-height: 1.2em; color: #0d1719; font-family: 'Fira Mono', sans-serif;\" data-elementor-setting-key=\"title\" data-pen-placeholder=\"Saisir ici...\">\u00ab It is not by looking at the light that we become luminous, but by plunging into its darkness. \u00bb<br><small><i>-C. Jung<\/i><\/small><\/h1>\n<div><i>&nbsp;<\/i><\/div>\n<p><b>Multidisciplinary Artist<\/b><\/p>\n<p>Photographer. Choreographer. Floral Designer.<\/p>\t\t\t\t\t\t\t\t<\/div>\n\t\t\t\t<\/div>\n\t\t\t\t\t<\/div>\n\t\t<\/div>\n\t\t\t\t\t<\/div>\n\t\t<\/section>\n\t\t\t\t<section class=\"elementor-section elementor-top-section elementor-element elementor-element-6cd5bba elementor-section-full_width elementor-section-height-default elementor-section-height-default\" data-id=\"6cd5bba\" data-element_type=\"section\">\n\t\t\t\t\t\t<div class=\"elementor-container elementor-column-gap-default\">\n\t\t\t\t\t<div class=\"elementor-column elementor-col-100 elementor-top-column elementor-element elementor-element-fce9fbd\" data-id=\"fce9fbd\" data-element_type=\"column\">\n\t\t\t<div class=\"elementor-widget-wrap elementor-element-populated\">\n\t\t\t\t\t\t<div class=\"elementor-element elementor-element-be41a8a elementor-widget elementor-widget-shortcode\" data-id=\"be41a8a\" data-element_type=\"widget\" data-widget_type=\"shortcode.default\">\n\t\t\t\t<div class=\"elementor-widget-container\">\n\t\t\t\t\t\t\t<div class=\"elementor-shortcode\"><div class=\"short-portfolio-grid-holder\"><div class=\"port-grid port-grid-3cols\"><div class=\"row portfolio-layout-masonry\"><div class=\"col-sm-6 col-lg-4 item-portfolio \"><div class=\"port-item-htext\"><a href=\"https:\/\/lumierenoire.art\/en\/shop\/\"><div class=\"background-color\" style=\"background:#1A4C50\"><\/div><div class=\"port-img\"><img fetchpriority=\"high\" decoding=\"async\" width=\"850\" height=\"800\" src=\"https:\/\/lumierenoire.art\/wp-content\/uploads\/2024\/08\/ECO-PRINT-OUTFIT-01-10-850x800.jpg\" class=\"img-fluid wp-post-image\" alt=\"Shop\" \/><\/div><div class=\"port-caption\"><h2>Shop<\/h2><\/div><div class=\"album-arrow-grid\"><\/div><\/a><\/div><\/div><div class=\"col-sm-6 col-lg-4 item-portfolio \"><div class=\"port-item-htext\"><a href=\"https:\/\/lumierenoire.art\/en\/photography-portfolio\/\"><div class=\"background-color\" style=\"background:#1A4C50\"><\/div><div class=\"port-img\"><img decoding=\"async\" width=\"850\" height=\"800\" src=\"https:\/\/lumierenoire.art\/wp-content\/uploads\/2021\/08\/HOME-7-of-1_resized-850x800.jpg\" class=\"img-fluid wp-post-image\" alt=\"Photography\" \/><\/div><div class=\"port-caption\"><h2>Photography<\/h2><\/div><div class=\"album-arrow-grid\"><\/div><\/a><\/div><\/div><div class=\"col-sm-6 col-lg-4 item-portfolio \"><div class=\"port-item-htext\"><a href=\"https:\/\/lumierenoire.art\/en\/projects\/\"><div class=\"background-color\" style=\"background:#1A4C50\"><\/div><div class=\"port-img\"><img decoding=\"async\" width=\"850\" height=\"800\" src=\"https:\/\/lumierenoire.art\/wp-content\/uploads\/2022\/09\/RECHERCHE-EN-STUDIO-2-of-14-850x800.jpg\" class=\"img-fluid wp-post-image\" alt=\"Projects\" \/><\/div><div class=\"port-caption\"><h2>Projects<\/h2><\/div><div class=\"album-arrow-grid\"><\/div><\/a><\/div><\/div><div class=\"col-sm-6 col-lg-4 item-portfolio \"><div class=\"port-item-htext\"><a href=\"https:\/\/lumierenoire.art\/en\/services\/books-visual-graphic-arts\/\"><div class=\"background-color\" style=\"background:\"><\/div><div class=\"port-img\"><img loading=\"lazy\" decoding=\"async\" width=\"817\" height=\"800\" src=\"https:\/\/lumierenoire.art\/wp-content\/uploads\/2023\/09\/ART-VISUELS-CONVERTURE-817x800.jpg\" class=\"img-fluid wp-post-image\" alt=\"Books &amp; Zines\" \/><\/div><div class=\"port-caption\"><h2>Books &amp; Zines<\/h2><\/div><div class=\"album-arrow-grid\"><\/div><\/a><\/div><\/div><div class=\"col-sm-6 col-lg-4 item-portfolio \"><div class=\"port-item-htext\"><a href=\"https:\/\/lumierenoire.art\/en\/services\/visual-arts\/\"><div class=\"background-color\" style=\"background:#1A4C50\"><\/div><div class=\"port-img\"><img loading=\"lazy\" decoding=\"async\" width=\"850\" height=\"800\" src=\"https:\/\/lumierenoire.art\/wp-content\/uploads\/2026\/01\/FOND-ART-VISUEL_resized-850x800.jpg\" class=\"img-fluid wp-post-image\" alt=\"Visual Arts\" \/><\/div><div class=\"port-caption\"><h2>Visual Arts<\/h2><\/div><div class=\"album-arrow-grid\"><\/div><\/a><\/div><\/div><\/div><\/div><\/div><\/div>\n\t\t\t\t\t\t<\/div>\n\t\t\t\t<\/div>\n\t\t\t\t\t<\/div>\n\t\t<\/div>\n\t\t\t\t\t<\/div>\n\t\t<\/section>\n\t\t\t\t<section class=\"elementor-section elementor-top-section elementor-element elementor-element-fb9ebab elementor-section-full_width elementor-section-height-default elementor-section-height-default\" data-id=\"fb9ebab\" data-element_type=\"section\">\n\t\t\t\t\t\t<div class=\"elementor-container elementor-column-gap-default\">\n\t\t\t\t\t<div class=\"elementor-column elementor-col-100 elementor-top-column elementor-element elementor-element-485c117\" data-id=\"485c117\" data-element_type=\"column\">\n\t\t\t<div class=\"elementor-widget-wrap elementor-element-populated\">\n\t\t\t\t\t\t<div class=\"elementor-element elementor-element-0cd7139 elementor-widget elementor-widget-heading\" data-id=\"0cd7139\" data-element_type=\"widget\" data-widget_type=\"heading.default\">\n\t\t\t\t<div class=\"elementor-widget-container\">\n\t\t\t\t\t<h2 class=\"elementor-heading-title elementor-size-default\">Portfolio<\/h2>\t\t\t\t<\/div>\n\t\t\t\t<\/div>\n\t\t\t\t<div class=\"elementor-element elementor-element-691defb elementor-widget elementor-widget-shortcode\" data-id=\"691defb\" data-element_type=\"widget\" data-widget_type=\"shortcode.default\">\n\t\t\t\t<div class=\"elementor-widget-container\">\n\t\t\t\t\t\t\t<div class=\"elementor-shortcode\"><div class=\"short-portfolio-grid-holder\"><div class=\"port-grid port-grid-4cols\"><div class=\"row portfolio-layout-masonry\"><div class=\"col-sm-6 col-lg-3 item-portfolio home  photos \"><div class=\"port-item-htext\"><a href=\"https:\/\/lumierenoire.art\/en\/portfolio\/victoria-juillet\/\"><div class=\"background-color\" style=\"background:#48a310\"><\/div><div class=\"port-img\"><img loading=\"lazy\" decoding=\"async\" width=\"850\" height=\"800\" src=\"https:\/\/lumierenoire.art\/wp-content\/uploads\/2024\/07\/WILD-FLOWER-SOUL-2_resized-850x800.jpg\" class=\"img-fluid wp-post-image\" alt=\"La sorci\u00e8re de l&#8217;eau\" \/><\/div><div class=\"port-caption\"><h2>La sorci\u00e8re de l&#8217;eau<\/h2><ul class=\"portfolio-categ\"><li>Photos<\/li><\/ul><\/div><div class=\"album-arrow-grid\"><\/div><\/a><\/div><\/div><div class=\"col-sm-6 col-lg-3 item-portfolio home  photos \"><div class=\"port-item-htext\"><a href=\"https:\/\/lumierenoire.art\/en\/portfolio\/evenementiel\/\"><div class=\"background-color\" style=\"background:#000000\"><\/div><div class=\"port-img\"><img loading=\"lazy\" decoding=\"async\" width=\"850\" height=\"800\" src=\"https:\/\/lumierenoire.art\/wp-content\/uploads\/2020\/02\/36_2c2l2s_evenement-850x800.jpg\" class=\"img-fluid wp-post-image\" alt=\"\u00c9v\u00e9nementiel\" \/><\/div><div class=\"port-caption\"><h2>\u00c9v\u00e9nementiel<\/h2><ul class=\"portfolio-categ\"><li>Photos<\/li><\/ul><\/div><div class=\"album-arrow-grid\"><\/div><\/a><\/div><\/div><div class=\"col-sm-6 col-lg-3 item-portfolio home  photos \"><div class=\"port-item-htext\"><a href=\"https:\/\/lumierenoire.art\/en\/portfolio\/mariages\/\"><div class=\"background-color\" style=\"background:#efdcae\"><\/div><div class=\"port-img\"><img loading=\"lazy\" decoding=\"async\" width=\"850\" height=\"800\" src=\"https:\/\/lumierenoire.art\/wp-content\/uploads\/2024\/07\/STANISLA-04293_resized-1-850x800.jpg\" class=\"img-fluid wp-post-image\" alt=\"Mariages\" \/><\/div><div class=\"port-caption\"><h2>Mariages<\/h2><ul class=\"portfolio-categ\"><li>Photos<\/li><\/ul><\/div><div class=\"album-arrow-grid\"><\/div><\/a><\/div><\/div><div class=\"col-sm-6 col-lg-3 item-portfolio home-en  projets-en \"><div class=\"port-item-htext\"><a href=\"https:\/\/lumierenoire.art\/en\/portfolio\/oracle\/\"><div class=\"background-color\" style=\"background:\"><\/div><div class=\"port-img\"><img loading=\"lazy\" decoding=\"async\" width=\"850\" height=\"800\" src=\"https:\/\/lumierenoire.art\/wp-content\/uploads\/2022\/10\/ORACLE-cover-850x800.jpg\" class=\"img-fluid wp-post-image\" alt=\"ORACLE\" \/><\/div><div class=\"port-caption\"><h2>ORACLE<\/h2><ul class=\"portfolio-categ\"><li>Home<\/li><li>Projets<\/li><\/ul><\/div><div class=\"album-arrow-grid\"><\/div><\/a><\/div><\/div><div class=\"col-sm-6 col-lg-3 item-portfolio home  photos \"><div class=\"port-item-htext\"><a href=\"https:\/\/lumierenoire.art\/en\/portfolio\/photographies-de-produits\/\"><div class=\"background-color\" style=\"background:#e8c100\"><\/div><div class=\"port-img\"><img loading=\"lazy\" decoding=\"async\" width=\"850\" height=\"800\" src=\"https:\/\/lumierenoire.art\/wp-content\/uploads\/2024\/07\/ARIK-DE-VIENNE-PRODUIT-70-850x800.jpg\" class=\"img-fluid wp-post-image\" alt=\"Photographies de produits\" \/><\/div><div class=\"port-caption\"><h2>Photographies de produits<\/h2><ul class=\"portfolio-categ\"><li>Photos<\/li><\/ul><\/div><div class=\"album-arrow-grid\"><\/div><\/a><\/div><\/div><div class=\"col-sm-6 col-lg-3 item-portfolio home  photos \"><div class=\"port-item-htext\"><a href=\"https:\/\/lumierenoire.art\/en\/portfolio\/argentique\/\"><div class=\"background-color\" style=\"background:#153112\"><\/div><div class=\"port-img\"><img loading=\"lazy\" decoding=\"async\" width=\"850\" height=\"800\" src=\"https:\/\/lumierenoire.art\/wp-content\/uploads\/2024\/07\/ARGENTIQUE-FILMS-264-850x800.jpg\" class=\"img-fluid wp-post-image\" alt=\"Argentique\" \/><\/div><div class=\"port-caption\"><h2>Argentique<\/h2><ul class=\"portfolio-categ\"><li>Photos<\/li><\/ul><\/div><div class=\"album-arrow-grid\"><\/div><\/a><\/div><\/div><div class=\"col-sm-6 col-lg-3 item-portfolio home  photos \"><div class=\"port-item-htext\"><a href=\"https:\/\/lumierenoire.art\/en\/portfolio\/portraits-dartistes\/\"><div class=\"background-color\" style=\"background:#d1e4f5\"><\/div><div class=\"port-img\"><img loading=\"lazy\" decoding=\"async\" width=\"850\" height=\"800\" src=\"https:\/\/lumierenoire.art\/wp-content\/uploads\/2021\/08\/CARON-ALEXANDRA_11_06_21-9-of-14_resized-850x800.jpg\" class=\"img-fluid wp-post-image\" alt=\"Portraits d&#8217;Artistes\" \/><\/div><div class=\"port-caption\"><h2>Portraits d&#8217;Artistes<\/h2><ul class=\"portfolio-categ\"><li>Photos<\/li><\/ul><\/div><div class=\"album-arrow-grid\"><\/div><\/a><\/div><\/div><div class=\"col-sm-6 col-lg-3 item-portfolio home  projets \"><div class=\"port-item-htext\"><a href=\"https:\/\/lumierenoire.art\/en\/portfolio\/entre-images-et-corps\/\"><div class=\"background-color\" style=\"background:#c7e1ea\"><\/div><div class=\"port-img\"><img loading=\"lazy\" decoding=\"async\" width=\"850\" height=\"800\" src=\"https:\/\/lumierenoire.art\/wp-content\/uploads\/2020\/12\/rocaille-38-850x800.jpg\" class=\"img-fluid wp-post-image\" alt=\"Entre images et corps\" \/><\/div><div class=\"port-caption\"><h2>Entre images et corps<\/h2><ul class=\"portfolio-categ\"><li>Projets<\/li><\/ul><\/div><div class=\"album-arrow-grid\"><\/div><\/a><\/div><\/div><div class=\"col-sm-6 col-lg-3 item-portfolio home  photos \"><div class=\"port-item-htext\"><a href=\"https:\/\/lumierenoire.art\/en\/portfolio\/noir-et-blanc\/\"><div class=\"background-color\" style=\"background:#e6e6e6\"><\/div><div class=\"port-img\"><img loading=\"lazy\" decoding=\"async\" width=\"850\" height=\"800\" src=\"https:\/\/lumierenoire.art\/wp-content\/uploads\/2020\/02\/entete-bw-850x800.jpg\" class=\"img-fluid wp-post-image\" alt=\"Noir &#038; Blanc\" \/><\/div><div class=\"port-caption\"><h2>Noir &#038; Blanc<\/h2><ul class=\"portfolio-categ\"><li>Photos<\/li><\/ul><\/div><div class=\"album-arrow-grid\"><\/div><\/a><\/div><\/div><div class=\"col-sm-6 col-lg-3 item-portfolio home  photos \"><div class=\"port-item-htext\"><a href=\"https:\/\/lumierenoire.art\/en\/portfolio\/portraits\/\"><div class=\"background-color\" style=\"background:#6c7f00\"><\/div><div class=\"port-img\"><img loading=\"lazy\" decoding=\"async\" width=\"850\" height=\"800\" src=\"https:\/\/lumierenoire.art\/wp-content\/uploads\/2020\/05\/PORTRAIT-WEBSITE-15-850x800.jpg\" class=\"img-fluid wp-post-image\" alt=\"Portraits\" \/><\/div><div class=\"port-caption\"><h2>Portraits<\/h2><ul class=\"portfolio-categ\"><li>Photos<\/li><\/ul><\/div><div class=\"album-arrow-grid\"><\/div><\/a><\/div><\/div><div class=\"col-sm-6 col-lg-3 item-portfolio home  photos \"><div class=\"port-item-htext\"><a href=\"https:\/\/lumierenoire.art\/en\/portfolio\/interfrequences-phase-2\/\"><div class=\"background-color\" style=\"background:#5430f4\"><\/div><div class=\"port-img\"><img loading=\"lazy\" decoding=\"async\" width=\"850\" height=\"800\" src=\"https:\/\/lumierenoire.art\/wp-content\/uploads\/2020\/03\/EN-TETE_INTERFREQUENCES-850x800.jpg\" class=\"img-fluid wp-post-image\" alt=\"Interfr\u00e9quences Phase 2\" \/><\/div><div class=\"port-caption\"><h2>Interfr\u00e9quences Phase 2<\/h2><ul class=\"portfolio-categ\"><li>Photos<\/li><\/ul><\/div><div class=\"album-arrow-grid\"><\/div><\/a><\/div><\/div><div class=\"col-sm-6 col-lg-3 item-portfolio home  photos \"><div class=\"port-item-htext\"><a href=\"https:\/\/lumierenoire.art\/en\/portfolio\/2-cafes-2-laits-2-sucres-exposition\/\"><div class=\"background-color\" style=\"background:#70c9c0\"><\/div><div class=\"port-img\"><img loading=\"lazy\" decoding=\"async\" width=\"850\" height=\"800\" src=\"https:\/\/lumierenoire.art\/wp-content\/uploads\/2020\/02\/10_2c2l2s_exposition-850x800.jpg\" class=\"img-fluid wp-post-image\" alt=\"2 caf\u00e9s 2 laits 2 sucres &#8211; Exposition\" \/><\/div><div class=\"port-caption\"><h2>2 caf\u00e9s 2 laits 2 sucres &#8211; Exposition<\/h2><ul class=\"portfolio-categ\"><li>Photos<\/li><\/ul><\/div><div class=\"album-arrow-grid\"><\/div><\/a><\/div><\/div><\/div><\/div><\/div><\/div>\n\t\t\t\t\t\t<\/div>\n\t\t\t\t<\/div>\n\t\t\t\t\t<\/div>\n\t\t<\/div>\n\t\t\t\t\t<\/div>\n\t\t<\/section>\n\t\t\t\t<\/div>\n\t\t","protected":false},"excerpt":{"rendered":"<p>\u00ab It is not by looking at the light that we become luminous, but by plunging into its darkness. \u00bb-C. Jung &nbsp; Multidisciplinary Artist Photographer. Choreographer. Floral Designer. Portfolio<\/p>\n","protected":false},"author":2,"featured_media":1137,"parent":0,"menu_order":0,"comment_status":"closed","ping_status":"closed","template":"templates\/template-home-slider.php","meta":{"_acf_changed":false,"footnotes":""},"class_list":["post-3527","page","type-page","status-publish","has-post-thumbnail","hentry"],"acf":[],"yoast_head":"<!-- This site is optimized with the Yoast SEO plugin v25.4 - https:\/\/yoast.com\/wordpress\/plugins\/seo\/ -->\n<title>Lumi\u00e8re Noire &#8211; Artiste en arts multidisciplinaires<\/title>\n<meta name=\"description\" content=\"Photographe. Chor\u00e9graphe. Vid\u00e9aste. Tanya Dolbec s\u2019exclame par la performance en s\u2019inspirant des processus artistiques des \u0153uvres de l\u2019art total.\" \/>\n<meta name=\"robots\" content=\"index, follow, max-snippet:-1, max-image-preview:large, max-video-preview:-1\" \/>\n<link rel=\"canonical\" href=\"https:\/\/lumierenoire.art\/en\/\" \/>\n<meta property=\"og:locale\" content=\"en_US\" \/>\n<meta property=\"og:type\" content=\"article\" \/>\n<meta property=\"og:title\" content=\"Lumi\u00e8re Noire &#8211; Artiste en arts multidisciplinaires\" \/>\n<meta property=\"og:description\" content=\"Photographe. Chor\u00e9graphe. Vid\u00e9aste. Tanya Dolbec s\u2019exclame par la performance en s\u2019inspirant des processus artistiques des \u0153uvres de l\u2019art total.\" \/>\n<meta property=\"og:url\" content=\"https:\/\/lumierenoire.art\/en\/\" \/>\n<meta property=\"og:site_name\" content=\"Lumi\u00e8re Noire\" \/>\n<meta property=\"article:publisher\" content=\"https:\/\/www.facebook.com\/lumierenoire.art\" \/>\n<meta property=\"article:modified_time\" content=\"2025-03-14T12:38:20+00:00\" \/>\n<meta property=\"og:image\" content=\"https:\/\/lumierenoire.art\/wp-content\/uploads\/2020\/01\/slider-lumiere-noire-1.jpg\" \/>\n\t<meta property=\"og:image:width\" content=\"1620\" \/>\n\t<meta property=\"og:image:height\" content=\"1080\" \/>\n\t<meta property=\"og:image:type\" content=\"image\/jpeg\" \/>\n<meta name=\"twitter:card\" content=\"summary_large_image\" \/>\n<meta name=\"twitter:label1\" content=\"Est. reading time\" \/>\n\t<meta name=\"twitter:data1\" content=\"1 minute\" \/>\n<script type=\"application\/ld+json\" class=\"yoast-schema-graph\">{\"@context\":\"https:\/\/schema.org\",\"@graph\":[{\"@type\":\"WebPage\",\"@id\":\"https:\/\/lumierenoire.art\/en\/\",\"url\":\"https:\/\/lumierenoire.art\/en\/\",\"name\":\"Lumi\u00e8re Noire &#8211; Artiste en arts multidisciplinaires\",\"isPartOf\":{\"@id\":\"https:\/\/lumierenoire.art\/en\/#website\"},\"primaryImageOfPage\":{\"@id\":\"https:\/\/lumierenoire.art\/en\/#primaryimage\"},\"image\":{\"@id\":\"https:\/\/lumierenoire.art\/en\/#primaryimage\"},\"thumbnailUrl\":\"https:\/\/lumierenoire.art\/wp-content\/uploads\/2020\/01\/slider-lumiere-noire-1.jpg\",\"datePublished\":\"2020-11-28T20:55:42+00:00\",\"dateModified\":\"2025-03-14T12:38:20+00:00\",\"description\":\"Photographe. Chor\u00e9graphe. Vid\u00e9aste. Tanya Dolbec s\u2019exclame par la performance en s\u2019inspirant des processus artistiques des \u0153uvres de l\u2019art total.\",\"breadcrumb\":{\"@id\":\"https:\/\/lumierenoire.art\/en\/#breadcrumb\"},\"inLanguage\":\"en-US\",\"potentialAction\":[{\"@type\":\"ReadAction\",\"target\":[\"https:\/\/lumierenoire.art\/en\/\"]}]},{\"@type\":\"ImageObject\",\"inLanguage\":\"en-US\",\"@id\":\"https:\/\/lumierenoire.art\/en\/#primaryimage\",\"url\":\"https:\/\/lumierenoire.art\/wp-content\/uploads\/2020\/01\/slider-lumiere-noire-1.jpg\",\"contentUrl\":\"https:\/\/lumierenoire.art\/wp-content\/uploads\/2020\/01\/slider-lumiere-noire-1.jpg\",\"width\":1620,\"height\":1080},{\"@type\":\"BreadcrumbList\",\"@id\":\"https:\/\/lumierenoire.art\/en\/#breadcrumb\",\"itemListElement\":[{\"@type\":\"ListItem\",\"position\":1,\"name\":\"Accueil\",\"item\":\"https:\/\/lumierenoire.art\/en\/\"},{\"@type\":\"ListItem\",\"position\":2,\"name\":\"Lumi\u00e8re Noire &#8211; Tanya Dolbec Photography\"}]},{\"@type\":\"WebSite\",\"@id\":\"https:\/\/lumierenoire.art\/en\/#website\",\"url\":\"https:\/\/lumierenoire.art\/en\/\",\"name\":\"Lumi\u00e8re Noire\",\"description\":\"\",\"publisher\":{\"@id\":\"https:\/\/lumierenoire.art\/en\/#\/schema\/person\/56d3556e99074dc55833ced2c59631ad\"},\"potentialAction\":[{\"@type\":\"SearchAction\",\"target\":{\"@type\":\"EntryPoint\",\"urlTemplate\":\"https:\/\/lumierenoire.art\/en\/?s={search_term_string}\"},\"query-input\":{\"@type\":\"PropertyValueSpecification\",\"valueRequired\":true,\"valueName\":\"search_term_string\"}}],\"inLanguage\":\"en-US\"},{\"@type\":[\"Person\",\"Organization\"],\"@id\":\"https:\/\/lumierenoire.art\/en\/#\/schema\/person\/56d3556e99074dc55833ced2c59631ad\",\"name\":\"Tanya Dolbec\",\"image\":{\"@type\":\"ImageObject\",\"inLanguage\":\"en-US\",\"@id\":\"https:\/\/lumierenoire.art\/en\/#\/schema\/person\/image\/\",\"url\":\"https:\/\/lumierenoire.art\/wp-content\/uploads\/2020\/01\/logo_light.png\",\"contentUrl\":\"https:\/\/lumierenoire.art\/wp-content\/uploads\/2020\/01\/logo_light.png\",\"width\":227,\"height\":60,\"caption\":\"Tanya Dolbec\"},\"logo\":{\"@id\":\"https:\/\/lumierenoire.art\/en\/#\/schema\/person\/image\/\"},\"sameAs\":[\"https:\/\/lumierenoire.art\",\"https:\/\/www.facebook.com\/lumierenoire.art\",\"https:\/\/www.instagram.com\/tanyadolbec\/\"]}]}<\/script>\n<!-- \/ Yoast SEO plugin. -->","yoast_head_json":{"title":"Lumi\u00e8re Noire &#8211; Artiste en arts multidisciplinaires","description":"Photographe. Chor\u00e9graphe. Vid\u00e9aste. Tanya Dolbec s\u2019exclame par la performance en s\u2019inspirant des processus artistiques des \u0153uvres de l\u2019art total.","robots":{"index":"index","follow":"follow","max-snippet":"max-snippet:-1","max-image-preview":"max-image-preview:large","max-video-preview":"max-video-preview:-1"},"canonical":"https:\/\/lumierenoire.art\/en\/","og_locale":"en_US","og_type":"article","og_title":"Lumi\u00e8re Noire &#8211; Artiste en arts multidisciplinaires","og_description":"Photographe. Chor\u00e9graphe. Vid\u00e9aste. Tanya Dolbec s\u2019exclame par la performance en s\u2019inspirant des processus artistiques des \u0153uvres de l\u2019art total.","og_url":"https:\/\/lumierenoire.art\/en\/","og_site_name":"Lumi\u00e8re Noire","article_publisher":"https:\/\/www.facebook.com\/lumierenoire.art","article_modified_time":"2025-03-14T12:38:20+00:00","og_image":[{"width":1620,"height":1080,"url":"https:\/\/lumierenoire.art\/wp-content\/uploads\/2020\/01\/slider-lumiere-noire-1.jpg","type":"image\/jpeg"}],"twitter_card":"summary_large_image","twitter_misc":{"Est. reading time":"1 minute"},"schema":{"@context":"https:\/\/schema.org","@graph":[{"@type":"WebPage","@id":"https:\/\/lumierenoire.art\/en\/","url":"https:\/\/lumierenoire.art\/en\/","name":"Lumi\u00e8re Noire &#8211; Artiste en arts multidisciplinaires","isPartOf":{"@id":"https:\/\/lumierenoire.art\/en\/#website"},"primaryImageOfPage":{"@id":"https:\/\/lumierenoire.art\/en\/#primaryimage"},"image":{"@id":"https:\/\/lumierenoire.art\/en\/#primaryimage"},"thumbnailUrl":"https:\/\/lumierenoire.art\/wp-content\/uploads\/2020\/01\/slider-lumiere-noire-1.jpg","datePublished":"2020-11-28T20:55:42+00:00","dateModified":"2025-03-14T12:38:20+00:00","description":"Photographe. Chor\u00e9graphe. Vid\u00e9aste. Tanya Dolbec s\u2019exclame par la performance en s\u2019inspirant des processus artistiques des \u0153uvres de l\u2019art total.","breadcrumb":{"@id":"https:\/\/lumierenoire.art\/en\/#breadcrumb"},"inLanguage":"en-US","potentialAction":[{"@type":"ReadAction","target":["https:\/\/lumierenoire.art\/en\/"]}]},{"@type":"ImageObject","inLanguage":"en-US","@id":"https:\/\/lumierenoire.art\/en\/#primaryimage","url":"https:\/\/lumierenoire.art\/wp-content\/uploads\/2020\/01\/slider-lumiere-noire-1.jpg","contentUrl":"https:\/\/lumierenoire.art\/wp-content\/uploads\/2020\/01\/slider-lumiere-noire-1.jpg","width":1620,"height":1080},{"@type":"BreadcrumbList","@id":"https:\/\/lumierenoire.art\/en\/#breadcrumb","itemListElement":[{"@type":"ListItem","position":1,"name":"Accueil","item":"https:\/\/lumierenoire.art\/en\/"},{"@type":"ListItem","position":2,"name":"Lumi\u00e8re Noire &#8211; Tanya Dolbec Photography"}]},{"@type":"WebSite","@id":"https:\/\/lumierenoire.art\/en\/#website","url":"https:\/\/lumierenoire.art\/en\/","name":"Lumi\u00e8re Noire","description":"","publisher":{"@id":"https:\/\/lumierenoire.art\/en\/#\/schema\/person\/56d3556e99074dc55833ced2c59631ad"},"potentialAction":[{"@type":"SearchAction","target":{"@type":"EntryPoint","urlTemplate":"https:\/\/lumierenoire.art\/en\/?s={search_term_string}"},"query-input":{"@type":"PropertyValueSpecification","valueRequired":true,"valueName":"search_term_string"}}],"inLanguage":"en-US"},{"@type":["Person","Organization"],"@id":"https:\/\/lumierenoire.art\/en\/#\/schema\/person\/56d3556e99074dc55833ced2c59631ad","name":"Tanya Dolbec","image":{"@type":"ImageObject","inLanguage":"en-US","@id":"https:\/\/lumierenoire.art\/en\/#\/schema\/person\/image\/","url":"https:\/\/lumierenoire.art\/wp-content\/uploads\/2020\/01\/logo_light.png","contentUrl":"https:\/\/lumierenoire.art\/wp-content\/uploads\/2020\/01\/logo_light.png","width":227,"height":60,"caption":"Tanya Dolbec"},"logo":{"@id":"https:\/\/lumierenoire.art\/en\/#\/schema\/person\/image\/"},"sameAs":["https:\/\/lumierenoire.art","https:\/\/www.facebook.com\/lumierenoire.art","https:\/\/www.instagram.com\/tanyadolbec\/"]}]}},"_links":{"self":[{"href":"https:\/\/lumierenoire.art\/en\/wp-json\/wp\/v2\/pages\/3527","targetHints":{"allow":["GET"]}}],"collection":[{"href":"https:\/\/lumierenoire.art\/en\/wp-json\/wp\/v2\/pages"}],"about":[{"href":"https:\/\/lumierenoire.art\/en\/wp-json\/wp\/v2\/types\/page"}],"author":[{"embeddable":true,"href":"https:\/\/lumierenoire.art\/en\/wp-json\/wp\/v2\/users\/2"}],"replies":[{"embeddable":true,"href":"https:\/\/lumierenoire.art\/en\/wp-json\/wp\/v2\/comments?post=3527"}],"version-history":[{"count":0,"href":"https:\/\/lumierenoire.art\/en\/wp-json\/wp\/v2\/pages\/3527\/revisions"}],"wp:featuredmedia":[{"embeddable":true,"href":"https:\/\/lumierenoire.art\/en\/wp-json\/wp\/v2\/media\/1137"}],"wp:attachment":[{"href":"https:\/\/lumierenoire.art\/en\/wp-json\/wp\/v2\/media?parent=3527"}],"curies":[{"name":"wp","href":"https:\/\/api.w.org\/{rel}","templated":true}]}}