{"id":12990,"date":"2025-08-16T12:46:41","date_gmt":"2025-08-16T16:46:41","guid":{"rendered":"https:\/\/lumierenoire.art\/workshop-in-the-style-of\/"},"modified":"2025-10-23T14:07:54","modified_gmt":"2025-10-23T18:07:54","slug":"workshop-in-the-style-of","status":"publish","type":"page","link":"https:\/\/lumierenoire.art\/en\/workshop-in-the-style-of\/","title":{"rendered":"Workshops in the style of&#8230;"},"content":{"rendered":"\t\t<div data-elementor-type=\"wp-page\" data-elementor-id=\"12990\" class=\"elementor elementor-12990 elementor-12807\">\n\t\t\t\t\t\t<section class=\"elementor-section elementor-top-section elementor-element elementor-element-a102b34 elementor-section-boxed elementor-section-height-default elementor-section-height-default\" data-id=\"a102b34\" data-element_type=\"section\">\n\t\t\t\t\t\t<div class=\"elementor-container elementor-column-gap-default\">\n\t\t\t\t\t<div class=\"elementor-column elementor-col-33 elementor-top-column elementor-element elementor-element-f9a8f18\" data-id=\"f9a8f18\" data-element_type=\"column\">\n\t\t\t<div class=\"elementor-widget-wrap\">\n\t\t\t\t\t\t\t<\/div>\n\t\t<\/div>\n\t\t\t\t<div class=\"elementor-column elementor-col-33 elementor-top-column elementor-element elementor-element-adbc94c\" data-id=\"adbc94c\" data-element_type=\"column\">\n\t\t\t<div class=\"elementor-widget-wrap elementor-element-populated\">\n\t\t\t\t\t\t<div class=\"elementor-element elementor-element-b4c6c40 elementor-widget elementor-widget-heading\" data-id=\"b4c6c40\" data-element_type=\"widget\" data-widget_type=\"heading.default\">\n\t\t\t\t<div class=\"elementor-widget-container\">\n\t\t\t\t\t<h2 class=\"elementor-heading-title elementor-size-default\">FOLLOW US TO FIND OUT<br>ABOUT UPCOMING WORKSHOPS...<\/h2>\t\t\t\t<\/div>\n\t\t\t\t<\/div>\n\t\t\t\t\t<\/div>\n\t\t<\/div>\n\t\t\t\t<div class=\"elementor-column elementor-col-33 elementor-top-column elementor-element elementor-element-0e65a00\" data-id=\"0e65a00\" data-element_type=\"column\">\n\t\t\t<div class=\"elementor-widget-wrap\">\n\t\t\t\t\t\t\t<\/div>\n\t\t<\/div>\n\t\t\t\t\t<\/div>\n\t\t<\/section>\n\t\t\t\t<section class=\"elementor-section elementor-top-section elementor-element elementor-element-3460a28 elementor-section-boxed elementor-section-height-default elementor-section-height-default\" data-id=\"3460a28\" data-element_type=\"section\">\n\t\t\t\t\t\t<div class=\"elementor-container elementor-column-gap-default\">\n\t\t\t\t\t<div class=\"elementor-column elementor-col-100 elementor-top-column elementor-element elementor-element-968805b\" data-id=\"968805b\" data-element_type=\"column\">\n\t\t\t<div class=\"elementor-widget-wrap elementor-element-populated\">\n\t\t\t\t\t\t<div class=\"elementor-element elementor-element-c4868cd elementor-widget elementor-widget-spacer\" data-id=\"c4868cd\" data-element_type=\"widget\" data-widget_type=\"spacer.default\">\n\t\t\t\t<div class=\"elementor-widget-container\">\n\t\t\t\t\t\t\t<div class=\"elementor-spacer\">\n\t\t\t<div class=\"elementor-spacer-inner\"><\/div>\n\t\t<\/div>\n\t\t\t\t\t\t<\/div>\n\t\t\t\t<\/div>\n\t\t\t\t<div class=\"elementor-element elementor-element-e69a137 elementor-widget elementor-widget-text-editor\" data-id=\"e69a137\" data-element_type=\"widget\" data-widget_type=\"text-editor.default\">\n\t\t\t\t<div class=\"elementor-widget-container\">\n\t\t\t\t\t\t\t\t\t<p>The October workshops are now over. Thank you all for your participation! Follow us on Instagram to make sure you don&#8217;t miss out on any upcoming &#8220;Ateliers \u00e0 la mani\u00e8re de&#8230;&#8221;.<\/p>\t\t\t\t\t\t\t\t<\/div>\n\t\t\t\t<\/div>\n\t\t\t\t\t<\/div>\n\t\t<\/div>\n\t\t\t\t\t<\/div>\n\t\t<\/section>\n\t\t\t\t<section class=\"elementor-section elementor-top-section elementor-element elementor-element-44a886f elementor-section-boxed elementor-section-height-default elementor-section-height-default\" data-id=\"44a886f\" data-element_type=\"section\">\n\t\t\t\t\t\t<div class=\"elementor-container elementor-column-gap-default\">\n\t\t\t\t\t<div class=\"elementor-column elementor-col-100 elementor-top-column elementor-element elementor-element-855f650\" data-id=\"855f650\" data-element_type=\"column\">\n\t\t\t<div class=\"elementor-widget-wrap elementor-element-populated\">\n\t\t\t\t\t\t<div class=\"elementor-element elementor-element-7fe9022 elementor-align-center elementor-widget elementor-widget-button\" data-id=\"7fe9022\" data-element_type=\"widget\" data-widget_type=\"button.default\">\n\t\t\t\t<div class=\"elementor-widget-container\">\n\t\t\t\t\t\t\t\t\t<div class=\"elementor-button-wrapper\">\n\t\t\t\t\t<a class=\"elementor-button elementor-button-link elementor-size-sm\" href=\"https:\/\/www.instagram.com\/artist.lumierenoire\/\" target=\"_blank\" rel=\"nofollow\">\n\t\t\t\t\t\t<span class=\"elementor-button-content-wrapper\">\n\t\t\t\t\t\t\t\t\t<span class=\"elementor-button-text\">Follow Lumi\u00e8re Noire  <\/span>\n\t\t\t\t\t<\/span>\n\t\t\t\t\t<\/a>\n\t\t\t\t<\/div>\n\t\t\t\t\t\t\t\t<\/div>\n\t\t\t\t<\/div>\n\t\t\t\t\t<\/div>\n\t\t<\/div>\n\t\t\t\t\t<\/div>\n\t\t<\/section>\n\t\t\t\t<section class=\"elementor-section elementor-top-section elementor-element elementor-element-502842b elementor-section-boxed elementor-section-height-default elementor-section-height-default\" data-id=\"502842b\" data-element_type=\"section\">\n\t\t\t\t\t\t<div class=\"elementor-container elementor-column-gap-default\">\n\t\t\t\t\t<div class=\"elementor-column elementor-col-100 elementor-top-column elementor-element elementor-element-db66c1d\" data-id=\"db66c1d\" data-element_type=\"column\">\n\t\t\t<div class=\"elementor-widget-wrap elementor-element-populated\">\n\t\t\t\t\t\t<div class=\"elementor-element elementor-element-ea5f9ec elementor-widget-divider--separator-type-pattern elementor-widget-divider--view-line elementor-widget elementor-widget-divider\" data-id=\"ea5f9ec\" data-element_type=\"widget\" data-widget_type=\"divider.default\">\n\t\t\t\t<div class=\"elementor-widget-container\">\n\t\t\t\t\t\t\t<div class=\"elementor-divider\" style=\"--divider-pattern-url: url(&quot;data:image\/svg+xml,%3Csvg xmlns=&#039;http:\/\/www.w3.org\/2000\/svg&#039; preserveAspectRatio=&#039;none&#039; overflow=&#039;visible&#039; height=&#039;100%&#039; viewBox=&#039;0 0 24 24&#039; fill=&#039;none&#039; stroke=&#039;black&#039; stroke-width=&#039;1&#039; stroke-linecap=&#039;square&#039; stroke-miterlimit=&#039;10&#039;%3E%3Cpolyline points=&#039;0,18 12,6 24,18 &#039;\/%3E%3C\/svg%3E&quot;);\">\n\t\t\t<span class=\"elementor-divider-separator\">\n\t\t\t\t\t\t<\/span>\n\t\t<\/div>\n\t\t\t\t\t\t<\/div>\n\t\t\t\t<\/div>\n\t\t\t\t<div class=\"elementor-element elementor-element-0d8d087 elementor-widget elementor-widget-spacer\" data-id=\"0d8d087\" data-element_type=\"widget\" data-widget_type=\"spacer.default\">\n\t\t\t\t<div class=\"elementor-widget-container\">\n\t\t\t\t\t\t\t<div class=\"elementor-spacer\">\n\t\t\t<div class=\"elementor-spacer-inner\"><\/div>\n\t\t<\/div>\n\t\t\t\t\t\t<\/div>\n\t\t\t\t<\/div>\n\t\t\t\t\t<\/div>\n\t\t<\/div>\n\t\t\t\t\t<\/div>\n\t\t<\/section>\n\t\t\t\t<\/div>\n\t\t","protected":false},"excerpt":{"rendered":"<p>FOLLOW US TO FIND OUTABOUT UPCOMING WORKSHOPS&#8230; The October workshops are now over. Thank you all for your participation! Follow us on Instagram to make sure you don&#8217;t miss out on any upcoming &#8220;Ateliers \u00e0 la mani\u00e8re de&#8230;&#8221;. Follow Lumi\u00e8re Noire<\/p>\n","protected":false},"author":3,"featured_media":13006,"parent":0,"menu_order":0,"comment_status":"closed","ping_status":"closed","template":"","meta":{"_acf_changed":false,"footnotes":""},"class_list":["post-12990","page","type-page","status-publish","has-post-thumbnail","hentry"],"acf":[],"yoast_head":"<!-- This site is optimized with the Yoast SEO plugin v25.4 - https:\/\/yoast.com\/wordpress\/plugins\/seo\/ -->\n<title>Workshops in the style of... &#8211; Lumi\u00e8re Noire<\/title>\n<meta name=\"description\" content=\"Take part in nature-inspired art workshops with professional artists. Discover techniques, create and share in an inclusive setting.\" \/>\n<meta name=\"robots\" content=\"index, follow, max-snippet:-1, max-image-preview:large, max-video-preview:-1\" \/>\n<link rel=\"canonical\" href=\"https:\/\/lumierenoire.art\/en\/workshop-in-the-style-of\/\" \/>\n<meta property=\"og:locale\" content=\"en_US\" \/>\n<meta property=\"og:type\" content=\"article\" \/>\n<meta property=\"og:title\" content=\"Workshops in the style of... &#8211; Lumi\u00e8re Noire\" \/>\n<meta property=\"og:description\" content=\"Take part in nature-inspired art workshops with professional artists. Discover techniques, create and share in an inclusive setting.\" \/>\n<meta property=\"og:url\" content=\"https:\/\/lumierenoire.art\/en\/workshop-in-the-style-of\/\" \/>\n<meta property=\"og:site_name\" content=\"Lumi\u00e8re Noire\" \/>\n<meta property=\"article:publisher\" content=\"https:\/\/www.facebook.com\/lumierenoire.art\" \/>\n<meta property=\"article:modified_time\" content=\"2025-10-23T18:07:54+00:00\" \/>\n<meta property=\"og:image\" content=\"https:\/\/lumierenoire.art\/wp-content\/uploads\/2025\/09\/EN_ATELIERS_INSTAGRAM_SITEWEB.jpg\" \/>\n\t<meta property=\"og:image:width\" content=\"1920\" \/>\n\t<meta property=\"og:image:height\" content=\"1080\" \/>\n\t<meta property=\"og:image:type\" content=\"image\/jpeg\" \/>\n<meta name=\"twitter:card\" content=\"summary_large_image\" \/>\n<meta name=\"twitter:label1\" content=\"Est. reading time\" \/>\n\t<meta name=\"twitter:data1\" content=\"4 minutes\" \/>\n<script type=\"application\/ld+json\" class=\"yoast-schema-graph\">{\"@context\":\"https:\/\/schema.org\",\"@graph\":[{\"@type\":\"WebPage\",\"@id\":\"https:\/\/lumierenoire.art\/en\/workshop-in-the-style-of\/\",\"url\":\"https:\/\/lumierenoire.art\/en\/workshop-in-the-style-of\/\",\"name\":\"Workshops in the style of... &#8211; Lumi\u00e8re Noire\",\"isPartOf\":{\"@id\":\"https:\/\/lumierenoire.art\/en\/#website\"},\"primaryImageOfPage\":{\"@id\":\"https:\/\/lumierenoire.art\/en\/workshop-in-the-style-of\/#primaryimage\"},\"image\":{\"@id\":\"https:\/\/lumierenoire.art\/en\/workshop-in-the-style-of\/#primaryimage\"},\"thumbnailUrl\":\"https:\/\/lumierenoire.art\/wp-content\/uploads\/2025\/09\/EN_ATELIERS_INSTAGRAM_SITEWEB.jpg\",\"datePublished\":\"2025-08-16T16:46:41+00:00\",\"dateModified\":\"2025-10-23T18:07:54+00:00\",\"description\":\"Take part in nature-inspired art workshops with professional artists. Discover techniques, create and share in an inclusive setting.\",\"breadcrumb\":{\"@id\":\"https:\/\/lumierenoire.art\/en\/workshop-in-the-style-of\/#breadcrumb\"},\"inLanguage\":\"en-US\",\"potentialAction\":[{\"@type\":\"ReadAction\",\"target\":[\"https:\/\/lumierenoire.art\/en\/workshop-in-the-style-of\/\"]}]},{\"@type\":\"ImageObject\",\"inLanguage\":\"en-US\",\"@id\":\"https:\/\/lumierenoire.art\/en\/workshop-in-the-style-of\/#primaryimage\",\"url\":\"https:\/\/lumierenoire.art\/wp-content\/uploads\/2025\/09\/EN_ATELIERS_INSTAGRAM_SITEWEB.jpg\",\"contentUrl\":\"https:\/\/lumierenoire.art\/wp-content\/uploads\/2025\/09\/EN_ATELIERS_INSTAGRAM_SITEWEB.jpg\",\"width\":1920,\"height\":1080},{\"@type\":\"BreadcrumbList\",\"@id\":\"https:\/\/lumierenoire.art\/en\/workshop-in-the-style-of\/#breadcrumb\",\"itemListElement\":[{\"@type\":\"ListItem\",\"position\":1,\"name\":\"Accueil\",\"item\":\"https:\/\/lumierenoire.art\/en\/\"},{\"@type\":\"ListItem\",\"position\":2,\"name\":\"Workshops in the style of&#8230;\"}]},{\"@type\":\"WebSite\",\"@id\":\"https:\/\/lumierenoire.art\/en\/#website\",\"url\":\"https:\/\/lumierenoire.art\/en\/\",\"name\":\"Lumi\u00e8re Noire\",\"description\":\"\",\"publisher\":{\"@id\":\"https:\/\/lumierenoire.art\/en\/#\/schema\/person\/56d3556e99074dc55833ced2c59631ad\"},\"potentialAction\":[{\"@type\":\"SearchAction\",\"target\":{\"@type\":\"EntryPoint\",\"urlTemplate\":\"https:\/\/lumierenoire.art\/en\/?s={search_term_string}\"},\"query-input\":{\"@type\":\"PropertyValueSpecification\",\"valueRequired\":true,\"valueName\":\"search_term_string\"}}],\"inLanguage\":\"en-US\"},{\"@type\":[\"Person\",\"Organization\"],\"@id\":\"https:\/\/lumierenoire.art\/en\/#\/schema\/person\/56d3556e99074dc55833ced2c59631ad\",\"name\":\"Tanya Dolbec\",\"image\":{\"@type\":\"ImageObject\",\"inLanguage\":\"en-US\",\"@id\":\"https:\/\/lumierenoire.art\/en\/#\/schema\/person\/image\/\",\"url\":\"https:\/\/lumierenoire.art\/wp-content\/uploads\/2020\/01\/logo_light.png\",\"contentUrl\":\"https:\/\/lumierenoire.art\/wp-content\/uploads\/2020\/01\/logo_light.png\",\"width\":227,\"height\":60,\"caption\":\"Tanya Dolbec\"},\"logo\":{\"@id\":\"https:\/\/lumierenoire.art\/en\/#\/schema\/person\/image\/\"},\"sameAs\":[\"https:\/\/lumierenoire.art\",\"https:\/\/www.facebook.com\/lumierenoire.art\",\"https:\/\/www.instagram.com\/tanyadolbec\/\"]}]}<\/script>\n<!-- \/ Yoast SEO plugin. -->","yoast_head_json":{"title":"Workshops in the style of... &#8211; Lumi\u00e8re Noire","description":"Take part in nature-inspired art workshops with professional artists. Discover techniques, create and share in an inclusive setting.","robots":{"index":"index","follow":"follow","max-snippet":"max-snippet:-1","max-image-preview":"max-image-preview:large","max-video-preview":"max-video-preview:-1"},"canonical":"https:\/\/lumierenoire.art\/en\/workshop-in-the-style-of\/","og_locale":"en_US","og_type":"article","og_title":"Workshops in the style of... &#8211; Lumi\u00e8re Noire","og_description":"Take part in nature-inspired art workshops with professional artists. Discover techniques, create and share in an inclusive setting.","og_url":"https:\/\/lumierenoire.art\/en\/workshop-in-the-style-of\/","og_site_name":"Lumi\u00e8re Noire","article_publisher":"https:\/\/www.facebook.com\/lumierenoire.art","article_modified_time":"2025-10-23T18:07:54+00:00","og_image":[{"width":1920,"height":1080,"url":"https:\/\/lumierenoire.art\/wp-content\/uploads\/2025\/09\/EN_ATELIERS_INSTAGRAM_SITEWEB.jpg","type":"image\/jpeg"}],"twitter_card":"summary_large_image","twitter_misc":{"Est. reading time":"4 minutes"},"schema":{"@context":"https:\/\/schema.org","@graph":[{"@type":"WebPage","@id":"https:\/\/lumierenoire.art\/en\/workshop-in-the-style-of\/","url":"https:\/\/lumierenoire.art\/en\/workshop-in-the-style-of\/","name":"Workshops in the style of... &#8211; Lumi\u00e8re Noire","isPartOf":{"@id":"https:\/\/lumierenoire.art\/en\/#website"},"primaryImageOfPage":{"@id":"https:\/\/lumierenoire.art\/en\/workshop-in-the-style-of\/#primaryimage"},"image":{"@id":"https:\/\/lumierenoire.art\/en\/workshop-in-the-style-of\/#primaryimage"},"thumbnailUrl":"https:\/\/lumierenoire.art\/wp-content\/uploads\/2025\/09\/EN_ATELIERS_INSTAGRAM_SITEWEB.jpg","datePublished":"2025-08-16T16:46:41+00:00","dateModified":"2025-10-23T18:07:54+00:00","description":"Take part in nature-inspired art workshops with professional artists. Discover techniques, create and share in an inclusive setting.","breadcrumb":{"@id":"https:\/\/lumierenoire.art\/en\/workshop-in-the-style-of\/#breadcrumb"},"inLanguage":"en-US","potentialAction":[{"@type":"ReadAction","target":["https:\/\/lumierenoire.art\/en\/workshop-in-the-style-of\/"]}]},{"@type":"ImageObject","inLanguage":"en-US","@id":"https:\/\/lumierenoire.art\/en\/workshop-in-the-style-of\/#primaryimage","url":"https:\/\/lumierenoire.art\/wp-content\/uploads\/2025\/09\/EN_ATELIERS_INSTAGRAM_SITEWEB.jpg","contentUrl":"https:\/\/lumierenoire.art\/wp-content\/uploads\/2025\/09\/EN_ATELIERS_INSTAGRAM_SITEWEB.jpg","width":1920,"height":1080},{"@type":"BreadcrumbList","@id":"https:\/\/lumierenoire.art\/en\/workshop-in-the-style-of\/#breadcrumb","itemListElement":[{"@type":"ListItem","position":1,"name":"Accueil","item":"https:\/\/lumierenoire.art\/en\/"},{"@type":"ListItem","position":2,"name":"Workshops in the style of&#8230;"}]},{"@type":"WebSite","@id":"https:\/\/lumierenoire.art\/en\/#website","url":"https:\/\/lumierenoire.art\/en\/","name":"Lumi\u00e8re Noire","description":"","publisher":{"@id":"https:\/\/lumierenoire.art\/en\/#\/schema\/person\/56d3556e99074dc55833ced2c59631ad"},"potentialAction":[{"@type":"SearchAction","target":{"@type":"EntryPoint","urlTemplate":"https:\/\/lumierenoire.art\/en\/?s={search_term_string}"},"query-input":{"@type":"PropertyValueSpecification","valueRequired":true,"valueName":"search_term_string"}}],"inLanguage":"en-US"},{"@type":["Person","Organization"],"@id":"https:\/\/lumierenoire.art\/en\/#\/schema\/person\/56d3556e99074dc55833ced2c59631ad","name":"Tanya Dolbec","image":{"@type":"ImageObject","inLanguage":"en-US","@id":"https:\/\/lumierenoire.art\/en\/#\/schema\/person\/image\/","url":"https:\/\/lumierenoire.art\/wp-content\/uploads\/2020\/01\/logo_light.png","contentUrl":"https:\/\/lumierenoire.art\/wp-content\/uploads\/2020\/01\/logo_light.png","width":227,"height":60,"caption":"Tanya Dolbec"},"logo":{"@id":"https:\/\/lumierenoire.art\/en\/#\/schema\/person\/image\/"},"sameAs":["https:\/\/lumierenoire.art","https:\/\/www.facebook.com\/lumierenoire.art","https:\/\/www.instagram.com\/tanyadolbec\/"]}]}},"_links":{"self":[{"href":"https:\/\/lumierenoire.art\/en\/wp-json\/wp\/v2\/pages\/12990","targetHints":{"allow":["GET"]}}],"collection":[{"href":"https:\/\/lumierenoire.art\/en\/wp-json\/wp\/v2\/pages"}],"about":[{"href":"https:\/\/lumierenoire.art\/en\/wp-json\/wp\/v2\/types\/page"}],"author":[{"embeddable":true,"href":"https:\/\/lumierenoire.art\/en\/wp-json\/wp\/v2\/users\/3"}],"replies":[{"embeddable":true,"href":"https:\/\/lumierenoire.art\/en\/wp-json\/wp\/v2\/comments?post=12990"}],"version-history":[{"count":7,"href":"https:\/\/lumierenoire.art\/en\/wp-json\/wp\/v2\/pages\/12990\/revisions"}],"predecessor-version":[{"id":13060,"href":"https:\/\/lumierenoire.art\/en\/wp-json\/wp\/v2\/pages\/12990\/revisions\/13060"}],"wp:featuredmedia":[{"embeddable":true,"href":"https:\/\/lumierenoire.art\/en\/wp-json\/wp\/v2\/media\/13006"}],"wp:attachment":[{"href":"https:\/\/lumierenoire.art\/en\/wp-json\/wp\/v2\/media?parent=12990"}],"curies":[{"name":"wp","href":"https:\/\/api.w.org\/{rel}","templated":true}]}}